{"id":49,"date":"2015-02-25T14:18:53","date_gmt":"2015-02-25T17:18:53","guid":{"rendered":"https:\/\/wp.ufpel.edu.br\/ga\/?page_id=49"},"modified":"2025-07-31T13:56:43","modified_gmt":"2025-07-31T16:56:43","slug":"corpo-docente-3","status":"publish","type":"page","link":"https:\/\/wp.ufpel.edu.br\/ga\/corpo-docente-3\/","title":{"rendered":"Corpo docente"},"content":{"rendered":"<p><strong>Alexandre Henrique dos Reis:<\/strong><\/p>\n<p style=\"text-align: justify;\">Possui gradua\u00e7\u00e3o e mestrado em Filosofia pela Universidade Federal de Minas Gerais e doutorado em Educa\u00e7\u00e3o em Ci\u00eancias pela Universidade Federal do Rio Grande do Sul. Atualmente desenvolve uma segunda pesquisa de doutorado em Filosofia pela UFRGS. \u00c9 coordenador adjunto do Curso Tecn\u00f3logo em Gest\u00e3o Ambiental na Universidade Federal de Pelotas e professor adjunto da Bacharelado em Gest\u00e3o Ambiental da Universidade Federal de Pelotas. \u00c9 coordenador do LYSIS &#8211; N\u00facleo de Pesquisas e Estudos sobre Suic\u00eddio e Modos de Vida. Tem experi\u00eancia na \u00e1rea de Filosofia, com \u00eanfase em \u00c9tica, atuando principalmente nos seguintes temas: \u00e9tica, pol\u00edtica, direito ambiental e bio\u00e9tica. <strong>E-mail:<\/strong> alexandre.reis@ufpel.edu.br<\/p>\n<hr \/>\n<p style=\"text-align: justify;\"><strong>Celso Elias Corradi<\/strong>:<br \/>\nDoutor pelo Programa de p\u00f3s Gradua\u00e7\u00e3o em Manejo e Conserva\u00e7\u00e3o do Solo e da \u00c1gua de Universidade Federal de Pelotas UFPEL (2024). Mestre em Oceonagrafia Biol\u00f3gica pela Universidade Federal de Rio Grande FURG (2002), Gradua\u00e7\u00e3o em Ci\u00eancias Licenciatura Plena Habilita\u00e7\u00e3o Biologia pela Universidade Federal do Rio Grande FURG (1984) . Atualmente \u00e9 professor da Universidade Federal de Pelotas-UFPEL, ministrando disciplinas na \u00e1rea ambiental. Tem experi\u00eancia na \u00e1rea de Ecologia, com \u00eanfase em Gerenciamento Ambiental. Possui ampla viv\u00eancia como Gestor Ambiental na \u00e1rea portu\u00e1ria, atuando ativamente com profissionais dos \u00f3rg\u00e3os ambientais federais, estaduais e municipais.<\/p>\n<hr \/>\n<p style=\"text-align: justify;\"><strong>Claure Morrone Parfitt<\/strong>:<br \/>\nPossui gradua\u00e7\u00e3o no Curso de Arquitetura pela Universidade Federal de Pelotas (1983) e mestrado; e doutorado em Planejamento Urbano e Regional pela Universidade Federal do Rio Grande do Sul (2002) e (2010). Tem experi\u00eancia na \u00e1rea de , Planejamento Urbano e Regional e Arquitetura com \u00eanfase em Ci\u00eancias Sociais Aplicadas, atuando principalmente nos seguintes temas:Planejamento e meio ambiente urbano,Teoria do urbano, Projeto de urbanismo, Projeto arquitet\u00f4nico.<strong> E-mail:<\/strong> claurem.parfitt@gmail.com<\/p>\n<hr \/>\n<p style=\"text-align: justify;\"><strong>Eduarda Medran Rangel<\/strong>:<\/p>\n<p style=\"text-align: justify;\">Possui gradua\u00e7\u00e3o em Gest\u00e3o Ambiental pelo Instituto Federal Sul-Rio-Grandense (2013), gradua\u00e7\u00e3o em Saneamento Ambiental pelo Instituto Federal Sul-Rio-Grandense (2015), gradua\u00e7\u00e3o em Programa Especial de Forma\u00e7\u00e3o Pedag\u00f3gica de Docentes &#8211; Qu\u00edmica pela Universidade de Franca (2019), gradua\u00e7\u00e3o em Engenharia Ambiental pela Universidade Cruzeiro do Sul (2023), gradua\u00e7\u00e3o em Licenciatura em Matem\u00e1tica &#8211; FAVENI (2022), especializa\u00e7\u00e3o em Qu\u00edmica Ambiental, Educa\u00e7\u00e3o Ambiental Urbana e Atendimento Educacional Especializado, mestrado em Ci\u00eancia e Engenharia de Materiais pela Universidade Federal de Pelotas (2016) e doutorado em Ci\u00eancia e Engenharia de Materiais pela Universidade Federal de Pelotas (2020). Atua como docente no curso de Gest\u00e3o Ambiental e no PPG em Ci\u00eancias Ambientais da Universidade Federal de Pelotas. Tem experi\u00eancia na \u00e1rea de Ci\u00eancias Ambientais, com \u00eanfase nos seguintes temas: meio ambiente, fotocat\u00e1lise, ferramentas de gest\u00e3o ambiental, mudan\u00e7as clim\u00e1ticas, solu\u00e7\u00f5es baseadas na natureza (SbN), educa\u00e7\u00e3o ambiental, c\u00e1lculos hidrogr\u00e1ficos, gest\u00e3o e gerenciamento de res\u00edduos, materiais sustent\u00e1veis, monitoramento ambiental e materiais pedag\u00f3gicos.<\/p>\n<hr \/>\n<p style=\"text-align: justify;\"><strong>Fernanda Medeiros Gon\u00e7alves<\/strong>:<br \/>\nBolsista de Inicia\u00e7\u00e3o Cient\u00edfica pelo CNPq durante a gradua\u00e7\u00e3o em Medicina Veterin\u00e1ria, sob orienta\u00e7\u00e3o do Prof PhD Fernando Rutz e co-orienta\u00e7\u00e3o do Prof DSc.Marcos Antonio Anciuti. Neste sentido, desenvolveu e participou de atividades relacionadas \u00e0 pesquisa cient\u00edfica na \u00e1rea de Nutri\u00e7\u00e3o e Alimenta\u00e7\u00e3o Animal pelo Departamento de Zootecnia da Faculdade de Agronomia Eliseu Maciel (UFPel). Realizou est\u00e1gio curricular obrigat\u00f3rio na empresa Perdig\u00e3o Agroindustrial S\/A por um per\u00edodo de seis meses. Graduou-se em Medicina Veterin\u00e1ria, pela Universidade Federal de Pelotas em agosto de 2006,foi bolsista de p\u00f3s-gradua\u00e7\u00e3o do CNPq pelo Programa de P\u00f3s-Gradua\u00e7\u00e3o em Zootecnia (PPGZ) da Universidade Federal de Pelotas, sob orienta\u00e7\u00e3o do Dr. Jerri Teixeira Zanusso e co-orienta\u00e7\u00e3o dos doutores Marcos Antonio Anciuti, Fernando Rutz e Francisco B. Del Pino, obtendo o t\u00edtulo de Mestre em Ci\u00eancias em mar\u00e7o de 2009. Participou do Programa Institucional de Doutorado Sandu\u00edche no Exterior (PDSE\/CAPES) na North Carolina State University (NCSU), sob orienta\u00e7\u00e3o do Prof. PhD Peter Ferket, em pesquisas na \u00e1rea de Nutri\u00e7\u00e3o in ovo. Desenvolveu projeto de doutorado em nutrientes na reprodu\u00e7\u00e3o de galos pesados, sob orienta\u00e7\u00e3o do Prof. Fernando Rutz e co-orienta\u00e7\u00e3o dos Professores Marcos Anciuti e Odir Dellagostin. Doutora em Produ\u00e7\u00e3o Animal pela UFPel, atualmente \u00e9 Professora Assistente no Curso Superior de Tecnologia em Gest\u00e3o Ambiental da Universidade Federal de Pelotas e coordenadora do N\u00facleo GAPA (N\u00facleo de Gest\u00e3o Ambiental na Produ\u00e7\u00e3o Animal). <strong>E-mail:<\/strong> fmgvet@gmail.com<\/p>\n<hr \/>\n<p style=\"text-align: justify;\"><strong>Giovanni Nachtigall Maur\u00edcio<\/strong>:<br \/>\nPossui gradua\u00e7\u00e3o em Licenciatura Plena Em Ci\u00eancias Biol\u00f3gicas pela Universidade Cat\u00f3lica de Pelotas (1997) , mestrado em Bioci\u00eancias (Zoologia) pela Pontif\u00edcia Universidade Cat\u00f3lica do Rio Grande do Sul (2003) , doutorado em Bioci\u00eancias (Zoologia) pela Pontif\u00edcia Universidade Cat\u00f3lica do Rio Grande do Sul (2010) e p\u00f3s-doutorado pela Universidade Federal do Rio Grande (2013) . Atualmente \u00e9 Revisor de peri\u00f3dico da Ararajuba (Rio de Janeiro), Revisor de peri\u00f3dico da Check List (S\u00e3o Paulo. Online), Revisor de peri\u00f3dico da Pan-American Journal of Aquatic Sciences, Revisor de peri\u00f3dico da Ornitolog\u00eda Neotropical, Revisor de peri\u00f3dico da Ornithologia (CEMAVE\/IBAMA. Impresso), Revisor de peri\u00f3dico da Biotemas (UFSC), Revisor de peri\u00f3dico da Cotinga (Sandy), Revisor de peri\u00f3dico da Iheringia. S\u00e9rie Zoologia (Impresso), Revisor de peri\u00f3dico da The Condor (Los Angeles, Calif.), Revisor de peri\u00f3dico da The Wilson Journal of Ornithology, Associado da Sociedade Brasileira de Ornitologia, Integrante do N\u00facleo de Taxonomia da Comit\u00ea Brasileiro de Registros Ornitol\u00f3gicos, Integrante do Plano de A\u00e7\u00e3o do Minist\u00e9rio do Meio Ambiente e da Amazonia Legal, Professor Adjunto da Universidade Federal de Pelotas, Revisor de peri\u00f3dico da Zootaxa (Auckland. Print), Revisor de peri\u00f3dico da Pap\u00e9is Avulsos de Zoologia (USP.Museu de Zoologia. Impresso), Revisor de peri\u00f3dico da Nuestras Aves, Revisor de peri\u00f3dico da Brazilian Journal of Biology (Online), Revisor de peri\u00f3dico da Revista Brasileira de Bioci\u00eancias (Online) e Revisor de peri\u00f3dico da Anais da Academia Brasileira de Ci\u00eancias (Impresso). Tem experi\u00eancia na \u00e1rea de Zoologia , com \u00eanfase em Taxonomia. Atuando principalmente nos seguintes temas: An\u00e1lise filogen\u00e9tica, Rhinocryptidae, Morfologia. <strong>E-mail:<\/strong> gnachtigallmauricio@yahoo.com.br<\/p>\n<hr \/>\n<p style=\"text-align: justify;\"><strong>Jo\u00e3o Carlos de Oliveira Koglin<\/strong>:<br \/>\nDoutor em Pol\u00edtica Social e Direitos Humanos pela Universidade Cat\u00f3lica de Pelotas (2018). Mestre em Pol\u00edtica Social pela Universidade Cat\u00f3lica de Pelotas (2011). Especialista em Gest\u00e3o e Lideran\u00e7a Universit\u00e1ria &#8211; turma IGLU Brasil &#8211; pela Universidade de Caxias do Sul em parceria com a Organiza\u00e7\u00e3o Universit\u00e1ria Interamericana (2011). Graduado em An\u00e1lise de sistemas (2003), com Especializa\u00e7\u00e3o em MBA &#8211; Gest\u00e3o Empresarial pela Universidade Cat\u00f3lica de Pelotas (2008) . Professor Adjunto II da Universidade Federal de Pelotas, atuando nos Cursos de Gest\u00e3o Ambiental &#8211; Bacharelado e Tecn\u00f3logo. Com experi\u00eancia na \u00e1rea de Administra\u00e7\u00e3o, com \u00eanfase em Administra\u00e7\u00e3o P\u00fablica. Tem investiga\u00e7\u00f5es na \u00e1rea de Pol\u00edticas P\u00fablicas, com \u00eanfase em an\u00e1lise e avalia\u00e7\u00e3o de pol\u00edticas ambientais. Desenvolve atividades relacionadas \u00e0 pesquisa cient\u00edfica na \u00e1rea de Pol\u00edtica Ambiental &#8211; Brasileira e Internacional. \u00c9 coordenador do grupo de pesquisa Gest\u00e3o e Pol\u00edtica Ambiental.<strong> E-mail:<\/strong> joaokoglin@yahoo.com.br<\/p>\n<hr \/>\n<p style=\"text-align: justify;\"><strong>Maur\u00edcio Pinto da Silva<\/strong>:<\/p>\n<p style=\"text-align: justify;\">Bacharel em Administra\u00e7\u00e3o pela Universidade Federal de Pelotas (2003), mestrado em Pol\u00edtica Social pela Universidade Cat\u00f3lica de Pelotas (2009) e doutorado em Desenvolvimento Regional pela Universidade de Santa Cruz do Sul (2016). Estudos de pos-doutoramento em sa\u00fade p\u00fablica e meio ambiente pela Escola Nacional de Sa\u00fade P\u00fablica\/Funda\u00e7\u00e3o Oswaldo Cruz. Atualmente \u00e9 colaborador do tema Objetivos de Desenvolvimento Sustent\u00e1vel &#8211; PNUD\/ONU, volunt\u00e1rio do Conselho Regional de Desenvolvimento da Regi\u00e3o Sul, volunt\u00e1rio da Rede Internacional de Pesquisa em Desenvolvimento Resiliente ao Clima. Tem experi\u00eancia na \u00e1rea de Administra\u00e7\u00e3o, com \u00eanfase em Administra\u00e7\u00e3o, atuando principalmente nos seguintes temas: sa\u00fade, meio ambiente, coopera\u00e7\u00e3o e integra\u00e7\u00e3o fronteiri\u00e7a; gest\u00e3o e governan\u00e7a ambiental, objetivos desenvolvimento sustent\u00e1vel, saneamento ambiental.<\/p>\n<hr \/>\n<p><strong>N\u00e1dia Campos Pereira Bruhn<\/strong><\/p>\n<p style=\"text-align: justify;\">Possui gradua\u00e7\u00e3o em Administra\u00e7\u00e3o pela Universidade Federal de Lavras (2006) e doutorado em Administra\u00e7\u00e3o pela Universidade Federal de Lavras (2016). Atualmente \u00e9 docente no Curso de Gest\u00e3o Ambiental da Universidade Federal de Pelotas, vinculado ao Centro de Integra\u00e7\u00e3o do Mercosul (CIM). \u00c9 docente do Programa de P\u00f3s-Gradua\u00e7\u00e3o em Desenvolvimento Territorial e Sistemas Agroindustriais da Universidade Federal de Pelotas. \u00c9 Colaboradora no Programa de P\u00f3s-Gradua\u00e7\u00e3o em Organiza\u00e7\u00f5es e Mercados da Universidade Federal de Pelotas. Tem experi\u00eancia na \u00e1rea de Gest\u00e3o Ambiental, Pol\u00edticas P\u00fablicas, Economia Ecol\u00f3gica e Neg\u00f3cios Internacionais. <strong>E-mail:<\/strong> nadiacbruhn@gmail.com<\/p>\n<hr \/>\n<p style=\"text-align: justify;\"><strong>Rosaura Esp\u00edrito Santo da Silva<\/strong>:<\/p>\n<p style=\"text-align: justify;\">Possui gradua\u00e7\u00e3o em Servi\u00e7o Social pela Universidade Cat\u00f3lica de Pelotas (1989), gradua\u00e7\u00e3o em An\u00e1lise de Sistemas pela Universidade Cat\u00f3lica de Pelotas (1997), Especialista em Sistemas de Informa\u00e7\u00e3o pela Universidade de Santa Cruz do Sul em 2000, Licenciatura em Computa\u00e7\u00e3o pela Universidade de Santa Cruz do Sul (2003), mestrado em Ci\u00eancia da Computa\u00e7\u00e3o pela Universidade Cat\u00f3lica de Pelotas (2008) e Doutorado em Politica Social e Direitos Humanos pela Universidade Cat\u00f3lica de Pelotas &#8211; UCPel (2018). Atualmente \u00e9 professora adjunta na Universidade Federal de Pelotas. Tem experi\u00eancia na \u00e1rea de Ci\u00eancia da Computa\u00e7\u00e3o, com \u00eanfase em Ci\u00eancia da Computa\u00e7\u00e3o, atuando principalmente nos seguintes temas: gest\u00e3o ambiental, sistema de informa\u00e7\u00e3o, fundamentos de inform\u00e1tica.<\/p>\n<p>&nbsp;<\/p>\n","protected":false},"excerpt":{"rendered":"<p>Alexandre Henrique dos Reis: Possui gradua\u00e7\u00e3o e mestrado em Filosofia pela Universidade Federal de Minas Gerais e doutorado em Educa\u00e7\u00e3o em Ci\u00eancias pela Universidade Federal do Rio Grande do Sul. Atualmente desenvolve uma segunda pesquisa de doutorado em Filosofia pela UFRGS. \u00c9 coordenador adjunto do Curso Tecn\u00f3logo em Gest\u00e3o Ambiental na Universidade Federal de Pelotas [&hellip;]<\/p>\n","protected":false},"author":473,"featured_media":0,"parent":0,"menu_order":0,"comment_status":"closed","ping_status":"closed","template":"","meta":{"footnotes":""},"class_list":["post-49","page","type-page","status-publish","hentry"],"_links":{"self":[{"href":"https:\/\/wp.ufpel.edu.br\/ga\/wp-json\/wp\/v2\/pages\/49","targetHints":{"allow":["GET"]}}],"collection":[{"href":"https:\/\/wp.ufpel.edu.br\/ga\/wp-json\/wp\/v2\/pages"}],"about":[{"href":"https:\/\/wp.ufpel.edu.br\/ga\/wp-json\/wp\/v2\/types\/page"}],"author":[{"embeddable":true,"href":"https:\/\/wp.ufpel.edu.br\/ga\/wp-json\/wp\/v2\/users\/473"}],"replies":[{"embeddable":true,"href":"https:\/\/wp.ufpel.edu.br\/ga\/wp-json\/wp\/v2\/comments?post=49"}],"version-history":[{"count":14,"href":"https:\/\/wp.ufpel.edu.br\/ga\/wp-json\/wp\/v2\/pages\/49\/revisions"}],"predecessor-version":[{"id":3925,"href":"https:\/\/wp.ufpel.edu.br\/ga\/wp-json\/wp\/v2\/pages\/49\/revisions\/3925"}],"wp:attachment":[{"href":"https:\/\/wp.ufpel.edu.br\/ga\/wp-json\/wp\/v2\/media?parent=49"}],"curies":[{"name":"wp","href":"https:\/\/api.w.org\/{rel}","templated":true}]}}