{"id":3609,"date":"2023-08-10T16:42:26","date_gmt":"2023-08-10T19:42:26","guid":{"rendered":"https:\/\/wp.ufpel.edu.br\/ga\/?page_id=3609"},"modified":"2023-09-25T20:40:22","modified_gmt":"2023-09-25T23:40:22","slug":"aproveitamento-de-estudos","status":"publish","type":"page","link":"https:\/\/wp.ufpel.edu.br\/ga\/aproveitamento-de-estudos\/","title":{"rendered":"Aproveitamento de estudos"},"content":{"rendered":"<article id=\"single_post_inside\" class=\"single_post_inside\">\n<p class=\"has-16-undefined-undefined-font-size\"><strong>Defini\u00e7\u00e3o<\/strong><br \/>\nDiscente que cursou com aprova\u00e7\u00e3o componente curricular de curso de gradua\u00e7\u00e3o ou p\u00f3s-gradua\u00e7\u00e3o poder\u00e1 solicitar aproveitamento de estudos, dentro dos prazos previstos no calend\u00e1rio acad\u00eamico.<br \/>\nPara obter o aproveitamento, a atividade curricular cursada dever\u00e1 contemplar, no m\u00ednimo, 75% da carga hor\u00e1ria e do conte\u00fado da atividade curricular pretendida, sendo facultada ao professor respons\u00e1vel pelo componente curricular a realiza\u00e7\u00e3o de avalia\u00e7\u00e3o especial para eventual complementa\u00e7\u00e3o.<br \/>\n<strong><br \/>\nComo Solicitar<\/strong><br \/>\nPara solicitar o aproveitamento de estudos o discente dever\u00e1 acessar o menu do Cobalto: Aluno &gt; Cadastro &gt; Solicita\u00e7\u00e3o de aproveitamentos, clicar em \u201cNovo\u201d e selecionar a disciplina que deseja solicitar o aproveitamento.<br \/>\n\u00c9 preciso fazer uma solicita\u00e7\u00e3o para cada aproveitamento pretendido.<br \/>\na)\u00a0<strong>para disciplinas cursadas na UFPEL<\/strong>\u00a0dever\u00e1 indicar a(s) disciplina(s) relacionadas pelo sistema quer usar para a solicita\u00e7\u00e3o de aproveitamento e clicar em \u201cSalvar\u201d.<br \/>\nb)\u00a0<strong>para disciplinas cursadas em outra institui\u00e7\u00e3o<\/strong>\u00a0dever\u00e1 selecionar a institui\u00e7\u00e3o, anexar o seu hist\u00f3rico escolar, indicar o nome das disciplinas que deseja utilizar para o aproveitamento, anexar o conte\u00fado program\u00e1tico (ou plano de ensino) da disciplina cursada e clicar em \u201cSalvar\u201d.<\/p>\n<p class=\"has-16-undefined-undefined-font-size\"><strong>Fluxograma<\/strong><\/p>\n<figure class=\"wp-block-table is-style-stripes\">\n<table>\n<tbody>\n<tr>\n<td>Respons\u00e1vel<\/td>\n<td>Procedimento<\/td>\n<\/tr>\n<tr>\n<td>Discente<\/td>\n<td>\u2013 Solicitar aproveitamento via Cobalto;<br \/>\n\u2013 Anexar hist\u00f3rico e conte\u00fados programaticos (para disciplinas cursadas em outra institui\u00e7\u00e3o)<br \/>\n\u2013 Acompanhar resultados.<br \/>\nMenu: Aluno -&gt; cadastro -&gt; Solicita\u00e7\u00e3o de aproveitamentos de estudos<\/td>\n<\/tr>\n<tr>\n<td>Docente<\/td>\n<td>\u2013 Avaliar a solicita\u00e7\u00e3o;<br \/>\n\u2013 Emitir parecer;<br \/>\nMenu: Professor -&gt; Processos -&gt; Aproveitamento de estudos \u2013 Parecer<\/td>\n<\/tr>\n<tr>\n<td>Colegiado<\/td>\n<td>\u2013 Homologar parecer.<br \/>\nMenu: Gest\u00e3o acad\u00eamica -&gt; Processos-&gt; Homologar aproveitamento de estudos<\/td>\n<\/tr>\n<\/tbody>\n<\/table>\n<p>&nbsp;<\/figure>\n<\/article>\n<p>https:\/\/wp.ufpel.edu.br\/cra\/informacoes-academicas\/aproveitamento-de-disciplina\/<\/p>\n","protected":false},"excerpt":{"rendered":"<p>Defini\u00e7\u00e3o Discente que cursou com aprova\u00e7\u00e3o componente curricular de curso de gradua\u00e7\u00e3o ou p\u00f3s-gradua\u00e7\u00e3o poder\u00e1 solicitar aproveitamento de estudos, dentro dos prazos previstos no calend\u00e1rio acad\u00eamico. Para obter o aproveitamento, a atividade curricular cursada dever\u00e1 contemplar, no m\u00ednimo, 75% da carga hor\u00e1ria e do conte\u00fado da atividade curricular pretendida, sendo facultada ao professor respons\u00e1vel pelo [&hellip;]<\/p>\n","protected":false},"author":473,"featured_media":0,"parent":0,"menu_order":0,"comment_status":"closed","ping_status":"closed","template":"","meta":{"footnotes":""},"class_list":["post-3609","page","type-page","status-publish","hentry"],"_links":{"self":[{"href":"https:\/\/wp.ufpel.edu.br\/ga\/wp-json\/wp\/v2\/pages\/3609","targetHints":{"allow":["GET"]}}],"collection":[{"href":"https:\/\/wp.ufpel.edu.br\/ga\/wp-json\/wp\/v2\/pages"}],"about":[{"href":"https:\/\/wp.ufpel.edu.br\/ga\/wp-json\/wp\/v2\/types\/page"}],"author":[{"embeddable":true,"href":"https:\/\/wp.ufpel.edu.br\/ga\/wp-json\/wp\/v2\/users\/473"}],"replies":[{"embeddable":true,"href":"https:\/\/wp.ufpel.edu.br\/ga\/wp-json\/wp\/v2\/comments?post=3609"}],"version-history":[{"count":9,"href":"https:\/\/wp.ufpel.edu.br\/ga\/wp-json\/wp\/v2\/pages\/3609\/revisions"}],"predecessor-version":[{"id":3644,"href":"https:\/\/wp.ufpel.edu.br\/ga\/wp-json\/wp\/v2\/pages\/3609\/revisions\/3644"}],"wp:attachment":[{"href":"https:\/\/wp.ufpel.edu.br\/ga\/wp-json\/wp\/v2\/media?parent=3609"}],"curies":[{"name":"wp","href":"https:\/\/api.w.org\/{rel}","templated":true}]}}