{"id":3590,"date":"2023-08-04T17:03:30","date_gmt":"2023-08-04T20:03:30","guid":{"rendered":"https:\/\/wp.ufpel.edu.br\/ga\/?page_id=3590"},"modified":"2023-08-04T17:09:51","modified_gmt":"2023-08-04T20:09:51","slug":"guia-doa-alunoa","status":"publish","type":"page","link":"https:\/\/wp.ufpel.edu.br\/ga\/guia-doa-alunoa\/","title":{"rendered":"Guia do(a) aluno(a)"},"content":{"rendered":"<p>Guia para aux\u00edlio nas principais quest\u00f5es acad\u00eamicas (arquivo em PDF):<\/p>\n<p>&nbsp;<\/p>\n<p><a href=\"https:\/\/wp.ufpel.edu.br\/ga\/files\/2023\/08\/Guia-do-aluno_Gestao-Ambiental.pdf\">Guia do aluno_Gest\u00e3o Ambiental<\/a><\/p>\n","protected":false},"excerpt":{"rendered":"<p>Guia para aux\u00edlio nas principais quest\u00f5es acad\u00eamicas (arquivo em PDF): &nbsp; Guia do aluno_Gest\u00e3o Ambiental<\/p>\n","protected":false},"author":473,"featured_media":0,"parent":0,"menu_order":0,"comment_status":"closed","ping_status":"closed","template":"","meta":{"footnotes":""},"class_list":["post-3590","page","type-page","status-publish","hentry"],"_links":{"self":[{"href":"https:\/\/wp.ufpel.edu.br\/ga\/wp-json\/wp\/v2\/pages\/3590","targetHints":{"allow":["GET"]}}],"collection":[{"href":"https:\/\/wp.ufpel.edu.br\/ga\/wp-json\/wp\/v2\/pages"}],"about":[{"href":"https:\/\/wp.ufpel.edu.br\/ga\/wp-json\/wp\/v2\/types\/page"}],"author":[{"embeddable":true,"href":"https:\/\/wp.ufpel.edu.br\/ga\/wp-json\/wp\/v2\/users\/473"}],"replies":[{"embeddable":true,"href":"https:\/\/wp.ufpel.edu.br\/ga\/wp-json\/wp\/v2\/comments?post=3590"}],"version-history":[{"count":4,"href":"https:\/\/wp.ufpel.edu.br\/ga\/wp-json\/wp\/v2\/pages\/3590\/revisions"}],"predecessor-version":[{"id":3599,"href":"https:\/\/wp.ufpel.edu.br\/ga\/wp-json\/wp\/v2\/pages\/3590\/revisions\/3599"}],"wp:attachment":[{"href":"https:\/\/wp.ufpel.edu.br\/ga\/wp-json\/wp\/v2\/media?parent=3590"}],"curies":[{"name":"wp","href":"https:\/\/api.w.org\/{rel}","templated":true}]}}