{"id":3568,"date":"2023-08-03T15:09:29","date_gmt":"2023-08-03T18:09:29","guid":{"rendered":"https:\/\/wp.ufpel.edu.br\/ga\/?page_id=3568"},"modified":"2023-08-03T16:53:43","modified_gmt":"2023-08-03T19:53:43","slug":"trancamento-de-componentes-curriculares-disciplinas","status":"publish","type":"page","link":"https:\/\/wp.ufpel.edu.br\/ga\/sou-alunoa\/trancamento-de-componentes-curriculares-disciplinas\/","title":{"rendered":"Trancamento de componentes curriculares (disciplinas)"},"content":{"rendered":"<div class=\"wp-block-kadence-accordion alignnone\">\n<div class=\"kt-accordion-wrap kt-accordion-id_47c769-40 kt-accordion-has-4-panes kt-active-pane-0 kt-accordion-block kt-pane-header-alignment-left kt-accodion-icon-style-arrow kt-accodion-icon-side-right\">\n<div class=\"kt-accordion-inner-wrap kt-accordion-initialized\" data-allow-multiple-open=\"true\" data-start-open=\"none\">\n<div class=\"wp-block-kadence-pane kt-accordion-pane kt-accordion-pane-1 kt-pane_f5d06c-64\">\n<div class=\"kt-accordion-header-wrap\"><button id=\"kt-accordion-header-471373\" class=\"kt-blocks-accordion-header kt-acccordion-button-label-show kt-accordion-panel-active\" aria-controls=\"kt-accordion-panel-471373\" data-kt-accordion-header-id=\"0\" aria-expanded=\"true\"><span class=\"kt-blocks-accordion-title-wrap\"><span class=\"kt-blocks-accordion-title\"><strong>Trancamento de matr\u00edcula em componentes curriculares\u00a0<\/strong><\/span><\/span><\/button><\/div>\n<div id=\"kt-accordion-panel-471373\" class=\"kt-accordion-panel kt-accordion-panel-active\" role=\"region\" aria-labelledby=\"kt-accordion-header-471373\" data-panel-height=\"249px\">\n<div class=\"kt-accordion-panel-inner\">\n<p class=\"has-16-undefined-undefined-font-size\">O discente poder\u00e1 realizar o trancamento de matr\u00edcula em componentes curriculares pelo COBALTO, no prazo estabelecido no calend\u00e1rio acad\u00eamico, obedecendo ao limite m\u00ednimo\u00a0de\u00a0cr\u00e9ditos obrigat\u00f3rios para matr\u00edcula.<\/p>\n<p class=\"has-16-undefined-undefined-font-size\"><strong>Como Solicitar<\/strong><br \/>\nO discente dever\u00e1 fazer\u00a0<i>login<\/i>\u00a0no sistema acad\u00eamico, acessar o menu \u201cAluno\/Cadastro\/Trancamento de disciplina\u201d, marcar as disciplinas que deseja trancar e clicar em \u201c+Trancar disciplina(s)\u201d.<\/p>\n<\/div>\n<\/div>\n<\/div>\n<blockquote class=\"wp-embedded-content\" data-secret=\"fEyWyaO9JN\"><p><a href=\"https:\/\/wp.ufpel.edu.br\/cra\/informacoes-academicas\/trancamentos\/\">Trancamento de matr\u00edcula<\/a><\/p><\/blockquote>\n<p><iframe class=\"wp-embedded-content\" sandbox=\"allow-scripts\" security=\"restricted\" style=\"position: absolute; clip: rect(1px, 1px, 1px, 1px);\" title=\"&#8220;Trancamento de matr\u00edcula&#8221; &#8212; Coordena\u00e7\u00e3o de Registros Acad\u00eamicos\" src=\"https:\/\/wp.ufpel.edu.br\/cra\/informacoes-academicas\/trancamentos\/embed\/#?secret=tkhR0SopLn#?secret=fEyWyaO9JN\" data-secret=\"fEyWyaO9JN\" width=\"500\" height=\"282\" frameborder=\"0\" marginwidth=\"0\" marginheight=\"0\" scrolling=\"no\"><\/iframe><\/p>\n<\/div>\n<\/div>\n<\/div>\n","protected":false},"excerpt":{"rendered":"<p>Trancamento de matr\u00edcula em componentes curriculares\u00a0 O discente poder\u00e1 realizar o trancamento de matr\u00edcula em componentes curriculares pelo COBALTO, no prazo estabelecido no calend\u00e1rio acad\u00eamico, obedecendo ao limite m\u00ednimo\u00a0de\u00a0cr\u00e9ditos obrigat\u00f3rios para matr\u00edcula. Como Solicitar O discente dever\u00e1 fazer\u00a0login\u00a0no sistema acad\u00eamico, acessar o menu \u201cAluno\/Cadastro\/Trancamento de disciplina\u201d, marcar as disciplinas que deseja trancar e clicar em [&hellip;]<\/p>\n","protected":false},"author":473,"featured_media":0,"parent":3235,"menu_order":0,"comment_status":"closed","ping_status":"closed","template":"","meta":{"footnotes":""},"class_list":["post-3568","page","type-page","status-publish","hentry"],"_links":{"self":[{"href":"https:\/\/wp.ufpel.edu.br\/ga\/wp-json\/wp\/v2\/pages\/3568","targetHints":{"allow":["GET"]}}],"collection":[{"href":"https:\/\/wp.ufpel.edu.br\/ga\/wp-json\/wp\/v2\/pages"}],"about":[{"href":"https:\/\/wp.ufpel.edu.br\/ga\/wp-json\/wp\/v2\/types\/page"}],"author":[{"embeddable":true,"href":"https:\/\/wp.ufpel.edu.br\/ga\/wp-json\/wp\/v2\/users\/473"}],"replies":[{"embeddable":true,"href":"https:\/\/wp.ufpel.edu.br\/ga\/wp-json\/wp\/v2\/comments?post=3568"}],"version-history":[{"count":3,"href":"https:\/\/wp.ufpel.edu.br\/ga\/wp-json\/wp\/v2\/pages\/3568\/revisions"}],"predecessor-version":[{"id":3575,"href":"https:\/\/wp.ufpel.edu.br\/ga\/wp-json\/wp\/v2\/pages\/3568\/revisions\/3575"}],"up":[{"embeddable":true,"href":"https:\/\/wp.ufpel.edu.br\/ga\/wp-json\/wp\/v2\/pages\/3235"}],"wp:attachment":[{"href":"https:\/\/wp.ufpel.edu.br\/ga\/wp-json\/wp\/v2\/media?parent=3568"}],"curies":[{"name":"wp","href":"https:\/\/api.w.org\/{rel}","templated":true}]}}