{"id":3558,"date":"2023-08-03T15:04:17","date_gmt":"2023-08-03T18:04:17","guid":{"rendered":"https:\/\/wp.ufpel.edu.br\/ga\/?page_id=3558"},"modified":"2023-08-03T15:20:25","modified_gmt":"2023-08-03T18:20:25","slug":"correcao-de-matricula","status":"publish","type":"page","link":"https:\/\/wp.ufpel.edu.br\/ga\/correcao-de-matricula\/","title":{"rendered":"Corre\u00e7\u00e3o de matr\u00edcula"},"content":{"rendered":"<div class=\"content_header corFundo\">CORRE\u00c7\u00c3O DE MATR\u00cdCULA<\/div>\n<article id=\"single_post_inside\" class=\"single_post_inside\">\n<p class=\"has-16-undefined-undefined-font-size\"><strong>Defini\u00e7\u00e3o<\/strong><br \/>\nA corre\u00e7\u00e3o de matr\u00edcula \u00e9 a possibilidade de inclus\u00e3o ou exclus\u00e3o de componentes curriculares ap\u00f3s o processamento de matr\u00edcula, sendo destinada aos discentes que necessitam de ajustes no resultado de sua solicita\u00e7\u00e3o de matr\u00edcula ou que n\u00e3o tenham solicitado a rematr\u00edcula.<br \/>\nN\u00e3o ser\u00e1 permitida a matr\u00edcula em atividades curriculares em que houver colis\u00e3o total ou parcial de hor\u00e1rios.<\/p>\n<p class=\"has-16-undefined-undefined-font-size\"><strong>Como solicitar<\/strong><br \/>\nI-\u00a0 O discente dever\u00e1 fazer\u00a0<i>login<\/i>\u00a0no sistema acad\u00eamico\u00a0<a href=\"https:\/\/cobalto.ufpel.edu.br\/\">COBALTO<\/a>, acessar o menu\u00a0<a class=\"hover\" href=\"https:\/\/cobalto.ufpel.edu.br\/academico\/alunos\/solicitacaoCorrecaoMatricula\">Corre\u00e7\u00e3o de matr\u00edcula<\/a>, solicitar inclus\u00e3o e\/ou exclus\u00e3o de disciplinas.<br \/>\nII \u2013 O sistema armazenar\u00e1 as solicita\u00e7\u00f5es de corre\u00e7\u00e3o e ordenar\u00e1 os alunos de acordo com a Resolu\u00e7\u00e3o COCEPE n\u00ba 47\/2018. O Colegiado homologa ou n\u00e3o as solicita\u00e7\u00f5es.<br \/>\nIII- O discente consulta sua solicita\u00e7\u00e3o no sistema\u00a0<a href=\"https:\/\/cobalto.ufpel.edu.br\/\">COBALTO<\/a>, no menu\u00a0<a class=\"\" href=\"https:\/\/cobalto.ufpel.edu.br\/academico\/alunos\/atestadoMatriculado\">Matr\u00edcula<\/a>, para confirmar em quais componentes curriculares foi matriculado. Se a solicita\u00e7\u00e3o foi contemplada \u00e9 s\u00f3 aguardar o in\u00edcio das aulas.<\/p>\n<p class=\"has-16-undefined-undefined-font-size\"><strong>Fluxograma<\/strong><\/p>\n<figure class=\"wp-block-table is-style-stripes\">\n<table>\n<tbody>\n<tr>\n<td>Respons\u00e1vel<\/td>\n<td>Procedimento<\/td>\n<\/tr>\n<tr>\n<td>Discente<\/td>\n<td>\u2013 Solicitar corre\u00e7\u00e3o de matr\u00edcula no cobalto.<\/td>\n<\/tr>\n<tr>\n<td>Colegiado de curso<\/td>\n<td>\u2013 Avaliar a corre\u00e7\u00e3o no COBALTO.<\/td>\n<\/tr>\n<\/tbody>\n<\/table>\n<p><a href=\"https:\/\/wp.ufpel.edu.br\/cra\/informacoes-academicas\/correcao-de-matricula\/\">https:\/\/wp.ufpel.edu.br\/cra\/informacoes-academicas\/correcao-de-matricula\/<\/a><\/figure>\n<\/article>\n","protected":false},"excerpt":{"rendered":"<p>CORRE\u00c7\u00c3O DE MATR\u00cdCULA Defini\u00e7\u00e3o A corre\u00e7\u00e3o de matr\u00edcula \u00e9 a possibilidade de inclus\u00e3o ou exclus\u00e3o de componentes curriculares ap\u00f3s o processamento de matr\u00edcula, sendo destinada aos discentes que necessitam de ajustes no resultado de sua solicita\u00e7\u00e3o de matr\u00edcula ou que n\u00e3o tenham solicitado a rematr\u00edcula. N\u00e3o ser\u00e1 permitida a matr\u00edcula em atividades curriculares em que [&hellip;]<\/p>\n","protected":false},"author":473,"featured_media":0,"parent":0,"menu_order":0,"comment_status":"closed","ping_status":"closed","template":"","meta":{"footnotes":""},"class_list":["post-3558","page","type-page","status-publish","hentry"],"_links":{"self":[{"href":"https:\/\/wp.ufpel.edu.br\/ga\/wp-json\/wp\/v2\/pages\/3558","targetHints":{"allow":["GET"]}}],"collection":[{"href":"https:\/\/wp.ufpel.edu.br\/ga\/wp-json\/wp\/v2\/pages"}],"about":[{"href":"https:\/\/wp.ufpel.edu.br\/ga\/wp-json\/wp\/v2\/types\/page"}],"author":[{"embeddable":true,"href":"https:\/\/wp.ufpel.edu.br\/ga\/wp-json\/wp\/v2\/users\/473"}],"replies":[{"embeddable":true,"href":"https:\/\/wp.ufpel.edu.br\/ga\/wp-json\/wp\/v2\/comments?post=3558"}],"version-history":[{"count":5,"href":"https:\/\/wp.ufpel.edu.br\/ga\/wp-json\/wp\/v2\/pages\/3558\/revisions"}],"predecessor-version":[{"id":3579,"href":"https:\/\/wp.ufpel.edu.br\/ga\/wp-json\/wp\/v2\/pages\/3558\/revisions\/3579"}],"wp:attachment":[{"href":"https:\/\/wp.ufpel.edu.br\/ga\/wp-json\/wp\/v2\/media?parent=3558"}],"curies":[{"name":"wp","href":"https:\/\/api.w.org\/{rel}","templated":true}]}}