{"id":3519,"date":"2023-07-26T14:39:57","date_gmt":"2023-07-26T17:39:57","guid":{"rendered":"https:\/\/wp.ufpel.edu.br\/ga\/?page_id=3519"},"modified":"2023-08-03T14:47:53","modified_gmt":"2023-08-03T17:47:53","slug":"matricula-de-ingressantes-rematricula-correcao-e-matricula-especial","status":"publish","type":"page","link":"https:\/\/wp.ufpel.edu.br\/ga\/matricula-de-ingressantes-rematricula-correcao-e-matricula-especial\/","title":{"rendered":"Matr\u00edcula: de ingressantes e rematr\u00edcula (matr\u00edcula online)"},"content":{"rendered":"<div class=\"content_header corFundo\">MATR\u00cdCULA DE INGRESSANTES<\/div>\n<article id=\"single_post_inside\" class=\"single_post_inside\">\n<p class=\"has-16-undefined-undefined-font-size\">A matr\u00edcula dos ingressantes \u00e9 precedida pelo cadastro na CRA. O candidato ao ingressar em curso de gradua\u00e7\u00e3o dever\u00e1 enviar a documenta\u00e7\u00e3o de cadastro nas datas e nos locais especificados em Edital ou Convoca\u00e7\u00e3o. A matr\u00edcula nos componentes curriculares \u00e9 realizada pela secretaria do colegiado de curso.<\/p>\n<p class=\"has-16-undefined-undefined-font-size\">Os ingressantes dos processos seletivos SISU, PAVE e Vestibular ser\u00e3o matriculados em todos os componentes curriculares do primeiro per\u00edodo do curso, conforme o projeto pedag\u00f3gico, salvo em casos de aproveitamentos de estudos.<\/p>\n<p class=\"has-16-undefined-undefined-font-size\">Os ingressantes de processo seletivo espec\u00edfico de reop\u00e7\u00e3o, reingresso, transfer\u00eancia e portador de diploma de curso superior dever\u00e3o solicitar a matr\u00edcula em componentes curriculares pelo Sistema Acad\u00eamico Cobalto, em per\u00edodo estipulado no calend\u00e1rio acad\u00eamico.<\/p>\n<p class=\"has-16-undefined-undefined-font-size\"><b>Confirma\u00e7\u00e3o de matr\u00edcula<\/b><br \/>\nIngressantes dos processos seletivos SISU e PAVE dever\u00e3o, obrigatoriamente, confirmar sua matr\u00edcula no Colegiado do Curso ao qual est\u00e3o vinculados, no per\u00edodo estabelecido no calend\u00e1rio acad\u00eamico.<br \/>\nPara confirmar a matr\u00edcula o discente dever\u00e1 comparecer no colegiado do seu curso para apresentar o documento original do hist\u00f3rico escolar e certificado de conclus\u00e3o do ensino m\u00e9dio, sob pena de desligamento do curso.<\/p>\n<p class=\"has-16-undefined-undefined-font-size\"><b>Documentos obrigat\u00f3rios para cadastro<\/b><br \/>\nConforme Regulamento de Ensino da Gradua\u00e7\u00e3o, os documentos obrigat\u00f3rios para cadastro s\u00e3o:<\/p>\n<div class=\"wp-block-kadence-iconlist kt-svg-icon-list-items kt-svg-icon-list-items_74a975-6b kt-svg-icon-list-columns-1 alignnone\">\n<ul class=\"kt-svg-icon-list\">\n<li class=\"wp-block-kadence-listitem kt-svg-icon-list-item-wrap kt-svg-icon-list-item-_9345af-5b kt-svg-icon-list-style-stacked\"><span class=\"kt-svg-icon-list-text\">Hist\u00f3rico Escolar do Ensino M\u00e9dio;<\/span><\/li>\n<li class=\"wp-block-kadence-listitem kt-svg-icon-list-item-wrap kt-svg-icon-list-item-_925af5-2b kt-svg-icon-list-style-stacked\"><span class=\"kt-svg-icon-list-text\">Certificado de Conclus\u00e3o do Ensino M\u00e9dio;<\/span><\/li>\n<li class=\"wp-block-kadence-listitem kt-svg-icon-list-item-wrap kt-svg-icon-list-item-_a8165b-59 kt-svg-icon-list-style-stacked\"><span class=\"kt-svg-icon-list-text\">C\u00e9dula de Identidade (RG ou RNE) atualizada, sendo poss\u00edvel o reconhecimento por foto e assinatura;<\/span><\/li>\n<li class=\"wp-block-kadence-listitem kt-svg-icon-list-item-wrap kt-svg-icon-list-item-_400228-ce kt-svg-icon-list-style-stacked\"><span class=\"kt-svg-icon-list-text\">CPF;<\/span><\/li>\n<li class=\"wp-block-kadence-listitem kt-svg-icon-list-item-wrap kt-svg-icon-list-item-_796990-c0 kt-svg-icon-list-style-stacked\"><span class=\"kt-svg-icon-list-text\">Documento que comprove estar em dia com as obriga\u00e7\u00f5es militares;<\/span><\/li>\n<li class=\"wp-block-kadence-listitem kt-svg-icon-list-item-wrap kt-svg-icon-list-item-_3b805e-9d kt-svg-icon-list-style-stacked\"><span class=\"kt-svg-icon-list-text\">Documento que comprove estar em dia com a justi\u00e7a eleitoral;<\/span><\/li>\n<li class=\"wp-block-kadence-listitem kt-svg-icon-list-item-wrap kt-svg-icon-list-item-_99df1e-98 kt-svg-icon-list-style-stacked\"><span class=\"kt-svg-icon-list-text\">Outros documentos poder\u00e3o ser solicitados, mediante Edital espec\u00edfico.<\/span><\/li>\n<\/ul>\n<\/div>\n<\/article>\n<p>&nbsp;<\/p>\n<div class=\"content_header corFundo\">REMATR\u00cdCULA<\/div>\n<article id=\"single_post_inside\" class=\"single_post_inside\">\n<p class=\"has-16-undefined-undefined-font-size\"><strong>Defini\u00e7\u00e3o<\/strong><br \/>\nA Rematr\u00edcula N\u00c3O \u00e9 destinada aos alunos ingressantes na Universidade.<\/p>\n<p class=\"has-16-undefined-undefined-font-size\">A matr\u00edcula \u00e9 obrigat\u00f3ria em cada per\u00edodo letivo previsto para o funcionamento do curso, de acordo com o calend\u00e1rio acad\u00eamico.<\/p>\n<p class=\"has-16-undefined-undefined-font-size\">A aus\u00eancia de matr\u00edcula em um per\u00edodo letivo poder\u00e1 implicar no desligamento do curso por abandono.<\/p>\n<p class=\"has-16-undefined-undefined-font-size\">O discente poder\u00e1 realizar qualquer atividade curricular em seu curso de origem, ressalvados os pr\u00e9-requisitos constantes nos projetos pedag\u00f3gicos, desde que haja disponibilidade de vaga. O discente deve observar o m\u00ednimo de cr\u00e9ditos obrigat\u00f3rios a serem cursados a cada semestre, conforme previsto no Projeto Pedag\u00f3gico do Curso.<\/p>\n<p class=\"has-16-undefined-undefined-font-size\">N\u00e3o ser\u00e1 permitida a matr\u00edcula em componentes curriculares em que houver colis\u00e3o total ou parcial de hor\u00e1rios.<\/p>\n<p class=\"has-16-undefined-undefined-font-size\"><strong>Como solicitar<\/strong><br \/>\nI-\u00a0 O discente dever\u00e1 fazer\u00a0<i>login<\/i>\u00a0no sistema acad\u00eamico\u00a0<a href=\"https:\/\/cobalto.ufpel.edu.br\/\">COBALTO<\/a>, acessar o menu\u00a0<a class=\"\" href=\"https:\/\/cobalto.ufpel.edu.br\/academico\/alunos\/solicitacaoMatricula\">Solicita\u00e7\u00e3o de matr\u00edcula<\/a>\u00a0e selecionar os componentes curriculares que pretende cursar.<br \/>\nII- O sistema processa as solicita\u00e7\u00f5es, conforme estabelecido na Resolu\u00e7\u00e3o COCEPE n\u00ba 47\/2018.<br \/>\nIII- O discente consulta sua solicita\u00e7\u00e3o no sistema\u00a0<a href=\"https:\/\/cobalto.ufpel.edu.br\/\">COBALTO<\/a>, no menu\u00a0<a class=\"\" href=\"https:\/\/cobalto.ufpel.edu.br\/academico\/alunos\/atestadoMatriculado\">Matr\u00edcula<\/a>, para confirmar em quais componentes curriculares foi matriculado. Se a solicita\u00e7\u00e3o foi contemplada \u00e9 s\u00f3 aguardar o in\u00edcio das aulas. Caso seja necess\u00e1ria alguma altera\u00e7\u00e3o, dever\u00e1 ser realizada na corre\u00e7\u00e3o de matr\u00edcula.<\/p>\n<\/article>\n<p>&nbsp;<\/p>\n<blockquote class=\"wp-embedded-content\" data-secret=\"sBv9rFgkiy\"><p><a href=\"https:\/\/wp.ufpel.edu.br\/cra\/informacoes-academicas\/matricula\/\">Matr\u00edcula<\/a><\/p><\/blockquote>\n<p><iframe class=\"wp-embedded-content\" sandbox=\"allow-scripts\" security=\"restricted\" style=\"position: absolute; clip: rect(1px, 1px, 1px, 1px);\" title=\"&#8220;Matr\u00edcula&#8221; &#8212; Coordena\u00e7\u00e3o de Registros Acad\u00eamicos\" src=\"https:\/\/wp.ufpel.edu.br\/cra\/informacoes-academicas\/matricula\/embed\/#?secret=IneWEu4YMu#?secret=sBv9rFgkiy\" data-secret=\"sBv9rFgkiy\" width=\"500\" height=\"282\" frameborder=\"0\" marginwidth=\"0\" marginheight=\"0\" scrolling=\"no\"><\/iframe><\/p>\n","protected":false},"excerpt":{"rendered":"<p>MATR\u00cdCULA DE INGRESSANTES A matr\u00edcula dos ingressantes \u00e9 precedida pelo cadastro na CRA. O candidato ao ingressar em curso de gradua\u00e7\u00e3o dever\u00e1 enviar a documenta\u00e7\u00e3o de cadastro nas datas e nos locais especificados em Edital ou Convoca\u00e7\u00e3o. A matr\u00edcula nos componentes curriculares \u00e9 realizada pela secretaria do colegiado de curso. Os ingressantes dos processos seletivos [&hellip;]<\/p>\n","protected":false},"author":473,"featured_media":0,"parent":0,"menu_order":0,"comment_status":"closed","ping_status":"closed","template":"","meta":{"footnotes":""},"class_list":["post-3519","page","type-page","status-publish","hentry"],"_links":{"self":[{"href":"https:\/\/wp.ufpel.edu.br\/ga\/wp-json\/wp\/v2\/pages\/3519","targetHints":{"allow":["GET"]}}],"collection":[{"href":"https:\/\/wp.ufpel.edu.br\/ga\/wp-json\/wp\/v2\/pages"}],"about":[{"href":"https:\/\/wp.ufpel.edu.br\/ga\/wp-json\/wp\/v2\/types\/page"}],"author":[{"embeddable":true,"href":"https:\/\/wp.ufpel.edu.br\/ga\/wp-json\/wp\/v2\/users\/473"}],"replies":[{"embeddable":true,"href":"https:\/\/wp.ufpel.edu.br\/ga\/wp-json\/wp\/v2\/comments?post=3519"}],"version-history":[{"count":6,"href":"https:\/\/wp.ufpel.edu.br\/ga\/wp-json\/wp\/v2\/pages\/3519\/revisions"}],"predecessor-version":[{"id":3549,"href":"https:\/\/wp.ufpel.edu.br\/ga\/wp-json\/wp\/v2\/pages\/3519\/revisions\/3549"}],"wp:attachment":[{"href":"https:\/\/wp.ufpel.edu.br\/ga\/wp-json\/wp\/v2\/media?parent=3519"}],"curies":[{"name":"wp","href":"https:\/\/api.w.org\/{rel}","templated":true}]}}