{"id":3515,"date":"2023-07-26T14:35:32","date_gmt":"2023-07-26T17:35:32","guid":{"rendered":"https:\/\/wp.ufpel.edu.br\/ga\/?page_id=3515"},"modified":"2023-08-03T15:11:57","modified_gmt":"2023-08-03T18:11:57","slug":"trancamento-de-matricula-geral-de-componentes-curriculares-e-readmissao","status":"publish","type":"page","link":"https:\/\/wp.ufpel.edu.br\/ga\/trancamento-de-matricula-geral-de-componentes-curriculares-e-readmissao\/","title":{"rendered":"Trancamento de matr\u00edcula"},"content":{"rendered":"<div class=\"wp-block-kadence-accordion alignnone\">\n<div class=\"kt-accordion-wrap kt-accordion-id_47c769-40 kt-accordion-has-4-panes kt-active-pane-0 kt-accordion-block kt-pane-header-alignment-left kt-accodion-icon-style-arrow kt-accodion-icon-side-right\">\n<div class=\"kt-accordion-inner-wrap kt-accordion-initialized\" data-allow-multiple-open=\"true\" data-start-open=\"none\">\n<div class=\"wp-block-kadence-pane kt-accordion-pane kt-accordion-pane-1 kt-pane_f5d06c-64\">\n<div id=\"kt-accordion-panel-692683\" class=\"kt-accordion-panel kt-accordion-panel-active\" role=\"region\" aria-labelledby=\"kt-accordion-header-692683\" data-panel-height=\"0px\">\n<div class=\"kt-accordion-panel-inner\"><\/div>\n<\/div>\n<\/div>\n<div class=\"wp-block-kadence-pane kt-accordion-pane kt-accordion-pane-2 kt-pane_0c7a7a-fc\">\n<div class=\"kt-accordion-header-wrap\"><button id=\"kt-accordion-header-245373\" class=\"kt-blocks-accordion-header kt-acccordion-button-label-show kt-accordion-panel-active\" aria-controls=\"kt-accordion-panel-245373\" data-kt-accordion-header-id=\"1\" aria-expanded=\"true\"><span class=\"kt-blocks-accordion-title-wrap\"><span class=\"kt-blocks-accordion-title\"><strong>Trancamento geral de matr\u00edcula (TGM)\u00a0<\/strong><\/span><\/span><\/button><\/div>\n<div id=\"kt-accordion-panel-245373\" class=\"kt-accordion-panel kt-accordion-panel-active\" role=\"region\" aria-labelledby=\"kt-accordion-header-245373\" data-panel-height=\"0px\">\n<div class=\"kt-accordion-panel-inner\">\n<p class=\"has-16-undefined-undefined-font-size\">O discente poder\u00e1 solicitar o TGM na Coordena\u00e7\u00e3o de Registros Acad\u00eamicos, ser\u00e1 concedido de acordo com as normas estabelecidas no Regulamento do Ensino de Gradua\u00e7\u00e3o.<\/p>\n<p class=\"has-16-undefined-undefined-font-size\">O TGM \u00e9 o instrumento acad\u00eamico que permite ao discente manter o v\u00ednculo com o curso, diante da impossibilidade de cursar componentes curriculares em determinado per\u00edodo letivo. \u00c9 permitido trancamento em at\u00e9 quatro semestres letivos para os cursos semestrais e dois anos letivos para os cursos anuais. Tem validade somente por um per\u00edodo letivo, portanto o discente deve solicitar o trancamento a cada per\u00edodo pretendido dentro dos prazos estabelecidos no calend\u00e1rio acad\u00eamico.<\/p>\n<p class=\"has-16-undefined-undefined-font-size\">O discente poder\u00e1 pedir readmiss\u00e3o, cancelando a situa\u00e7\u00e3o de TGM, at\u00e9 o \u00faltimo dia previsto para a corre\u00e7\u00e3o de matr\u00edcula.<\/p>\n<p class=\"has-16-undefined-undefined-font-size\">N\u00e3o ser\u00e1 concedido TGM ao discente ingressante e ao discente que estiver em situa\u00e7\u00e3o pass\u00edvel de jubilamento, salvo nas seguintes hip\u00f3teses:<br \/>\nI \u2013 por motivo de doen\u00e7a do pr\u00f3prio aluno ou de familiar at\u00e9 1\u00ba grau, mediante avalia\u00e7\u00e3o de per\u00edcia m\u00e9dica oficial da Universidade;<br \/>\nII \u2013 para cumprir servi\u00e7o militar obrigat\u00f3rio, mediante comprova\u00e7\u00e3o.<br \/>\nN\u00e3o ser\u00e1 concedido TGM ao discente matriculado na modalidade de Regime Especial.<\/p>\n<p class=\"has-16-undefined-undefined-font-size\"><strong>Como solicitar<\/strong><br \/>\n<strong>Ingressante\u00a0<\/strong>\u2013 O trancamento geral de matr\u00edcula deve ser solicitado \u00e0 CRA pelo discente ou seu representante legal, mediante a apresenta\u00e7\u00e3o do comprovante da motiva\u00e7\u00e3o (atestado de sa\u00fade ou atestado de presta\u00e7\u00e3o de servi\u00e7o militar obrigat\u00f3rio) . A solicita\u00e7\u00e3o pode ser pela p\u00e1gina:\u00a0<a href=\"https:\/\/atendimento.ufpel.edu.br\/\">https:\/\/atendimento.ufpel.edu.br\/<\/a>.<br \/>\n<strong>N\u00e3o ingressante<\/strong>: A solicita\u00e7\u00e3o deve ser realizada no Sistema Acad\u00eamico Cobalto, no menu \u201cAlunos -&gt; Cadastro \u2013 &gt; Solicita\u00e7\u00e3o de Trancamento Geral\u201d, Conforme prazos estabelecidos no Calend\u00e1rio Acad\u00eamico.<\/p>\n<p class=\"has-16-undefined-undefined-font-size\">Prazos:<br \/>\nI \u2013 Para discentes que n\u00e3o solicitaram matr\u00edcula: somente no per\u00edodo estabelecido no calend\u00e1rio acad\u00eamico.<br \/>\nII \u2013 Para discentes matriculados: do primeiro ao \u00faltimo dia letivo do semestre.<\/p>\n<p class=\"has-16-undefined-undefined-font-size\"><strong>Requerimento<\/strong><br \/>\n<a href=\"https:\/\/drive.google.com\/uc?export=download&amp;id=1i0O7YFzk-hJ76KrApg5nJbCHdKfWtcKn\">Requerimento de trancamento geral de matr\u00edcula<\/a><\/p>\n<div class=\"wp-block-kadence-advancedbtn kb-buttons-wrap kb-btns_832386-68\"><a class=\"kb-button kt-button button kb-btn_ee1c45-67 kt-btn-size-standard kt-btn-width-type-auto kb-btn-global-outline kt-btn-has-text-true kt-btn-has-svg-false wp-block-kadence-singlebtn\" href=\"https:\/\/wp.ufpel.edu.br\/perguntas\/solicitar-atendimento\/\"><span class=\"kt-btn-inner-text\"><strong>Solicitar atendimento<\/strong><\/span><\/a><\/div>\n<p class=\"has-16-undefined-undefined-font-size\"><strong>Fluxograma<\/strong><\/p>\n<figure class=\"wp-block-table is-style-stripes\">\n<table>\n<tbody>\n<tr>\n<td>Respons\u00e1vel<\/td>\n<td>Procedimento<\/td>\n<\/tr>\n<tr>\n<td>Discente<\/td>\n<td>\u2013 Entregar requerimento de trancamento geral de matr\u00edcula na CRA.<\/td>\n<\/tr>\n<tr>\n<td>CRA<\/td>\n<td>\u2013 Registrar a trancamento geral de matr\u00edcula no COBALTO.<\/td>\n<\/tr>\n<\/tbody>\n<\/table>\n<p>&nbsp;<\/figure>\n<\/div>\n<\/div>\n<\/div>\n<div class=\"wp-block-kadence-pane kt-accordion-pane kt-accordion-pane-3 kt-pane_7b7dad-61\">\n<div class=\"kt-accordion-header-wrap\"><button id=\"kt-accordion-header-698300\" class=\"kt-blocks-accordion-header kt-acccordion-button-label-show kt-accordion-panel-active\" aria-controls=\"kt-accordion-panel-698300\" data-kt-accordion-header-id=\"2\" aria-expanded=\"true\"><span class=\"kt-blocks-accordion-title-wrap\"><span class=\"kt-blocks-accordion-title\"><strong>Readmiss\u00e3o\u00a0<\/strong><\/span><\/span><\/button><\/div>\n<div id=\"kt-accordion-panel-698300\" class=\"kt-accordion-panel kt-accordion-panel-active\" role=\"region\" aria-labelledby=\"kt-accordion-header-698300\" data-panel-height=\"0px\">\n<div class=\"kt-accordion-panel-inner\">\n<p class=\"has-16-undefined-undefined-font-size\">O discente poder\u00e1 pedir readmiss\u00e3o, cancelando a situa\u00e7\u00e3o de trancamento geral de matr\u00edcula, at\u00e9 o \u00faltimo dia previsto para a corre\u00e7\u00e3o de matr\u00edcula.<\/p>\n<p class=\"has-16-undefined-undefined-font-size\"><strong>Requerimento<\/strong><br \/>\n<a href=\"https:\/\/drive.google.com\/uc?export=download&amp;id=1jtQsw2gRf-G5jNzpKwSdF2DYdhm5qqOf\">Requerimento de readmiss\u00e3o<\/a><\/p>\n<div class=\"wp-block-kadence-advancedbtn kb-buttons-wrap kb-btns_080dc9-96\"><a class=\"kb-button kt-button button kb-btn_d8ba3a-3a kt-btn-size-standard kt-btn-width-type-auto kb-btn-global-outline kt-btn-has-text-true kt-btn-has-svg-false wp-block-kadence-singlebtn\" href=\"https:\/\/wp.ufpel.edu.br\/perguntas\/solicitar-atendimento\/\"><span class=\"kt-btn-inner-text\"><strong>Solicitar atendimento<\/strong><\/span><\/a><\/div>\n<p class=\"has-16-undefined-undefined-font-size\"><strong>Fluxograma<\/strong><\/p>\n<figure class=\"wp-block-table is-style-stripes\">\n<table>\n<tbody>\n<tr>\n<td>Respons\u00e1vel<\/td>\n<td>Procedimento<\/td>\n<\/tr>\n<tr>\n<td>Discente<\/td>\n<td>\u2013 Entregar requerimento de readmiss\u00e3o na CRA.<\/td>\n<\/tr>\n<tr>\n<td>CRA<\/td>\n<td>\u2013 Registrar a trancamento geral de matr\u00edcula no COBALTO.<\/td>\n<\/tr>\n<\/tbody>\n<\/table>\n<p>&nbsp;<\/figure>\n<\/div>\n<\/div>\n<\/div>\n<div class=\"wp-block-kadence-pane kt-accordion-pane kt-accordion-pane-4 kt-pane_092f83-3f\">\n<div class=\"kt-accordion-header-wrap\"><button id=\"kt-accordion-header-839400\" class=\"kt-blocks-accordion-header kt-acccordion-button-label-show\" aria-controls=\"kt-accordion-panel-839400\" data-kt-accordion-header-id=\"3\"><span class=\"kt-blocks-accordion-title-wrap\"><span class=\"kt-blocks-accordion-title\"><strong>Trancamento geral de matr\u00edcula administrativo<\/strong><\/span><\/span><\/button><\/div>\n<\/div>\n<\/div>\n<\/div>\n<\/div>\n<div class=\"wp-block-spacer\" aria-hidden=\"true\"><\/div>\n<p class=\"has-16-undefined-undefined-font-size\">Nota: Para o atendimento online \u00e9 necess\u00e1rio que a solicita\u00e7\u00e3o seja acompanhada da carteira de identidade digitalizada do requerente.<\/p>\n<div class=\"sharedaddy sd-sharing-enabled\">\n<div class=\"robots-nocontent sd-block sd-social sd-social-icon-text sd-sharing\">\n<h3 class=\"sd-title\"><\/h3>\n<\/div>\n<\/div>\n<blockquote class=\"wp-embedded-content\" data-secret=\"HIpM5w9HuD\"><p><a href=\"https:\/\/wp.ufpel.edu.br\/cra\/informacoes-academicas\/trancamentos\/\">Trancamento de matr\u00edcula<\/a><\/p><\/blockquote>\n<p><iframe class=\"wp-embedded-content\" sandbox=\"allow-scripts\" security=\"restricted\" style=\"position: absolute; clip: rect(1px, 1px, 1px, 1px);\" title=\"&#8220;Trancamento de matr\u00edcula&#8221; &#8212; Coordena\u00e7\u00e3o de Registros Acad\u00eamicos\" src=\"https:\/\/wp.ufpel.edu.br\/cra\/informacoes-academicas\/trancamentos\/embed\/#?secret=O4l59Iypkc#?secret=HIpM5w9HuD\" data-secret=\"HIpM5w9HuD\" width=\"500\" height=\"282\" frameborder=\"0\" marginwidth=\"0\" marginheight=\"0\" scrolling=\"no\"><\/iframe><\/p>\n","protected":false},"excerpt":{"rendered":"<p>Trancamento geral de matr\u00edcula (TGM)\u00a0 O discente poder\u00e1 solicitar o TGM na Coordena\u00e7\u00e3o de Registros Acad\u00eamicos, ser\u00e1 concedido de acordo com as normas estabelecidas no Regulamento do Ensino de Gradua\u00e7\u00e3o. O TGM \u00e9 o instrumento acad\u00eamico que permite ao discente manter o v\u00ednculo com o curso, diante da impossibilidade de cursar componentes curriculares em determinado [&hellip;]<\/p>\n","protected":false},"author":473,"featured_media":0,"parent":0,"menu_order":0,"comment_status":"closed","ping_status":"closed","template":"","meta":{"footnotes":""},"class_list":["post-3515","page","type-page","status-publish","hentry"],"_links":{"self":[{"href":"https:\/\/wp.ufpel.edu.br\/ga\/wp-json\/wp\/v2\/pages\/3515","targetHints":{"allow":["GET"]}}],"collection":[{"href":"https:\/\/wp.ufpel.edu.br\/ga\/wp-json\/wp\/v2\/pages"}],"about":[{"href":"https:\/\/wp.ufpel.edu.br\/ga\/wp-json\/wp\/v2\/types\/page"}],"author":[{"embeddable":true,"href":"https:\/\/wp.ufpel.edu.br\/ga\/wp-json\/wp\/v2\/users\/473"}],"replies":[{"embeddable":true,"href":"https:\/\/wp.ufpel.edu.br\/ga\/wp-json\/wp\/v2\/comments?post=3515"}],"version-history":[{"count":8,"href":"https:\/\/wp.ufpel.edu.br\/ga\/wp-json\/wp\/v2\/pages\/3515\/revisions"}],"predecessor-version":[{"id":3573,"href":"https:\/\/wp.ufpel.edu.br\/ga\/wp-json\/wp\/v2\/pages\/3515\/revisions\/3573"}],"wp:attachment":[{"href":"https:\/\/wp.ufpel.edu.br\/ga\/wp-json\/wp\/v2\/media?parent=3515"}],"curies":[{"name":"wp","href":"https:\/\/api.w.org\/{rel}","templated":true}]}}