{"id":3511,"date":"2023-07-26T14:28:07","date_gmt":"2023-07-26T17:28:07","guid":{"rendered":"https:\/\/wp.ufpel.edu.br\/ga\/?page_id=3511"},"modified":"2023-07-31T21:41:57","modified_gmt":"2023-08-01T00:41:57","slug":"atestado-de-matricula","status":"publish","type":"page","link":"https:\/\/wp.ufpel.edu.br\/ga\/trancamento-de-matricula-geral-de-componentes-curriculares-e-readmissao\/atestado-de-matricula\/","title":{"rendered":"Atestado de matr\u00edcula"},"content":{"rendered":"<div class=\"content_header corFundo\">ATESTADO DE MATR\u00cdCULA<\/div>\n<article id=\"single_post_inside\" class=\"single_post_inside\">\n<p class=\"has-16-undefined-undefined-font-size\"><strong>Defini\u00e7\u00e3o<\/strong><br \/>\nAtestado de matr\u00edcula \u00e9 o documento que cont\u00e9m os componentes curriculares em que o discente est\u00e1 matriculado no per\u00edodo letivo.<br \/>\nO atestado de matr\u00edcula s\u00f3 ser\u00e1 emitido ap\u00f3s a realiza\u00e7\u00e3o da matr\u00edcula nos componentes curriculares.<\/p>\n<p class=\"has-16-undefined-undefined-font-size\"><strong>Como Solicitar<\/strong><br \/>\nO atestado de matr\u00edcula pode ser emitido das seguintes formas:<\/p>\n<p class=\"has-16-undefined-undefined-font-size\">I \u2013\u00a0<strong>Sistema acad\u00eamico Cobalto<\/strong>: O discente dever\u00e1 fazer\u00a0<i>login<\/i>\u00a0no sistema acad\u00eamico, acessar o menu \u201cAluno\/Consultas\/Matr\u00edcula\u201d e clicar em \u201cImprimir\u201d, ser\u00e1 gerado um arquivo no formato PDF para a impress\u00e3o.<br \/>\nII \u2013\u00a0<strong>Colegiado do curso:<\/strong>\u00a0discente dever\u00e1 portar documento de identifica\u00e7\u00e3o com foto e solicitar a emiss\u00e3o do atestado no colegiado do seu curso.<br \/>\nIII \u2013\u00a0<strong>Coordena\u00e7\u00e3o de Registros Acad\u00eamicos<\/strong>: discente dever\u00e1 portar documento de identifica\u00e7\u00e3o com foto e solicitar a emiss\u00e3o do atestado na CRA. A solicita\u00e7\u00e3o tamb\u00e9m pode ser realizada pela p\u00e1gina:\u00a0<a href=\"https:\/\/atendimento.ufpel.edu.br\/\">https:\/\/atendimento.ufpel.edu.br\/<\/a><\/p>\n<\/article>\n<p>&nbsp;<\/p>\n<blockquote class=\"wp-embedded-content\" data-secret=\"skAdxikooH\"><p><a href=\"https:\/\/wp.ufpel.edu.br\/cra\/informacoes-academicas\/atestado-de-matricula\/\">Atestado de matr\u00edcula<\/a><\/p><\/blockquote>\n<p><iframe class=\"wp-embedded-content\" sandbox=\"allow-scripts\" security=\"restricted\" style=\"position: absolute; clip: rect(1px, 1px, 1px, 1px);\" title=\"&#8220;Atestado de matr\u00edcula&#8221; &#8212; Coordena\u00e7\u00e3o de Registros Acad\u00eamicos\" src=\"https:\/\/wp.ufpel.edu.br\/cra\/informacoes-academicas\/atestado-de-matricula\/embed\/#?secret=MdVogrz5Uu#?secret=skAdxikooH\" data-secret=\"skAdxikooH\" width=\"500\" height=\"282\" frameborder=\"0\" marginwidth=\"0\" marginheight=\"0\" scrolling=\"no\"><\/iframe><\/p>\n","protected":false},"excerpt":{"rendered":"<p>ATESTADO DE MATR\u00cdCULA Defini\u00e7\u00e3o Atestado de matr\u00edcula \u00e9 o documento que cont\u00e9m os componentes curriculares em que o discente est\u00e1 matriculado no per\u00edodo letivo. O atestado de matr\u00edcula s\u00f3 ser\u00e1 emitido ap\u00f3s a realiza\u00e7\u00e3o da matr\u00edcula nos componentes curriculares. Como Solicitar O atestado de matr\u00edcula pode ser emitido das seguintes formas: I \u2013\u00a0Sistema acad\u00eamico Cobalto: [&hellip;]<\/p>\n","protected":false},"author":473,"featured_media":0,"parent":3515,"menu_order":0,"comment_status":"closed","ping_status":"closed","template":"","meta":{"footnotes":""},"class_list":["post-3511","page","type-page","status-publish","hentry"],"_links":{"self":[{"href":"https:\/\/wp.ufpel.edu.br\/ga\/wp-json\/wp\/v2\/pages\/3511","targetHints":{"allow":["GET"]}}],"collection":[{"href":"https:\/\/wp.ufpel.edu.br\/ga\/wp-json\/wp\/v2\/pages"}],"about":[{"href":"https:\/\/wp.ufpel.edu.br\/ga\/wp-json\/wp\/v2\/types\/page"}],"author":[{"embeddable":true,"href":"https:\/\/wp.ufpel.edu.br\/ga\/wp-json\/wp\/v2\/users\/473"}],"replies":[{"embeddable":true,"href":"https:\/\/wp.ufpel.edu.br\/ga\/wp-json\/wp\/v2\/comments?post=3511"}],"version-history":[{"count":3,"href":"https:\/\/wp.ufpel.edu.br\/ga\/wp-json\/wp\/v2\/pages\/3511\/revisions"}],"predecessor-version":[{"id":3544,"href":"https:\/\/wp.ufpel.edu.br\/ga\/wp-json\/wp\/v2\/pages\/3511\/revisions\/3544"}],"up":[{"embeddable":true,"href":"https:\/\/wp.ufpel.edu.br\/ga\/wp-json\/wp\/v2\/pages\/3515"}],"wp:attachment":[{"href":"https:\/\/wp.ufpel.edu.br\/ga\/wp-json\/wp\/v2\/media?parent=3511"}],"curies":[{"name":"wp","href":"https:\/\/api.w.org\/{rel}","templated":true}]}}