{"id":3387,"date":"2023-04-10T00:58:29","date_gmt":"2023-04-10T03:58:29","guid":{"rendered":"https:\/\/wp.ufpel.edu.br\/ga\/?page_id=3387"},"modified":"2026-02-24T16:06:36","modified_gmt":"2026-02-24T19:06:36","slug":"aluno-ingressante","status":"publish","type":"page","link":"https:\/\/wp.ufpel.edu.br\/ga\/aluno-ingressante\/","title":{"rendered":"Aluno Ingressante"},"content":{"rendered":"<p><strong>Bem- vindo ao Curso de Gest\u00e3o Ambiental (Bacharelado)!<\/strong><\/p>\n<p>Veja como obter o primeiro acesso ao Sistema Acad\u00eamico Cobalto -&gt;&gt; https:\/\/cobalto.ufpel.edu.br\/<\/p>\n<hr \/>\n<p><strong>Informa\u00e7\u00f5es gerais:<\/strong><\/p>\n<p><strong><span style=\"color: #ff9900;\"><span style=\"font-size: large;\">\u00bb <\/span><\/span><\/strong>Data de in\u00edcio das aulas:<strong><span style=\"color: #ff9900;\"> 23\/03\/2026<\/span><\/strong><span style=\"color: #000000;\">\u00a0(In\u00edcio <\/span><span style=\"color: var(--cor-texto); font-family: var(--fonte-corpo);\">do semestre letivo 2026\/1)<\/span><\/p>\n<p><strong><span style=\"color: #ff9900;\"><span style=\"font-size: large;\">\u00bb <\/span><\/span><\/strong>Hor\u00e1rio de in\u00edcio das aulas:<strong><span style=\"color: #ff9900;\">\u00a013:30<\/span><\/strong><\/p>\n<p><strong><span style=\"color: #ff9900;\"><span style=\"font-size: large;\">\u00bb <\/span><\/span><\/strong>Salas de aula: ser\u00e3o informadas neste site ap\u00f3s a disponibiliza\u00e7\u00e3o pela Se\u00e7\u00e3o de Aloca\u00e7\u00e3o e Compartilhamento de Espa\u00e7os (SACE);<\/p>\n<p><strong><span style=\"color: #ff9900;\"><span style=\"font-size: large;\">\u00bb <\/span><\/span><\/strong>Biblioteca: Rua Alberto Rosa, 117 (Ci\u00eancias Sociais) &#8211;\u00a0<a href=\"https:\/\/wp.ufpel.edu.br\/bcs\/\">https:\/\/wp.ufpel.edu.br\/bcs\/<\/a><\/p>\n<p><strong><span style=\"color: #ff9900;\"><span style=\"font-size: large;\">\u00bb <\/span><\/span><\/strong>Calend\u00e1rio Acad\u00eamico 2026:\u00a0<a href=\"https:\/\/wp.ufpel.edu.br\/cra\/calendarios-academicos\/calendario-academico-2026\/\">https:\/\/wp.ufpel.edu.br\/cra\/calendarios-academicos\/calendario-academico-2026\/<\/a><\/p>\n<hr \/>\n<p><strong>Coordena\u00e7\u00e3o do Curso:<\/strong> Lobo da Costa, 587 (1\u00ba andar).<\/p>\n<p><strong>Secretaria Integrada:<\/strong> Andrade Neves, 1529- Centro de Integra\u00e7\u00e3o do Mercosul (1\u00ba andar).<\/p>\n<hr \/>\n<p>&nbsp;<\/p>\n","protected":false},"excerpt":{"rendered":"<p>Bem- vindo ao Curso de Gest\u00e3o Ambiental (Bacharelado)! Veja como obter o primeiro acesso ao Sistema Acad\u00eamico Cobalto -&gt;&gt; https:\/\/cobalto.ufpel.edu.br\/ Informa\u00e7\u00f5es gerais: \u00bb Data de in\u00edcio das aulas: 23\/03\/2026\u00a0(In\u00edcio do semestre letivo 2026\/1) \u00bb Hor\u00e1rio de in\u00edcio das aulas:\u00a013:30 \u00bb Salas de aula: ser\u00e3o informadas neste site ap\u00f3s a disponibiliza\u00e7\u00e3o pela Se\u00e7\u00e3o de Aloca\u00e7\u00e3o e [&hellip;]<\/p>\n","protected":false},"author":473,"featured_media":0,"parent":0,"menu_order":0,"comment_status":"closed","ping_status":"closed","template":"","meta":{"footnotes":""},"class_list":["post-3387","page","type-page","status-publish","hentry"],"_links":{"self":[{"href":"https:\/\/wp.ufpel.edu.br\/ga\/wp-json\/wp\/v2\/pages\/3387","targetHints":{"allow":["GET"]}}],"collection":[{"href":"https:\/\/wp.ufpel.edu.br\/ga\/wp-json\/wp\/v2\/pages"}],"about":[{"href":"https:\/\/wp.ufpel.edu.br\/ga\/wp-json\/wp\/v2\/types\/page"}],"author":[{"embeddable":true,"href":"https:\/\/wp.ufpel.edu.br\/ga\/wp-json\/wp\/v2\/users\/473"}],"replies":[{"embeddable":true,"href":"https:\/\/wp.ufpel.edu.br\/ga\/wp-json\/wp\/v2\/comments?post=3387"}],"version-history":[{"count":4,"href":"https:\/\/wp.ufpel.edu.br\/ga\/wp-json\/wp\/v2\/pages\/3387\/revisions"}],"predecessor-version":[{"id":4042,"href":"https:\/\/wp.ufpel.edu.br\/ga\/wp-json\/wp\/v2\/pages\/3387\/revisions\/4042"}],"wp:attachment":[{"href":"https:\/\/wp.ufpel.edu.br\/ga\/wp-json\/wp\/v2\/media?parent=3387"}],"curies":[{"name":"wp","href":"https:\/\/api.w.org\/{rel}","templated":true}]}}