{"id":3377,"date":"2023-04-10T00:46:14","date_gmt":"2023-04-10T03:46:14","guid":{"rendered":"https:\/\/wp.ufpel.edu.br\/ga\/?page_id=3377"},"modified":"2023-04-10T00:46:14","modified_gmt":"2023-04-10T03:46:14","slug":"perfil-do-egresso","status":"publish","type":"page","link":"https:\/\/wp.ufpel.edu.br\/ga\/perfil-do-egresso\/","title":{"rendered":"Perfil do egresso"},"content":{"rendered":"<p style=\"text-align: justify;\">O <strong>bacharel em Gest\u00e3o de Ambiental<\/strong> dever\u00e1 ser um (a) profissional com forma\u00e7\u00e3o voltada \u00e0 aplica\u00e7\u00e3o da tecnologia associada \u00e0 capacidade de pesquisa, dentro dos valores da <strong>sustentabilidade ambiental<\/strong>, atuando como um <strong>diferencial nos aspectos sociais e econ\u00f4micos<\/strong>.<\/p>\n<p style=\"text-align: justify;\"><span style=\"color: #ff9900;\"><strong>\u00bb<\/strong><\/span> As suas atribui\u00e7\u00f5es envolver\u00e3o os aspectos t\u00e9cnicos, legais e administrativos da gest\u00e3o ambiental, incluindo o planejamento, gerenciamento e execu\u00e7\u00e3o de atividades de diagn\u00f3stico ambiental; avalia\u00e7\u00e3o de impactos ambientais; proposi\u00e7\u00e3o de medidas ambientais mitigadoras; recupera\u00e7\u00e3o de \u00e1reas degradadas; licenciamento ambiental; supervis\u00e3o e monitoramento ambientais; regula\u00e7\u00e3o do uso, prote\u00e7\u00e3o e conserva\u00e7\u00e3o do meio ambiente; avalia\u00e7\u00e3o de conformidade legal; elabora\u00e7\u00e3o de laudos e pareceres; al\u00e9m da adequa\u00e7\u00e3o ambiental de projetos e processos nos aspectos de planejamento, instala\u00e7\u00e3o, opera\u00e7\u00e3o e desativa\u00e7\u00e3o.<\/p>\n<p style=\"text-align: justify;\"><span style=\"color: #ff9900;\"><strong>\u00bb <\/strong><\/span>Poder\u00e1, ainda, atuar na elabora\u00e7\u00e3o e implementa\u00e7\u00e3o de pol\u00edticas, programas e projetos ambientais como, por exemplo, a gest\u00e3o ambiental de portos e hidrovias e o planejamento ambiental urbano e rural.<\/p>\n<p style=\"text-align: justify;\"><span style=\"color: #ff9900;\"><strong>\u00bb <\/strong><\/span>Nas empresas, poder\u00e1 estabelecer o contato qualificado entre os consultores ambientais, os \u00f3rg\u00e3os ambientais e a comunidade. Sua atua\u00e7\u00e3o deve ocorrer com prop\u00f3sitos firmes de continuar aprendendo e de acompanhar as mudan\u00e7as ocorridas na organiza\u00e7\u00e3o, cultivando o pensamento reflexivo, a inova\u00e7\u00e3o cient\u00edfico- tecnol\u00f3gica e a capacidade empreendedora, primando sempre pelos princ\u00edpios de justi\u00e7a e \u00e9tica profissional.<\/p>\n","protected":false},"excerpt":{"rendered":"<p>O bacharel em Gest\u00e3o de Ambiental dever\u00e1 ser um (a) profissional com forma\u00e7\u00e3o voltada \u00e0 aplica\u00e7\u00e3o da tecnologia associada \u00e0 capacidade de pesquisa, dentro dos valores da sustentabilidade ambiental, atuando como um diferencial nos aspectos sociais e econ\u00f4micos. \u00bb As suas atribui\u00e7\u00f5es envolver\u00e3o os aspectos t\u00e9cnicos, legais e administrativos da gest\u00e3o ambiental, incluindo o planejamento, [&hellip;]<\/p>\n","protected":false},"author":473,"featured_media":0,"parent":0,"menu_order":0,"comment_status":"closed","ping_status":"closed","template":"","meta":{"footnotes":""},"class_list":["post-3377","page","type-page","status-publish","hentry"],"_links":{"self":[{"href":"https:\/\/wp.ufpel.edu.br\/ga\/wp-json\/wp\/v2\/pages\/3377","targetHints":{"allow":["GET"]}}],"collection":[{"href":"https:\/\/wp.ufpel.edu.br\/ga\/wp-json\/wp\/v2\/pages"}],"about":[{"href":"https:\/\/wp.ufpel.edu.br\/ga\/wp-json\/wp\/v2\/types\/page"}],"author":[{"embeddable":true,"href":"https:\/\/wp.ufpel.edu.br\/ga\/wp-json\/wp\/v2\/users\/473"}],"replies":[{"embeddable":true,"href":"https:\/\/wp.ufpel.edu.br\/ga\/wp-json\/wp\/v2\/comments?post=3377"}],"version-history":[{"count":1,"href":"https:\/\/wp.ufpel.edu.br\/ga\/wp-json\/wp\/v2\/pages\/3377\/revisions"}],"predecessor-version":[{"id":3380,"href":"https:\/\/wp.ufpel.edu.br\/ga\/wp-json\/wp\/v2\/pages\/3377\/revisions\/3380"}],"wp:attachment":[{"href":"https:\/\/wp.ufpel.edu.br\/ga\/wp-json\/wp\/v2\/media?parent=3377"}],"curies":[{"name":"wp","href":"https:\/\/api.w.org\/{rel}","templated":true}]}}