{"id":3340,"date":"2023-04-10T00:18:32","date_gmt":"2023-04-10T03:18:32","guid":{"rendered":"https:\/\/wp.ufpel.edu.br\/ga\/?page_id=3340"},"modified":"2026-02-22T19:25:27","modified_gmt":"2026-02-22T22:25:27","slug":"horarios-e-locais-de-aula-2","status":"publish","type":"page","link":"https:\/\/wp.ufpel.edu.br\/ga\/sou-alunoa\/horarios-e-locais-de-aula-2\/","title":{"rendered":"Hor\u00e1rios e locais de aula:"},"content":{"rendered":"<p><span style=\"color: #ff6600;\"><strong>\u00bb <span style=\"color: #000000;\">Grade de h<\/span><span style=\"color: #000000;\">or\u00e1rios 2026-01: <\/span><\/strong><\/span><a href=\"https:\/\/wp.ufpel.edu.br\/ga\/sou-alunoa\/horarios-e-locais-de-aula-2\/horario-202601-pagina-do-curso\/\" rel=\"attachment wp-att-4028\">HOR\u00c1RIOS 2026-01 Gest\u00e3o Ambiental<\/a><\/p>\n<p><span style=\"font-family: georgia, palatino, serif; color: #ff9900;\"><strong>\u00bb <\/strong><\/span>Salas de aula:\u00a0<a href=\"https:\/\/wp.ufpel.edu.br\/ga\/2023\/01\/17\/salas-de-aula-2022-2\/\">https:\/\/wp.ufpel.edu.br\/ga\/2023\/01\/17\/salas-de-aula-2022-2\/<\/a><\/p>\n<p><strong><span style=\"color: #ff9900;\">\u00bb<\/span>\u00a0<\/strong>Endere\u00e7o:\u00a0<strong>Campus II: Rua Almirante Barroso, 1202<\/strong><\/p>\n<p><b><strong><span style=\"color: #ff9900;\">\u00bb<\/span><\/strong>\u00a0<\/b>Laborat\u00f3rio de inform\u00e1tica: Rua Benjamin Constant, 989 \u2013 Porto (Cotada \u2013 Ceng \u2013 sala 501)<\/p>\n<p><strong><span style=\"color: #ff9900;\">\u00bb<\/span> <\/strong>Biblioteca: Rua Alberto Rosa, 117 (Ci\u00eancias Sociais) \u2013\u00a0<a href=\"https:\/\/wp.ufpel.edu.br\/bcs\/\">https:\/\/wp.ufpel.edu.br\/bcs\/<\/a><\/p>\n","protected":false},"excerpt":{"rendered":"<p>\u00bb Grade de hor\u00e1rios 2026-01: HOR\u00c1RIOS 2026-01 Gest\u00e3o Ambiental \u00bb Salas de aula:\u00a0https:\/\/wp.ufpel.edu.br\/ga\/2023\/01\/17\/salas-de-aula-2022-2\/ \u00bb\u00a0Endere\u00e7o:\u00a0Campus II: Rua Almirante Barroso, 1202 \u00bb\u00a0Laborat\u00f3rio de inform\u00e1tica: Rua Benjamin Constant, 989 \u2013 Porto (Cotada \u2013 Ceng \u2013 sala 501) \u00bb Biblioteca: Rua Alberto Rosa, 117 (Ci\u00eancias Sociais) \u2013\u00a0https:\/\/wp.ufpel.edu.br\/bcs\/<\/p>\n","protected":false},"author":473,"featured_media":0,"parent":3235,"menu_order":1,"comment_status":"closed","ping_status":"closed","template":"","meta":{"footnotes":""},"class_list":["post-3340","page","type-page","status-publish","hentry"],"_links":{"self":[{"href":"https:\/\/wp.ufpel.edu.br\/ga\/wp-json\/wp\/v2\/pages\/3340","targetHints":{"allow":["GET"]}}],"collection":[{"href":"https:\/\/wp.ufpel.edu.br\/ga\/wp-json\/wp\/v2\/pages"}],"about":[{"href":"https:\/\/wp.ufpel.edu.br\/ga\/wp-json\/wp\/v2\/types\/page"}],"author":[{"embeddable":true,"href":"https:\/\/wp.ufpel.edu.br\/ga\/wp-json\/wp\/v2\/users\/473"}],"replies":[{"embeddable":true,"href":"https:\/\/wp.ufpel.edu.br\/ga\/wp-json\/wp\/v2\/comments?post=3340"}],"version-history":[{"count":3,"href":"https:\/\/wp.ufpel.edu.br\/ga\/wp-json\/wp\/v2\/pages\/3340\/revisions"}],"predecessor-version":[{"id":4031,"href":"https:\/\/wp.ufpel.edu.br\/ga\/wp-json\/wp\/v2\/pages\/3340\/revisions\/4031"}],"up":[{"embeddable":true,"href":"https:\/\/wp.ufpel.edu.br\/ga\/wp-json\/wp\/v2\/pages\/3235"}],"wp:attachment":[{"href":"https:\/\/wp.ufpel.edu.br\/ga\/wp-json\/wp\/v2\/media?parent=3340"}],"curies":[{"name":"wp","href":"https:\/\/api.w.org\/{rel}","templated":true}]}}