{"id":3335,"date":"2023-04-10T00:13:34","date_gmt":"2023-04-10T03:13:34","guid":{"rendered":"https:\/\/wp.ufpel.edu.br\/ga\/?page_id=3335"},"modified":"2026-02-24T16:41:08","modified_gmt":"2026-02-24T19:41:08","slug":"horarios-e-locais-de-aula","status":"publish","type":"page","link":"https:\/\/wp.ufpel.edu.br\/ga\/horarios-e-locais-de-aula\/","title":{"rendered":"Hor\u00e1rios e locais de aula"},"content":{"rendered":"<p><strong><span style=\"color: #ff6600;\">Per\u00edodo letivo 2026-1:<\/span><\/strong><\/p>\n<p><a href=\"https:\/\/wp.ufpel.edu.br\/ga\/horarios-e-locais-de-aula\/grade-de-ofertas-2026-01-gestao-ambiental-bacharelado\/\" rel=\"attachment wp-att-4038\">Grade de Ofertas 2026-01 Gest\u00e3o Ambiental Bacharelado<\/a><\/p>\n<p><span style=\"color: #ff6600;\"><strong>\u00bb <\/strong><\/span>Locais\/Salas de aula: ser\u00e3o informados neste site ap\u00f3s a disponibiliza\u00e7\u00e3o pela Se\u00e7\u00e3o de Aloca\u00e7\u00e3o e Compartilhamento de Espa\u00e7os (SACE), conforme prazos do Calend\u00e1rio Acad\u00eamico.<\/p>\n<p>&nbsp;<\/p>\n<p><strong><span style=\"color: #ff6600;\">Per\u00edodo letivo 2023-1:<\/span><\/strong><\/p>\n<p><strong><span style=\"color: #ff9900;\">\u00bb <\/span><\/strong>Salas de aula: <a href=\"https:\/\/wp.ufpel.edu.br\/ga\/2023\/05\/27\/salas-de-aula-2023-1\/\">Gest\u00e3o Ambiental Bacharelado e Curso Superior de Tecnologia em Gest\u00e3o Ambiental \u00bb Salas de aula 2023\/1 (ufpel.edu.br)<\/a><\/p>\n<p><span style=\"color: #ff9900;\">\u00bb <\/span>Endere\u00e7o:\u00a0<strong>Campus II: Rua Almirante Barroso, 1202<\/strong><\/p>\n<p><span style=\"color: #ff9900;\">\u00bb <\/span>Laborat\u00f3rio de inform\u00e1tica: Rua Benjamin Constant, 989 \u2013 Porto (Cotada \u2013 Ceng \u2013 sala 501)<\/p>\n<p><span style=\"color: #ff9900;\">\u00bb <\/span>Biblioteca: Rua Alberto Rosa, 117 (Ci\u00eancias Sociais) \u2013\u00a0<a href=\"https:\/\/wp.ufpel.edu.br\/bcs\/\">https:\/\/wp.ufpel.edu.br\/bcs\/<\/a><\/p>\n","protected":false},"excerpt":{"rendered":"<p>Per\u00edodo letivo 2026-1: Grade de Ofertas 2026-01 Gest\u00e3o Ambiental Bacharelado \u00bb Locais\/Salas de aula: ser\u00e3o informados neste site ap\u00f3s a disponibiliza\u00e7\u00e3o pela Se\u00e7\u00e3o de Aloca\u00e7\u00e3o e Compartilhamento de Espa\u00e7os (SACE), conforme prazos do Calend\u00e1rio Acad\u00eamico. &nbsp; Per\u00edodo letivo 2023-1: \u00bb Salas de aula: Gest\u00e3o Ambiental Bacharelado e Curso Superior de Tecnologia em Gest\u00e3o Ambiental \u00bb [&hellip;]<\/p>\n","protected":false},"author":473,"featured_media":0,"parent":0,"menu_order":0,"comment_status":"closed","ping_status":"closed","template":"","meta":{"footnotes":""},"class_list":["post-3335","page","type-page","status-publish","hentry"],"_links":{"self":[{"href":"https:\/\/wp.ufpel.edu.br\/ga\/wp-json\/wp\/v2\/pages\/3335","targetHints":{"allow":["GET"]}}],"collection":[{"href":"https:\/\/wp.ufpel.edu.br\/ga\/wp-json\/wp\/v2\/pages"}],"about":[{"href":"https:\/\/wp.ufpel.edu.br\/ga\/wp-json\/wp\/v2\/types\/page"}],"author":[{"embeddable":true,"href":"https:\/\/wp.ufpel.edu.br\/ga\/wp-json\/wp\/v2\/users\/473"}],"replies":[{"embeddable":true,"href":"https:\/\/wp.ufpel.edu.br\/ga\/wp-json\/wp\/v2\/comments?post=3335"}],"version-history":[{"count":4,"href":"https:\/\/wp.ufpel.edu.br\/ga\/wp-json\/wp\/v2\/pages\/3335\/revisions"}],"predecessor-version":[{"id":4044,"href":"https:\/\/wp.ufpel.edu.br\/ga\/wp-json\/wp\/v2\/pages\/3335\/revisions\/4044"}],"wp:attachment":[{"href":"https:\/\/wp.ufpel.edu.br\/ga\/wp-json\/wp\/v2\/media?parent=3335"}],"curies":[{"name":"wp","href":"https:\/\/api.w.org\/{rel}","templated":true}]}}