{"id":3270,"date":"2023-03-02T00:41:58","date_gmt":"2023-03-02T03:41:58","guid":{"rendered":"https:\/\/wp.ufpel.edu.br\/ga\/?page_id=3270"},"modified":"2026-02-24T16:01:12","modified_gmt":"2026-02-24T19:01:12","slug":"contato","status":"publish","type":"page","link":"https:\/\/wp.ufpel.edu.br\/ga\/contato\/","title":{"rendered":"Contatos"},"content":{"rendered":"<p><span style=\"color: #000000;\"><b>Coordena\u00e7\u00e3o do Curso de Gest\u00e3o Ambiental\u00a0<\/b><\/span><\/p>\n<p><span class=\"kt-svg-icon-list-text\" style=\"color: #000000;\"><strong><span style=\"color: #ff6600;\">\u00bb<\/span> <span style=\"color: #333399;\">endere\u00e7o:<\/span><\/strong> Rua Lobo da Costa, 587 &#8211; Centro, Pelotas\/RS<\/span><\/p>\n<p><span class=\"kt-svg-icon-list-text\" style=\"color: #000000;\"><strong><span style=\"color: #ff6600;\">\u00bb <span style=\"color: #333399;\">e-mail<\/span><span style=\"color: #000080;\">:<\/span><\/span><\/strong> cursos03.cim@gmail.com<\/span><\/p>\n<p><strong><span style=\"color: #ff6600;\">\u00bb<\/span><\/strong><span style=\"color: #333399;\"><strong> e-mail coordena\u00e7\u00e3o<\/strong><\/span>: Prof Celso Corradi &#8211; celsoelias.corradi@gmail.com<\/p>\n<p class=\"kt-adv-heading_5c5c47-1b wp-block-kadence-advancedheading\" data-kb-block=\"kb-adv-heading_5c5c47-1b\"><span style=\"color: #000000;\"><b>Secretaria Unificada (Centro de Integra\u00e7\u00e3o do Mercosul &#8211; CIM*)<\/b><\/span><\/p>\n<p class=\"kt-adv-heading_5c5c47-1b wp-block-kadence-advancedheading\" data-kb-block=\"kb-adv-heading_5c5c47-1b\"><span style=\"color: #000000;\"><strong><span style=\"color: #333399;\">Atendimento:<\/span>\u00a0<\/strong>de segunda \u00e0 sexta-feira<\/span><\/p>\n<div class=\"wp-block-kadence-iconlist kt-svg-icon-list-items kt-svg-icon-list-items_07336d-d2 kt-svg-icon-list-columns-1 alignnone\">\n<p style=\"text-align: justify;\"><span class=\"kt-svg-icon-list-text\" style=\"color: #000000;\"><span style=\"color: #ff6600;\"><strong>\u00bb <span style=\"color: #333399;\">online pelo e-mail:<\/span><\/strong><\/span>\u00a0cursos03.cim@gmail.com<\/span><\/p>\n<p><span class=\"kt-svg-icon-list-text\" style=\"color: #000000;\"><strong><span style=\"color: #ff6600;\">\u00bb<\/span> <span style=\"color: #333399;\">presencial:<\/span><\/strong> Rua Andrade Neves, 1529 &#8211; Centro, Pelotas\/RS (Centro de Integra\u00e7\u00e3o do Mercosul &#8211; pr\u00f3ximo ao Mercado P\u00fablico)<\/span><\/p>\n<p style=\"text-align: justify;\"><span class=\"kt-svg-icon-list-text\" style=\"color: #000000;\"><span style=\"color: #ff6600;\"><strong>\u00bb <span style=\"color: #333399;\">telefone:<\/span><\/strong><\/span> (53) 3284-1662<\/span><\/p>\n<\/div>\n<p><span style=\"color: #000000;\"><strong>Biblioteca &#8211;\u00a0<\/strong><\/span><a href=\"https:\/\/wp.ufpel.edu.br\/bcs\/\">https:\/\/wp.ufpel.edu.br\/bcs\/<\/a><\/p>\n<p>Rua Alberto Rosa, 117, Pelotas\/RS<\/p>\n<p>Tel.: (53) 3284-3171 (Balc\u00e3o de empr\u00e9stimo)<\/p>\n<p>e-mail: atendimento.bcs@ufpel.edu.br<\/p>\n<p>Tel.: (53) 3284-3170 (Processamento T\u00e9cnico)<\/p>\n<p>e-mail: bcsufpel@ufpel.edu.br \u2013 \u00a0bcsufpel@gmail.com<\/p>\n<hr \/>\n<p>*O <strong>Centro de Integra\u00e7\u00e3o do Mercosul (CIM)<\/strong> \u00e9 uma unidade acad\u00eamica que tem como finalidade abrigar Cursos de Gradua\u00e7\u00e3o, P\u00f3s-Gradua\u00e7\u00e3o e investiga\u00e7\u00e3o cient\u00edfica e cultural para a integra\u00e7\u00e3o do Brasil e do MERCOSUL com outros pa\u00edses sul americanos e de outros continentes, conforme Portaria N\u00ba 026 de 06 de janeiro de 2012.<\/p>\n","protected":false},"excerpt":{"rendered":"<p>Coordena\u00e7\u00e3o do Curso de Gest\u00e3o Ambiental\u00a0 \u00bb endere\u00e7o: Rua Lobo da Costa, 587 &#8211; Centro, Pelotas\/RS \u00bb e-mail: cursos03.cim@gmail.com \u00bb e-mail coordena\u00e7\u00e3o: Prof Celso Corradi &#8211; celsoelias.corradi@gmail.com Secretaria Unificada (Centro de Integra\u00e7\u00e3o do Mercosul &#8211; CIM*) Atendimento:\u00a0de segunda \u00e0 sexta-feira \u00bb online pelo e-mail:\u00a0cursos03.cim@gmail.com \u00bb presencial: Rua Andrade Neves, 1529 &#8211; Centro, Pelotas\/RS (Centro de [&hellip;]<\/p>\n","protected":false},"author":473,"featured_media":0,"parent":0,"menu_order":0,"comment_status":"closed","ping_status":"closed","template":"","meta":{"footnotes":""},"class_list":["post-3270","page","type-page","status-publish","hentry"],"_links":{"self":[{"href":"https:\/\/wp.ufpel.edu.br\/ga\/wp-json\/wp\/v2\/pages\/3270","targetHints":{"allow":["GET"]}}],"collection":[{"href":"https:\/\/wp.ufpel.edu.br\/ga\/wp-json\/wp\/v2\/pages"}],"about":[{"href":"https:\/\/wp.ufpel.edu.br\/ga\/wp-json\/wp\/v2\/types\/page"}],"author":[{"embeddable":true,"href":"https:\/\/wp.ufpel.edu.br\/ga\/wp-json\/wp\/v2\/users\/473"}],"replies":[{"embeddable":true,"href":"https:\/\/wp.ufpel.edu.br\/ga\/wp-json\/wp\/v2\/comments?post=3270"}],"version-history":[{"count":4,"href":"https:\/\/wp.ufpel.edu.br\/ga\/wp-json\/wp\/v2\/pages\/3270\/revisions"}],"predecessor-version":[{"id":4040,"href":"https:\/\/wp.ufpel.edu.br\/ga\/wp-json\/wp\/v2\/pages\/3270\/revisions\/4040"}],"wp:attachment":[{"href":"https:\/\/wp.ufpel.edu.br\/ga\/wp-json\/wp\/v2\/media?parent=3270"}],"curies":[{"name":"wp","href":"https:\/\/api.w.org\/{rel}","templated":true}]}}