{"id":2714,"date":"2020-12-03T15:46:11","date_gmt":"2020-12-03T18:46:11","guid":{"rendered":"https:\/\/wp.ufpel.edu.br\/ga\/?page_id=2714"},"modified":"2020-12-03T15:53:00","modified_gmt":"2020-12-03T18:53:00","slug":"eleicao-coordenacao-gab-2021-22","status":"publish","type":"page","link":"https:\/\/wp.ufpel.edu.br\/ga\/eleicao-coordenacao-gab-2021-22\/","title":{"rendered":"ELEI\u00c7\u00c3O COORDENA\u00c7\u00c3O GAB (2021-22)"},"content":{"rendered":"<p>HOMOLOGA\u00c7\u00c3O INSCRI\u00c7\u00d5ES &#8211; ELEI\u00c7\u00c3O COORDENA\u00c7\u00c3O E COORDENA~~AO ADJUNTA GEST\u00c3O AMBIENTAL\u00a0 (3011\/2020)<\/p>\n<p>A Comiss\u00e3o organizadora para elei\u00e7\u00e3o de coordena\u00e7\u00e3o do curso de Gest\u00e3o Ambiental Bacharelado, reunida no dia 30\/11\/2020, sob Presid\u00eancia do Prof. Dr. Cleiton Stigger Perleberg, HOMOLOGA as inscri\u00e7\u00f5es da chapa \u00fanica concorrente aos cargos de coordenador e coordenador adjunto do Curso de Gest\u00e3o Ambiental Bacharelado (Gest\u00e3o 2021-2022):<\/p>\n<p>\u2013 CHAPA \u00daNICA:<\/p>\n<p>cargo coordena\u00e7\u00e3o: Prof. Dr. Jo\u00e3o Carlos de Oliveira Koglin<\/p>\n<p>cargo coordena\u00e7\u00e3o adjunta: Profa. Dra. Fernanda Medeiros Gon\u00e7alves<\/p>\n<p>Todos os documentos pertinentes ao pleito (incluindo edital, cronograma e formul\u00e1rios) est\u00e3o dispon\u00edveis no processo administrativo: 23110.031944\/2020-39<\/p>\n<h1 class=\"corTexto\">******************<\/h1>\n<p>HOMOLOGA\u00c7\u00c3O DEFINITIVA (03\/12\/2020)<\/p>\n<p>A Comiss\u00e3o organizadora para elei\u00e7\u00e3o de coordena\u00e7\u00e3o do curso de Gest\u00e3o Ambiental Bacharelado, reunida no dia 03\/12\/2020, sob Presid\u00eancia do Prof. Dr. Cleiton Stigger Perleberg, HOMOLOGA EM DEFINITIVO as inscri\u00e7\u00f5es da chapa \u00fanica concorrente aos cargos de coordenador e coordenador adjunto do Curso de Gest\u00e3o Ambiental Bacharelado (Gest\u00e3o 2021-2022), em conformidade com a inscri\u00e7\u00e3o e com a homologa\u00e7\u00e3o inicial.<\/p>\n<p>Todos os documentos pertinentes ao pleito (incluindo edital, cronograma e formul\u00e1rios) est\u00e3o dispon\u00edveis no processo administrativo: 23110.031944\/2020-39<\/p>\n<p>************************************<\/p>\n","protected":false},"excerpt":{"rendered":"<p>HOMOLOGA\u00c7\u00c3O INSCRI\u00c7\u00d5ES &#8211; ELEI\u00c7\u00c3O COORDENA\u00c7\u00c3O E COORDENA~~AO ADJUNTA GEST\u00c3O AMBIENTAL\u00a0 (3011\/2020) A Comiss\u00e3o organizadora para elei\u00e7\u00e3o de coordena\u00e7\u00e3o do curso de Gest\u00e3o Ambiental Bacharelado, reunida no dia 30\/11\/2020, sob Presid\u00eancia do Prof. Dr. Cleiton Stigger Perleberg, HOMOLOGA as inscri\u00e7\u00f5es da chapa \u00fanica concorrente aos cargos de coordenador e coordenador adjunto do Curso de Gest\u00e3o Ambiental [&hellip;]<\/p>\n","protected":false},"author":473,"featured_media":0,"parent":0,"menu_order":0,"comment_status":"closed","ping_status":"closed","template":"","meta":{"footnotes":""},"class_list":["post-2714","page","type-page","status-publish","hentry"],"_links":{"self":[{"href":"https:\/\/wp.ufpel.edu.br\/ga\/wp-json\/wp\/v2\/pages\/2714","targetHints":{"allow":["GET"]}}],"collection":[{"href":"https:\/\/wp.ufpel.edu.br\/ga\/wp-json\/wp\/v2\/pages"}],"about":[{"href":"https:\/\/wp.ufpel.edu.br\/ga\/wp-json\/wp\/v2\/types\/page"}],"author":[{"embeddable":true,"href":"https:\/\/wp.ufpel.edu.br\/ga\/wp-json\/wp\/v2\/users\/473"}],"replies":[{"embeddable":true,"href":"https:\/\/wp.ufpel.edu.br\/ga\/wp-json\/wp\/v2\/comments?post=2714"}],"version-history":[{"count":3,"href":"https:\/\/wp.ufpel.edu.br\/ga\/wp-json\/wp\/v2\/pages\/2714\/revisions"}],"predecessor-version":[{"id":2719,"href":"https:\/\/wp.ufpel.edu.br\/ga\/wp-json\/wp\/v2\/pages\/2714\/revisions\/2719"}],"wp:attachment":[{"href":"https:\/\/wp.ufpel.edu.br\/ga\/wp-json\/wp\/v2\/media?parent=2714"}],"curies":[{"name":"wp","href":"https:\/\/api.w.org\/{rel}","templated":true}]}}