{"id":2391,"date":"2020-02-12T11:45:59","date_gmt":"2020-02-12T14:45:59","guid":{"rendered":"https:\/\/wp.ufpel.edu.br\/ga\/?page_id=2391"},"modified":"2020-02-12T11:47:24","modified_gmt":"2020-02-12T14:47:24","slug":"alunos-ingressantes-2020-1","status":"publish","type":"page","link":"https:\/\/wp.ufpel.edu.br\/ga\/alunos-ingressantes-2020-1\/","title":{"rendered":"ALUNOS INGRESSANTES 2020\/1"},"content":{"rendered":"<p>Aten\u00e7\u00e3o alunos ingressantes 2020\/1<\/p>\n<ul>\n<li>todos os alunos ingressantes 2020\/1 que realizaram matr\u00edcula at\u00e9 o dia 11 de fevereiro j\u00e1 est\u00e3o cadastrados nas disciplinas que ir\u00e3o cursar no semestre (caso algum aluno n\u00e3o esteja conseguindo acessar o comprovante de matr\u00edcula entre em contato com a secretaria do curso &#8211; 53-3284.3125 &#8211; das 08:00 \u00e0s 12:00);<\/li>\n<li>entre no sistema acad\u00eamico cobalto e confira as disciplinas e os hor\u00e1rios de aula;<\/li>\n<li>as salas de aula referentes \u00e0 cada disciplina ser\u00e3o divulgadas em breve (o pr\u00e9dio das salas de aula \u00e9 Campus II do ICH UFPel &#8211; R. Almirante\u00a0 Barroso, 1202 &#8211; entre Tr\u00eas de Maio e Gomes Carneiro);<\/li>\n<li>a secretaria, coordena\u00e7\u00e3o do curso e salas dos professores est\u00e3o localizadas na rua Almirante Barroso, 1754 (esquina Lobo da Costa).<\/li>\n<\/ul>\n","protected":false},"excerpt":{"rendered":"<p>Aten\u00e7\u00e3o alunos ingressantes 2020\/1 todos os alunos ingressantes 2020\/1 que realizaram matr\u00edcula at\u00e9 o dia 11 de fevereiro j\u00e1 est\u00e3o cadastrados nas disciplinas que ir\u00e3o cursar no semestre (caso algum aluno n\u00e3o esteja conseguindo acessar o comprovante de matr\u00edcula entre em contato com a secretaria do curso &#8211; 53-3284.3125 &#8211; das 08:00 \u00e0s 12:00); entre [&hellip;]<\/p>\n","protected":false},"author":473,"featured_media":0,"parent":0,"menu_order":0,"comment_status":"closed","ping_status":"closed","template":"","meta":{"footnotes":""},"class_list":["post-2391","page","type-page","status-publish","hentry"],"_links":{"self":[{"href":"https:\/\/wp.ufpel.edu.br\/ga\/wp-json\/wp\/v2\/pages\/2391","targetHints":{"allow":["GET"]}}],"collection":[{"href":"https:\/\/wp.ufpel.edu.br\/ga\/wp-json\/wp\/v2\/pages"}],"about":[{"href":"https:\/\/wp.ufpel.edu.br\/ga\/wp-json\/wp\/v2\/types\/page"}],"author":[{"embeddable":true,"href":"https:\/\/wp.ufpel.edu.br\/ga\/wp-json\/wp\/v2\/users\/473"}],"replies":[{"embeddable":true,"href":"https:\/\/wp.ufpel.edu.br\/ga\/wp-json\/wp\/v2\/comments?post=2391"}],"version-history":[{"count":3,"href":"https:\/\/wp.ufpel.edu.br\/ga\/wp-json\/wp\/v2\/pages\/2391\/revisions"}],"predecessor-version":[{"id":2396,"href":"https:\/\/wp.ufpel.edu.br\/ga\/wp-json\/wp\/v2\/pages\/2391\/revisions\/2396"}],"wp:attachment":[{"href":"https:\/\/wp.ufpel.edu.br\/ga\/wp-json\/wp\/v2\/media?parent=2391"}],"curies":[{"name":"wp","href":"https:\/\/api.w.org\/{rel}","templated":true}]}}