{"id":2292,"date":"2019-10-08T13:45:32","date_gmt":"2019-10-08T16:45:32","guid":{"rendered":"https:\/\/wp.ufpel.edu.br\/ga\/?page_id=2292"},"modified":"2019-10-08T17:59:06","modified_gmt":"2019-10-08T20:59:06","slug":"colacao-de-grau-cstga-2019-2","status":"publish","type":"page","link":"https:\/\/wp.ufpel.edu.br\/ga\/colacao-de-grau-cstga-2019-2\/","title":{"rendered":"Cola\u00e7\u00e3o de grau CSTGA 2019\/2"},"content":{"rendered":"<h4>LEMBREM-SE DE VERIFICAR AS INFORMA\u00c7\u00d5ES SOBRE ENADE: https:\/\/wp.ufpel.edu.br\/ga\/enade-2019-cstga\/<\/h4>\n<p>*************************************************************************************************************<\/p>\n<p><strong>CRONOGRAMA COLA\u00c7\u00c3O DE GRAU<\/strong> (08\/10\/2019)<\/p>\n<p>Veja aqui cronograma com rotinas administrativas e entrega de documentos que os alunos devem seguir para poder colar grau!<\/p>\n<p>Aqui: <a href=\"https:\/\/wp.ufpel.edu.br\/ga\/files\/2019\/10\/CRONOGRAMA-COLA\u00c7\u00c3O-DE-GRAU-2019-2-para-divulga\u00e7\u00e3o.pdf\">CRONOGRAMA COLA\u00c7\u00c3O DE GRAU 2019-2 &#8211; para divulga\u00e7\u00e3o<\/a><\/p>\n<p>&nbsp;<\/p>\n<p><strong>Formul\u00e1rios importantes:<\/strong><\/p>\n<ul>\n<li>formul\u00e1rio para cola\u00e7\u00e3o de grau (entregar junto com a documenta\u00e7\u00e3o na secretaria): <a href=\"https:\/\/wp.ufpel.edu.br\/ga\/files\/2019\/10\/FORMUL\u00c1RIO-COLA\u00c7\u00c3O-DE-GRAU-\u2013-2019-2.docx\">FORMUL\u00c1RIO COLA\u00c7\u00c3O DE GRAU \u2013 2019-2<\/a><\/li>\n<li>aproveitamento de disciplinas: <a href=\"https:\/\/wp.ufpel.edu.br\/ga\/files\/2019\/10\/Requerimento-de-aproveitamento-de-estudos.pdf\">Requerimento-de-aproveitamento-de-estudos<\/a><\/li>\n<li>termo de compromisso est\u00e1gio: <a href=\"https:\/\/wp.ufpel.edu.br\/ga\/files\/2019\/10\/Termo-de-compromisso-entrega-relat\u00f3rio-est\u00e1gio.docx\">Termo de compromisso entrega relat\u00f3rio est\u00e1gio<\/a><\/li>\n<\/ul>\n<p>&#8211; Alunos que tenham urg\u00eancia na expedi\u00e7\u00e3o do diploma, podem ap\u00f3s a cola\u00e7\u00e3o de grau enviar este formul\u00e1rio ao CRA: https:\/\/wp.ufpel.edu.br\/cra\/solicitacao-de-urgencia\/<\/p>\n<p>&nbsp;<\/p>\n<p>*************************************************************************************************************<\/p>\n<h4>REUNI\u00c3O COM ALUNOS PROV\u00c1VEIS FORMANDOS \u2013 CSTGA 2019-2 <em>(08\/10\/2019)<\/em><\/h4>\n<p>CONVOCA\u00c7\u00c3O para\u00a0<em>Reuni\u00e3o ordin\u00e1ria da Coordena\u00e7\u00e3o e dos alunos regularmente vinculados ao Curso Superior de Tecnologia em Gest\u00e3o Ambiental*\u00a0<\/em>a ser realizada no dia 08 de outubro de 2019 (ter\u00e7a-feira), com in\u00edcio \u00e0s 17:00, na sala de reuni\u00f5es do curso colegiado do curso (sito \u00e0 rua Almirante Barroso, 1734 \u2013 sala 201).<\/p>\n<p><strong>ORDEM DO DIA:\u00a0<\/strong>ORIENTA\u00c7\u00d5ES SOBRE COLA\u00c7\u00c3O DE GRAU 2019\/2<\/p>\n<p><em>* esta reuni\u00e3o tem como p\u00fablico alvo os alunos regularmente matriculados no Curso Superior de Tecnologia em Gest\u00e3o Ambiental e que pretendem colar grau em 2019\/2.<\/em><\/p>\n<p><em>\u00a0<\/em>Veja \u00edntegra da convoca\u00e7\u00e3o:\u00a0https:\/\/wp.ufpel.edu.br\/ga\/2019\/09\/30\/reuniao-com-alunos-provaveis-formandos-cstga-2019-2\/<\/p>\n<p>&nbsp;<\/p>\n<hr \/>\n<p>&nbsp;<\/p>\n","protected":false},"excerpt":{"rendered":"<p>LEMBREM-SE DE VERIFICAR AS INFORMA\u00c7\u00d5ES SOBRE ENADE: https:\/\/wp.ufpel.edu.br\/ga\/enade-2019-cstga\/ ************************************************************************************************************* CRONOGRAMA COLA\u00c7\u00c3O DE GRAU (08\/10\/2019) Veja aqui cronograma com rotinas administrativas e entrega de documentos que os alunos devem seguir para poder colar grau! Aqui: CRONOGRAMA COLA\u00c7\u00c3O DE GRAU 2019-2 &#8211; para divulga\u00e7\u00e3o &nbsp; Formul\u00e1rios importantes: formul\u00e1rio para cola\u00e7\u00e3o de grau (entregar junto com a documenta\u00e7\u00e3o [&hellip;]<\/p>\n","protected":false},"author":473,"featured_media":0,"parent":0,"menu_order":0,"comment_status":"closed","ping_status":"closed","template":"","meta":{"footnotes":""},"class_list":["post-2292","page","type-page","status-publish","hentry"],"_links":{"self":[{"href":"https:\/\/wp.ufpel.edu.br\/ga\/wp-json\/wp\/v2\/pages\/2292","targetHints":{"allow":["GET"]}}],"collection":[{"href":"https:\/\/wp.ufpel.edu.br\/ga\/wp-json\/wp\/v2\/pages"}],"about":[{"href":"https:\/\/wp.ufpel.edu.br\/ga\/wp-json\/wp\/v2\/types\/page"}],"author":[{"embeddable":true,"href":"https:\/\/wp.ufpel.edu.br\/ga\/wp-json\/wp\/v2\/users\/473"}],"replies":[{"embeddable":true,"href":"https:\/\/wp.ufpel.edu.br\/ga\/wp-json\/wp\/v2\/comments?post=2292"}],"version-history":[{"count":6,"href":"https:\/\/wp.ufpel.edu.br\/ga\/wp-json\/wp\/v2\/pages\/2292\/revisions"}],"predecessor-version":[{"id":2306,"href":"https:\/\/wp.ufpel.edu.br\/ga\/wp-json\/wp\/v2\/pages\/2292\/revisions\/2306"}],"wp:attachment":[{"href":"https:\/\/wp.ufpel.edu.br\/ga\/wp-json\/wp\/v2\/media?parent=2292"}],"curies":[{"name":"wp","href":"https:\/\/api.w.org\/{rel}","templated":true}]}}