{"id":2243,"date":"2019-08-27T17:29:46","date_gmt":"2019-08-27T20:29:46","guid":{"rendered":"https:\/\/wp.ufpel.edu.br\/ga\/?page_id=2243"},"modified":"2019-11-11T17:54:29","modified_gmt":"2019-11-11T20:54:29","slug":"enade-2019-cstga","status":"publish","type":"page","link":"https:\/\/wp.ufpel.edu.br\/ga\/enade-2019-cstga\/","title":{"rendered":"ENADE 2019 &#8211; CSTGA"},"content":{"rendered":"<h4>LEMBREM-SE DE VERIFICAR AS INFORMA\u00c7\u00d5ES SOBRE COLA\u00c7\u00c3O DE GRAU: https:\/\/wp.ufpel.edu.br\/ga\/colacao-de-grau-cstga-2019-2\/<\/h4>\n<p><strong>ENADE E DIPLOMA<\/strong><\/p>\n<p>Alunos que foram convocados para o ENADE devem realizar a prova INDEPENDE se ir\u00e3o colar grau em 2019\/2. A prova do Enade \u00e9 requisito obrigat\u00f3rio para o recebimento do diploma. Se o aluno convocado para a prova n\u00e3o a fizer, n\u00e3o poder\u00e1 receber o diploma. Neste caso, o aluno dever\u00e1 aguardar o pr\u00f3ximo per\u00edodo de Enade para ent\u00e3o realizar a prova e por fim, receber o diploma.<\/p>\n<p>***********<\/p>\n<p>LOCAL DE PROVA ENADE:<\/p>\n<p>Conforme divulgado em edital, publica\u00e7\u00e3o dos locais de prova para Enade 2019 ser\u00e1 a partir de hoje. Confira!!!<\/p>\n<p>Lembro que o prazo para os estudantes concluintes efetuarem o preenchimento do question\u00e1rio do estudante vai at\u00e9 21 de novembro, diretamente no sistema Enade \u00a0<a href=\"http:\/\/enade.inep.gov.br\/enade\/#!\/index\">http:\/\/enade.inep.gov.br\/enade\/#!\/index<\/a><br \/>\nA consulta ao local de prova somente ser\u00e1 disponibilizada ao aluno\u00a0<u>ap\u00f3s o preenchimento do question\u00e1rio<\/u>, e de acordo com o cronograma do edital n\u00ba 43\/2019.<br \/>\nA prova do Enade est\u00e1 marcada para o\u00a0dia 24 de novembro de 2019, com in\u00edcio \u00e0s 13 horas.<\/p>\n<p>Publicado em: 08\/11\/2019<\/p>\n<p>**********<\/p>\n<p>LISTAGEM ATUALIZADA DO QUESTION\u00c1RIO ENADE! (30\/10\/2019)<\/p>\n<p>Alunos que <strong>N\u00c3O<\/strong> preencheram o question\u00e1rio:<br \/>\n&#8211;\u00a0033.489.070-55<br \/>\n&#8211;\u00a0021.056.280-36<br \/>\n&#8211;\u00a0010.650.230-14<br \/>\n&#8211;\u00a0024.589.910-33<\/p>\n<p>Alunos que <strong>J\u00c1<\/strong> preencheram o question\u00e1rio:<br \/>\n771.307.230-68<br \/>\n003.424.760-25<br \/>\n048.305.100-48<br \/>\n664.596.050-68<br \/>\n018.639.350-45<br \/>\n002.252.240-97<br \/>\n423.098.400-68<br \/>\n301.776.930-53<br \/>\n039.557.630-05<br \/>\n024.102.310-63<br \/>\n042.172.970-84<br \/>\n035.482.180-67<br \/>\n948.934.110-04<\/p>\n<p>&#8212;&#8212;&#8211;<\/p>\n<p><strong>IMPORTANTE: QUESTION\u00c1RIO DO ESTUDANTE<\/strong><\/p>\n<p>Lembro que o prazo para os estudantes concluintes efetuarem o preenchimento vai at\u00e9 21 de novembro, diretamente no sistema Enade\u00a0\u00a0<a href=\"http:\/\/enade.inep.gov.br\/enade\/#!\/index\">http:\/\/enade.inep.gov.br\/enade\/#!\/index<\/a><br \/>\nA consulta ao local de prova somente ser\u00e1 disponibilizada ao aluno ap\u00f3s o preenchimento do question\u00e1rio, e de acordo com o cronograma do edital n\u00ba 43\/2019. A previs\u00e3o para essa divulga\u00e7\u00e3o \u00e9 8 de novembro.<\/p>\n<p>Mesmo descobrindo onde far\u00e1 a prova, e comparecendo no dia 24 de novembro de 2019 ao local, se o aluno n\u00e3o preencher o question\u00e1rio, estar\u00e1 automaticamente irregular em rela\u00e7\u00e3o a avalia\u00e7\u00e3o, ficando impossibilitado de colar grau at\u00e9 a sua regulariza\u00e7\u00e3o.<br \/>\n<strong>Independente se o aluno ir\u00e1 colar grau em 2019\/2 ou n\u00e3o, deve preencher o question\u00e1rio do estudante e fazer a prova ENADE.<\/strong><\/p>\n<p>Segue abaixo a listagem dos alunos que N\u00c3O preencheram o question\u00e1rio do estudante (caso o aluno j\u00e1 tenha preenchido o question\u00e1rio e mesmo assim seu n\u00famero de matr\u00edcula esteja na lista abaixo, procure a coordena\u00e7\u00e3o do curso):<br \/>\n13906104<br \/>\n13906141<br \/>\n13906731<br \/>\n13906757<br \/>\n13916373<br \/>\n13907150<br \/>\n13907168<br \/>\n13916373<\/p>\n<p>Alunos que\u00a0<strong>J\u00c1<\/strong>\u00a0preencheram o question\u00e1rio do estudante:<br \/>\n13843462<br \/>\n13906278<br \/>\n13906426<br \/>\n13906787<br \/>\n13906846<br \/>\n13907384<br \/>\n13907595<br \/>\n13907791<br \/>\n13915709<br \/>\n13915809<\/p>\n<h1 class=\"corTexto\">Enade: aberto per\u00edodo para preenchimento de informa\u00e7\u00f5es do Estudante<\/h1>\n<p>Not\u00edcia de 07\/10\/2019<\/p>\n<p>Estudantes concluintes de cursos avaliados dentro do Enade (Exame Nacional de Desempenho de Estudantes) 2019 devem estar atentos \u00e0s datas que envolvem o processo neste ano. J\u00e1 est\u00e1 aberto o prazo para o cadastro de informa\u00e7\u00f5es pessoais pelos estudantes concluintes e o preenchimento do Question\u00e1rio do Estudante. Ambos s\u00e3o de preenchimento obrigat\u00f3rio e encerram no dia 21 de novembro. A prova ser\u00e1 no dia 24 de novembro, \u00e0s 13h.<\/p>\n<p>Na UFPel, devem participar da avalia\u00e7\u00e3o alunos dos cursos de Agronomia, Arquitetura e Urbanismo, Educa\u00e7\u00e3o F\u00edsica, Enfermagem, Engenharia Ambiental e Sanit\u00e1ria, Engenharia Civil, Engenharia de Computa\u00e7\u00e3o, Engenharia de Produ\u00e7\u00e3o, Engenharia de Controle e Automa\u00e7\u00e3o, Engenharia Eletr\u00f4nica, Engenharia H\u00eddrica, Engenharia de Petr\u00f3leo, Engenharia Geol\u00f3gica, Farm\u00e1cia, Medicina, Medicina Veterin\u00e1ria, Nutri\u00e7\u00e3o, Odontologia e Zootecnia, al\u00e9m do curso de Tecnologia em Gest\u00e3o Ambiental.<\/p>\n<p>O edital do Enade 2019 apresenta orienta\u00e7\u00f5es gerais, abordando, entre outras quest\u00f5es, a defini\u00e7\u00e3o das \u00e1reas de abrang\u00eancia do Exame e est\u00e1\u00a0<a href=\"http:\/\/download.inep.gov.br\/educacao_superior\/enade\/edital\/2019\/edital_n43_04062019-enade2019.pdf\">dispon\u00edvel aqui<\/a>.<\/p>\n<p><strong>Quem faz a Prova?<\/strong><br \/>\nOs estudantes concluintes dos bacharelados e tecn\u00f3logos avaliados no Enade 2019, devidamente inscritos pelas coordena\u00e7\u00f5es de curso. O Enade \u00e9 obrigat\u00f3rio nos cursos de gradua\u00e7\u00e3o e \u00e9 condi\u00e7\u00e3o pr\u00e9via para conclus\u00e3o de curso, cola\u00e7\u00e3o de grau, expedi\u00e7\u00e3o e registro do diploma. Os estudantes devem consultar seus Colegiados de Curso para saber se est\u00e3o nas listas.<\/p>\n<p><strong>O Enade<\/strong><br \/>\nO Exame integra o Sistema Nacional de Avalia\u00e7\u00e3o da Educa\u00e7\u00e3o Superior (Sinaes). \u00c9 uma prova realizada a cada tr\u00eas anos para avaliar o desempenho dos estudantes de gradua\u00e7\u00e3o com rela\u00e7\u00e3o aos conte\u00fados espec\u00edficos do seu curso e a temas de conhecimentos gerais.<\/p>\n<p>Veja em: http:\/\/ccs2.ufpel.edu.br\/wp\/2019\/10\/07\/enade-aberto-periodo-para-preenchimento-de-informacoes-do-estudante\/<\/p>\n<p>&nbsp;<\/p>\n<p>&#8212;&#8212;&#8212;&#8212;&#8212;&#8212;&#8212;&#8212;&#8212;&#8212;&#8212;&#8212;&#8212;&#8212;-<\/p>\n<p>&nbsp;<\/p>\n<p><strong>DATAS IMPORTANTES &#8211; ESTUDANTES<\/strong><\/p>\n<p>Not\u00edcia de: 03\/09\/2019<\/p>\n<p>A partir de hoje, est\u00e1 dispon\u00edvel, na vis\u00e3o do aluno do Sistema Enade, o m\u00f3dulo para preenchimento do question\u00e1rio do estudante.<\/p>\n<p><b>O<\/b>\u00a0<strong>Question\u00e1rio do estudante<\/strong><b>,\u00a0<u>componente de preenchimento obrigat\u00f3rio pelos\u00a0estudantes\u00a0CONCLUINTES\u00a0<\/u>para a regularidade no Enade, ficar\u00e1 dispon\u00edvel\u00a0<u>at\u00e9 o dia 21 de novembro de 2019.<\/u><\/b><\/p>\n<p>A consulta ao local de prova somente ser\u00e1 disponibilizada ao aluno ap\u00f3s o preenchimento do question\u00e1rio, e de acordo com o cronograma do edital n\u00ba 43\/2019. A previs\u00e3o para essa divulga\u00e7\u00e3o \u00e9 8 de novembro.<\/p>\n<p><b>Mesmo descobrindo onde far\u00e1 a prova, e comparecendo no dia 24 de novembro de 2019 ao local,\u00a0se o aluno n\u00e3o preencher o question\u00e1rio, estar\u00e1 automaticamente irregular em rela\u00e7\u00e3o a avalia\u00e7\u00e3o, ficando impossibilitado de colar grau at\u00e9 a sua regulariza\u00e7\u00e3o.<\/b><\/p>\n<p>Outros dois prazos est\u00e3o abertos a partir de hoje, conforme cronograma abaixo:<\/p>\n<p><b>02 a 13\/09\u00a0\u2013 Solicita\u00e7\u00e3o de Atendimento Especializado e\/ou Espec\u00edfico<br \/>\n02 a 13\/09\u00a0\u2013 Solicita\u00e7\u00e3o de Atendimento por Nome Social dos Estudantes Concluintes \u00a0<\/b><\/p>\n<p>Ambas as solicita\u00e7\u00f5es s\u00e3o feitas pelo pr\u00f3prio estudante com seu acesso ao sistema Enade. Pedidos feitos ap\u00f3s o prazo acima n\u00e3o ser\u00e3o aceitos pelo INEP.<\/p>\n<p>Os documentos necess\u00e1rios para as solicita\u00e7\u00f5es\u00a0est\u00e3o elencados no edital n\u00ba 43\/2019 e dever\u00e3o ser disponibilizados pelos alunos no pr\u00f3prio sistema Enade.<br \/>\n*************************************************************************************************************<\/p>\n<p><strong>Publica\u00e7\u00e3o de 27\/08\/2019<\/strong><\/p>\n<p>Convoca\u00e7\u00e3o para reuni\u00e3o (27\/08\/2019) &#8211; https:\/\/wp.ufpel.edu.br\/ga\/2019\/08\/19\/convocacao-para-reuniao-alunos-cstga-enade\/<\/p>\n<p>&nbsp;<\/p>\n<p><strong>ALUNOS CSTGA!<\/strong><\/p>\n<p>As informa\u00e7\u00f5es referentes ao ENADE 2019 ser\u00e3o postadas nesta p\u00e1gina e tamb\u00e9m enviadas pelo cobalto.<\/p>\n<p>De todo modo, mantenha-se informado pelo site (atrav\u00e9s do CPF) <strong>http:\/\/enade.inep.gov.br\/enade\/#!\/index<\/strong> -&gt;\u00a0 estudante<\/p>\n<p>-&gt;&gt; <strong>Question\u00e1rio do estudante<\/strong>: http:\/\/inep.gov.br\/web\/guest\/questionario-do-estudante<\/p>\n<p>-&gt;&gt; <strong>Provas e gabaritos de anos anteriores:<\/strong> http:\/\/inep.gov.br\/web\/guest\/educacao-superior\/enade\/provas-e-gabaritos<\/p>\n<p>-&gt;&gt;\u00a0<strong>Mais informa\u00e7\u00f5es sobre ENADE<\/strong>: http:\/\/inep.gov.br\/enade<\/p>\n<p><a href=\"https:\/\/wp.ufpel.edu.br\/ga\/files\/2019\/08\/Enade-banner.jpg\"><img class=\"alignnone size-medium wp-image-2248\" src=\"https:\/\/wp.ufpel.edu.br\/ga\/files\/2019\/08\/Enade-banner-400x400.jpg\" alt=\"\" width=\"400\" height=\"400\" srcset=\"https:\/\/wp.ufpel.edu.br\/ga\/files\/2019\/08\/Enade-banner-400x400.jpg 400w, https:\/\/wp.ufpel.edu.br\/ga\/files\/2019\/08\/Enade-banner-200x200.jpg 200w, https:\/\/wp.ufpel.edu.br\/ga\/files\/2019\/08\/Enade-banner-768x768.jpg 768w, https:\/\/wp.ufpel.edu.br\/ga\/files\/2019\/08\/Enade-banner.jpg 800w\" sizes=\"(max-width: 400px) 100vw, 400px\" \/><\/a><\/p>\n","protected":false},"excerpt":{"rendered":"<p>LEMBREM-SE DE VERIFICAR AS INFORMA\u00c7\u00d5ES SOBRE COLA\u00c7\u00c3O DE GRAU: https:\/\/wp.ufpel.edu.br\/ga\/colacao-de-grau-cstga-2019-2\/ ENADE E DIPLOMA Alunos que foram convocados para o ENADE devem realizar a prova INDEPENDE se ir\u00e3o colar grau em 2019\/2. A prova do Enade \u00e9 requisito obrigat\u00f3rio para o recebimento do diploma. Se o aluno convocado para a prova n\u00e3o a fizer, n\u00e3o poder\u00e1 [&hellip;]<\/p>\n","protected":false},"author":473,"featured_media":0,"parent":0,"menu_order":0,"comment_status":"closed","ping_status":"closed","template":"","meta":{"footnotes":""},"class_list":["post-2243","page","type-page","status-publish","hentry"],"_links":{"self":[{"href":"https:\/\/wp.ufpel.edu.br\/ga\/wp-json\/wp\/v2\/pages\/2243","targetHints":{"allow":["GET"]}}],"collection":[{"href":"https:\/\/wp.ufpel.edu.br\/ga\/wp-json\/wp\/v2\/pages"}],"about":[{"href":"https:\/\/wp.ufpel.edu.br\/ga\/wp-json\/wp\/v2\/types\/page"}],"author":[{"embeddable":true,"href":"https:\/\/wp.ufpel.edu.br\/ga\/wp-json\/wp\/v2\/users\/473"}],"replies":[{"embeddable":true,"href":"https:\/\/wp.ufpel.edu.br\/ga\/wp-json\/wp\/v2\/comments?post=2243"}],"version-history":[{"count":15,"href":"https:\/\/wp.ufpel.edu.br\/ga\/wp-json\/wp\/v2\/pages\/2243\/revisions"}],"predecessor-version":[{"id":2344,"href":"https:\/\/wp.ufpel.edu.br\/ga\/wp-json\/wp\/v2\/pages\/2243\/revisions\/2344"}],"wp:attachment":[{"href":"https:\/\/wp.ufpel.edu.br\/ga\/wp-json\/wp\/v2\/media?parent=2243"}],"curies":[{"name":"wp","href":"https:\/\/api.w.org\/{rel}","templated":true}]}}