{"id":2165,"date":"2019-08-02T15:56:32","date_gmt":"2019-08-02T18:56:32","guid":{"rendered":"https:\/\/wp.ufpel.edu.br\/ga\/?page_id=2165"},"modified":"2021-11-25T15:00:47","modified_gmt":"2021-11-25T18:00:47","slug":"matriculas-2019-2","status":"publish","type":"page","link":"https:\/\/wp.ufpel.edu.br\/ga\/matriculas-2019-2\/","title":{"rendered":"Atividades Complementares"},"content":{"rendered":"<p><strong>Forma\u00e7\u00e3o <\/strong><strong>complementar<\/strong><\/p>\n<p style=\"text-align: justify\">A forma\u00e7\u00e3o complementar compreende o conjunto de atividades que possibilitam ao aluno a aquisi\u00e7\u00e3o de conhecimentos formativos que complementem a sua forma\u00e7\u00e3o espec\u00edfica.<\/p>\n<p style=\"text-align: justify\">Esta forma\u00e7\u00e3o \u00e9 concebida atrav\u00e9s de atividades de ensino, pesquisa e extens\u00e3o (como organizador, colaborador ou ministrante), relacionadas \u00e0 \u00e1rea de forma\u00e7\u00e3o do aluno, sendo desej\u00e1vel que este, ao final do Curso, possua um equil\u00edbrio entre estas tr\u00eas atividades; participa\u00e7\u00e3o em projetos de ensino, semanas acad\u00eamicas, eventos t\u00e9cnico-cient\u00edficos (f\u00f3runs, semin\u00e1rios e congressos) e em mini-cursos; publica\u00e7\u00e3o de artigos cient\u00edficos; projetos volunt\u00e1rios; obten\u00e7\u00e3o de pr\u00eamios e distin\u00e7\u00f5es e certifica\u00e7\u00f5es profissionais; Linguagem Brasileira de Sinais (LIBRAS) bem como atividades que contemplem os temas \u00e9tnico-raciais, a educa\u00e7\u00e3o ambiental e direitos humanos.<\/p>\n<p style=\"text-align: justify\">A forma\u00e7\u00e3o complementar pode ser executada durante toda a extens\u00e3o do Curso, com carga hor\u00e1ria m\u00ednima de 150 horas. Cabe ao Colegiado do Curso a responsabilidade pela valida\u00e7\u00e3o dos certificados apresentados pelos alunos para o cumprimento desta carga hor\u00e1ria, inclusive de disciplinas optativas cursadas em outros cursos da UFPel. As cargas hor\u00e1rias das atividades complementares dever\u00e3o ser validadas junto ao Colegiado do Curso.<\/p>\n<p style=\"text-align: justify\">Compondo as atividades de ensino, o Curso oferta disciplinas, denominadas optativas, consideradas complementares \u00e0 forma\u00e7\u00e3o do aluno. As disciplinas optativas conferem ao Curso flexibilidade para oferecer ao aluno um maior n\u00famero de alternativas de forma\u00e7\u00e3o. S\u00e3o ofertadas conforme a disponibilidade dos professores, interesse dos alunos e visando oferecer disciplinas de \u00e1reas diferentes de forma equilibrada. As disciplinas a serem ofertadas pelo Curso a cada semestre ser\u00e3o selecionadas pelo Colegiado.<\/p>\n<p style=\"text-align: justify\">As disciplinas optativas seguem o mesmo sistema de avalia\u00e7\u00e3o e aprova\u00e7\u00e3o das disciplinas obrigat\u00f3rias e o cr\u00e9dito s\u00f3 ser\u00e1 atribu\u00eddo ao acad\u00eamico que for aprovado na respectiva disciplina. Para outras atividades de ensino e atividades de pesquisa e extens\u00e3o n\u00e3o ser\u00e3o atribu\u00eddos conceitos nem notas.<\/p>\n<p style=\"text-align: justify\">Para c\u00e1lculo da forma\u00e7\u00e3o complementar, quando consideradas as disciplinas optativas, a carga hor\u00e1ria ser\u00e1 recalculada para adequar o n\u00famero de horas-aula para o n\u00famero de horas-rel\u00f3gio, considerando que o regimento da Universidade define que 1 hora-aula equivale a 50 minutos.<\/p>\n<p style=\"text-align: justify\">O Quadro 1 resume as atividades de ensino, pesquisa e extens\u00e3o juntamente com suas respectivas cargas hor\u00e1rias. A coluna \u201cUnidade\u201d especifica a unidade de medida da atividade e como as horas ser\u00e3o atribu\u00eddas, conforme a seguinte determina\u00e7\u00e3o:<\/p>\n<ul>\n<li style=\"text-align: justify\">Horas: o n\u00famero de horas comprovadamente cumpridas na atividade contar\u00e1 diretamente para integraliza\u00e7\u00e3o da carga hor\u00e1ria complementar, at\u00e9 o m\u00e1ximo, por atividade, especificado na coluna \u201choras\/atividade\u201d;<\/li>\n<li style=\"text-align: justify\">Semestre: cada semestre de atividade integralizar\u00e1 \u00e0 carga hor\u00e1ria complementar o n\u00famero de horas especificado na coluna \u201choras\/atividade\u201d;<\/li>\n<li style=\"text-align: justify\">Unidade: cada unidade b\u00e1sica de produ\u00e7\u00e3o resultante da atividade (por exemplo: artigo, evento, pr\u00eamio, etc) integralizar\u00e1 \u00e0 carga hor\u00e1ria complementar o n\u00famero de horas especificado na coluna \u201choras\/atividade\u201d.<\/li>\n<\/ul>\n<p><a href=\"https:\/\/wp.ufpel.edu.br\/ga\/files\/2021\/11\/Quadro-complementar-2-ga.png\"><img class=\"alignnone wp-image-3016\" src=\"https:\/\/wp.ufpel.edu.br\/ga\/files\/2021\/11\/Quadro-complementar-2-ga-400x343.png\" alt=\"\" width=\"519\" height=\"445\" srcset=\"https:\/\/wp.ufpel.edu.br\/ga\/files\/2021\/11\/Quadro-complementar-2-ga-400x343.png 400w, https:\/\/wp.ufpel.edu.br\/ga\/files\/2021\/11\/Quadro-complementar-2-ga.png 584w\" sizes=\"(max-width: 519px) 100vw, 519px\" \/><\/a><\/p>\n<p style=\"text-align: justify\"><strong>Forma\u00e7\u00e3o Livre ou opcional<\/strong><\/p>\n<p style=\"text-align: justify\">A forma\u00e7\u00e3o livre compreende o conjunto de atividades em que o aluno possa adquirir conhecimentos e pr\u00e1ticas atrav\u00e9s da sua pr\u00f3pria escolha. As atividades podem ser executadas na pr\u00f3pria Universidade ou em outras institui\u00e7\u00f5es. Estas atividades devem ser devidamente comprovadas e n\u00e3o necessitam estar estritamente ligadas a \u00e1rea do curso. Oportunizam uma forma\u00e7\u00e3o mais abrangente e interdisciplinar ao acad\u00eamico.<\/p>\n<p style=\"text-align: justify\">Est\u00e3o inclu\u00eddas nesta forma\u00e7\u00e3o, entre outras, atividades de ensino, pesquisa e extens\u00e3o; participa\u00e7\u00e3o em eventos t\u00e9cnico-cient\u00edficos e em cursos como inform\u00e1tica, idiomas, etc. A carga hor\u00e1ria m\u00ednima \u00e9 de 150 horas, podendo ser aproveitada nesta forma\u00e7\u00e3o as cargas hor\u00e1rias excedentes da forma\u00e7\u00e3o complementar<strong>. <\/strong>Para c\u00e1lculo da forma\u00e7\u00e3o livre quando consideradas disciplinas que possuem o n\u00famero de horas-aula equivalente a 50 minutos, a carga hor\u00e1ria ser\u00e1 recalculada para adequar o n\u00famero de horas equivalente.<\/p>\n<p style=\"text-align: justify\">As cargas hor\u00e1rias das atividades livres dever\u00e3o ser validadas junto ao Colegiado do Curso.<\/p>\n<p>&nbsp;<\/p>\n<p style=\"text-align: justify\">Obs.: O excedente de horas das horas complementares pretendidas pode ser aproveitado nas horas livres. A \u00faltima coluna do quadro acima corresponde ao m\u00e1ximo de horas que o aluno poder\u00e1 aproveitar por cada uma das atividades.<\/p>\n<p style=\"text-align: justify\">Tipo (monitoria, extens\u00e3o, inicia\u00e7\u00e3o cient\u00edfica, cursos, etc.) &#8211; Atividades desenvolvidas: T\u00edtulo ou nome da atividade (ex.: Curso Recursos Renov\u00e1veis e Impactos Ambientais).<\/p>\n<p style=\"text-align: justify\">Abaixo, o formul\u00e1rio e a declara\u00e7\u00e3o de veracidade, que devem ser entregues preenchidos juntamente com os certificados.<\/p>\n<p><a href=\"https:\/\/wp.ufpel.edu.br\/ga\/files\/2021\/11\/Formulario_Entrega-de-comprovantes-das-AC_GA.xlsx\">Formul\u00e1rio_Entrega-de-comprovantes-das-AC_GA<\/a><\/p>\n<p><a href=\"https:\/\/wp.ufpel.edu.br\/ga\/files\/2021\/11\/Declaracao-veracidade.docx\">Declara\u00e7\u00e3o veracidade<\/a><\/p>\n<p>&nbsp;<\/p>\n","protected":false},"excerpt":{"rendered":"<p>Forma\u00e7\u00e3o complementar A forma\u00e7\u00e3o complementar compreende o conjunto de atividades que possibilitam ao aluno a aquisi\u00e7\u00e3o de conhecimentos formativos que complementem a sua forma\u00e7\u00e3o espec\u00edfica. Esta forma\u00e7\u00e3o \u00e9 concebida atrav\u00e9s de atividades de ensino, pesquisa e extens\u00e3o (como organizador, colaborador ou ministrante), relacionadas \u00e0 \u00e1rea de forma\u00e7\u00e3o do aluno, sendo desej\u00e1vel que este, ao final [&hellip;]<\/p>\n","protected":false},"author":473,"featured_media":0,"parent":0,"menu_order":0,"comment_status":"closed","ping_status":"closed","template":"","meta":{"footnotes":""},"class_list":["post-2165","page","type-page","status-publish","hentry"],"_links":{"self":[{"href":"https:\/\/wp.ufpel.edu.br\/ga\/wp-json\/wp\/v2\/pages\/2165","targetHints":{"allow":["GET"]}}],"collection":[{"href":"https:\/\/wp.ufpel.edu.br\/ga\/wp-json\/wp\/v2\/pages"}],"about":[{"href":"https:\/\/wp.ufpel.edu.br\/ga\/wp-json\/wp\/v2\/types\/page"}],"author":[{"embeddable":true,"href":"https:\/\/wp.ufpel.edu.br\/ga\/wp-json\/wp\/v2\/users\/473"}],"replies":[{"embeddable":true,"href":"https:\/\/wp.ufpel.edu.br\/ga\/wp-json\/wp\/v2\/comments?post=2165"}],"version-history":[{"count":10,"href":"https:\/\/wp.ufpel.edu.br\/ga\/wp-json\/wp\/v2\/pages\/2165\/revisions"}],"predecessor-version":[{"id":3018,"href":"https:\/\/wp.ufpel.edu.br\/ga\/wp-json\/wp\/v2\/pages\/2165\/revisions\/3018"}],"wp:attachment":[{"href":"https:\/\/wp.ufpel.edu.br\/ga\/wp-json\/wp\/v2\/media?parent=2165"}],"curies":[{"name":"wp","href":"https:\/\/api.w.org\/{rel}","templated":true}]}}