{"id":2158,"date":"2019-08-02T15:40:47","date_gmt":"2019-08-02T18:40:47","guid":{"rendered":"https:\/\/wp.ufpel.edu.br\/ga\/?page_id=2158"},"modified":"2025-10-31T11:46:51","modified_gmt":"2025-10-31T14:46:51","slug":"estagios","status":"publish","type":"page","link":"https:\/\/wp.ufpel.edu.br\/ga\/estagios\/","title":{"rendered":"EST\u00c1GIOS"},"content":{"rendered":"<div style=\"text-align: justify;\">\n<p><strong>Est\u00e1gios <span style=\"color: #000080;\"><span style=\"color: #008000;\">OBRIGAT\u00d3RIOS<\/span> <\/span><\/strong>e<span style=\"color: #008000;\"><strong> N\u00c3O OBRIGAT\u00d3RIOS<\/strong><\/span><\/p>\n<\/div>\n<p>Quaisquer tr\u00e2mites referentes aos est\u00e1gios dos alunos (seja para <em>dar in\u00edcio<\/em> a est\u00e1gio ou sua <em>continua\u00e7\u00e3o<\/em>) dever\u00e3o passar com <strong>anteced\u00eancia<\/strong> pela Coordena\u00e7\u00e3o do Curso. N\u00e3o \u00e9 poss\u00edvel iniciar\/renovar est\u00e1gio sem pr\u00e9via autoriza\u00e7\u00e3o.<\/p>\n<p>Link com mais informa\u00e7\u00f5es sobre est\u00e1gio \u2013 <a href=\"https:\/\/wp.ufpel.edu.br\/pre\/\" target=\"_blank\" rel=\"noopener\" data-saferedirecturl=\"https:\/\/www.google.com\/url?q=https:\/\/wp.ufpel.edu.br\/pre\/&amp;source=gmail&amp;ust=1689936429066000&amp;usg=AOvVaw0-p4sLF2lChJ8fneznzV3n\">https:\/\/wp.ufpel.edu.br\/pre\/<\/a><\/p>\n<p><b style=\"color: var(--cor-texto); font-family: var(--fonte-corpo);\"><u>Est\u00e1gio OBRIGAT\u00d3RIO<\/u><\/b><span style=\"color: var(--cor-texto); font-family: var(--fonte-corpo);\">:<\/span><\/p>\n<ul>\n<li style=\"text-align: justify;\"><span style=\"color: var(--cor-texto); font-family: var(--fonte-corpo);\">o ingresso do aluno em est\u00e1gio curricular obrigat\u00f3rio somente poder\u00e1 ter in\u00edcio quando este tiver completado o n.\u00ba de cr\u00e9ditos previsto no PPC;<\/span><\/li>\n<li style=\"text-align: justify;\">o aluno dever\u00e1 realizar\/solicitar matr\u00edcula no Componente Curricular <em>Est\u00e1gio Obrigat\u00f3rio<\/em>;<\/li>\n<li style=\"text-align: justify;\">os dados referentes \u00e0 ap\u00f3lice de seguro da UFPel (para preenchimento do termo de compromisso de est\u00e1gio obrigat\u00f3rio), ser\u00e3o fornecidos pelo professor orientador, ap\u00f3s contato do aluno;<\/li>\n<li style=\"text-align: justify;\">o est\u00e1gio obrigat\u00f3rio somente poder\u00e1 ser conclu\u00eddo se o aluno cumprir a carga hor\u00e1ria prevista no PPC e entregar ao Colegiado\/Coordena\u00e7\u00e3o, ao t\u00e9rmino do est\u00e1gio, o <b><u>Relat\u00f3rio Final de Est\u00e1gio<\/u><\/b>, devidamente apreciado, aprovado e assinado por orientador e supervisor de est\u00e1gio.<\/li>\n<li><a href=\"https:\/\/wp.ufpel.edu.br\/ga\/estagios\/apolice_4_r25_1_sura_2025\/\" rel=\"attachment wp-att-4022\">Apolice_seguro est\u00e1gio 2025-2026<\/a><\/li>\n<\/ul>\n<div style=\"text-align: justify;\">\n<hr \/>\n<\/div>\n<div style=\"text-align: justify;\"><span class=\"im\"><b><u>PASSOS para quem deseja realizar <span class=\"il\">est\u00e1gio (OBRIGAT\u00d3RIO ou N\u00c3O OBRIGAT\u00d3RIO)<\/span><\/u>:<\/b><\/span><\/div>\n<div><\/div>\n<div style=\"text-align: justify;\"><strong><span style=\"color: #ff9900;\">1\u00ba<\/span><\/strong> &#8211; \u00a0definir um\u00a0<u>professor orientador do curso,<\/u>\u00a0<u>local<\/u> e\u00a0<u>supervisor<\/u>\u00a0de\u00a0<span class=\"gmail-il\">est\u00e1gio<\/span>;<\/div>\n<div style=\"text-align: justify;\"><span style=\"color: #ff9900;\"><strong>2\u00ba<\/strong><\/span> &#8211; preencher e encaminhar ao professor orientador e supervisor toda a documenta\u00e7\u00e3o de <span class=\"il\">est\u00e1gio<\/span>, para que estes\u00a0<u>confiram\/corrijam e assinem<\/u> a documenta\u00e7\u00e3o (total de 5 documentos \u2013 modelos abaixo);<span class=\"im\"><br \/>\n<span style=\"color: #ff9900;\"><strong>3\u00ba<\/strong><\/span> &#8211; entregar a documenta\u00e7\u00e3o de <span class=\"il\">est\u00e1gio<\/span>,\u00a0<b>impressa e assinada<\/b>\u00a0<u>pelo aluno<\/u>,\u00a0<u>pelo supervisor\/parte concedente<\/u>\u00a0e\u00a0<u>pelo orientador<\/u>, ao <strong>Coordenador<\/strong> ou <b>\u00e0 secretaria integrada<\/b> (Rua Andrade Neves, 1529 &#8211; Centro, Pelotas &#8211; RS \u2013 pr\u00f3ximo ao Mercado P\u00fablico), <strong>para an\u00e1lise do Colegiado\/Coordena\u00e7\u00e3o<\/strong>;<br \/>\n<span style=\"color: #ff9900;\"><strong>4\u00ba<\/strong><\/span> &#8211; aguardar a manifesta\u00e7\u00e3o do Colegiado\/Coordena\u00e7\u00e3o quanto \u00e0 possibilidade de o aluno iniciar o <span class=\"il\">est\u00e1gio<\/span>\u00a0ou eventual necessidade de corre\u00e7\u00e3o dos documentos.<\/span><\/div>\n<div style=\"text-align: justify;\">\n<hr \/>\n<p><span class=\"im\"><b><u>Observa\u00e7\u00f5es:<\/u><\/b><\/span><\/p>\n<\/div>\n<div style=\"text-align: justify;\"><span class=\"im\">&#8211; Atentar para o correto preenchimento, nos devidos campos, das\u00a0<u>datas de in\u00edcio e t\u00e9rmino do\u00a0<span class=\"il\">est\u00e1gio<\/span><\/u>;<br \/>\n<\/span>&#8211; <strong>Data de IN\u00cdCIO do <span class=\"il\">est\u00e1gio<\/span><\/strong>: a data prevista para in\u00edcio do\u00a0<span class=\"il\">est\u00e1gio<\/span>, a ser informada nos documentos, dever\u00e1 ser\u00a0<b>15 dias (no m\u00ednimo)\u00a0<u>ap\u00f3s<\/u> a data em que o aluno planeja entregar a documenta\u00e7\u00e3o na secretaria do Curso<\/b>.\u00a0<u>Apenas para exemplificar<\/u>: se o aluno pretende entregar toda a documenta\u00e7\u00e3o (j\u00e1 preenchida e assinada) no dia 1\u00ba\/09, a data prevista para o in\u00edcio do\u00a0<span class=\"il\">est\u00e1gio<\/span>, a ser informada nos documentos, n\u00e3o poder\u00e1 ser anterior a 16\/09;<\/div>\n<div style=\"text-align: justify;\">\n<div>&#8211; N\u00e3o ser\u00e3o aceitos documentos incompletos, sem assinaturas ou rasurados.<\/div>\n<\/div>\n<div>\n<hr \/>\n<\/div>\n<div style=\"text-align: justify;\"><strong><u>DOCUMENTOS PARA INICIAR\u00a0 O EST\u00c1GIO:<\/u><\/strong><\/div>\n<p style=\"text-align: justify;\"><strong>1) Solicita\u00e7\u00e3o de realiza\u00e7\u00e3o de est\u00e1gio ao Colegiado do Curso<\/strong><\/p>\n<p style=\"text-align: justify;\">Clique para baixar o modelo: <a href=\"https:\/\/wp.ufpel.edu.br\/ga\/files\/2022\/08\/Solicitacao-de-realizacao-de-estagio-ao-colegiado-do-GAB.docx\">Solicitacao-de-realizacao-de-estagio-ao-colegiado-do-GAB<\/a><\/p>\n<p style=\"text-align: justify;\"><strong>2) Carta de aceite do supervisor no local de est\u00e1gio<\/strong><\/p>\n<p style=\"text-align: justify;\">Clique para baixar o modelo: <a href=\"https:\/\/wp.ufpel.edu.br\/ga\/files\/2022\/08\/Carta-aceite-superviso-no-local-do-estagio.docx\">Carta-aceite-supervisor-no-local-do-est\u00e1gio<\/a><\/p>\n<p style=\"text-align: justify;\"><strong>3) Carta de aceite do professor orientador de est\u00e1gio<\/strong><\/p>\n<p style=\"text-align: justify;\">Clique para baixar o modelo: <a href=\"https:\/\/wp.ufpel.edu.br\/ga\/files\/2022\/08\/Carta-aceite-professor-orientador.doc\">Carta-aceite-professor-orientador<\/a><\/p>\n<p style=\"text-align: justify;\"><strong>4) Plano de Trabalho<\/strong><\/p>\n<p style=\"text-align: justify;\">Clique para baixar o modelo: <a href=\"https:\/\/wp.ufpel.edu.br\/ga\/files\/2022\/08\/Plano-de-trabalho.docx\">Plano-de-trabalho<\/a><\/p>\n<p style=\"text-align: justify;\"><strong>5) Termo de Compromisso<\/strong><\/p>\n<p style=\"text-align: justify;\">Clique para baixar o modelo: <a href=\"https:\/\/wp.ufpel.edu.br\/ga\/files\/2022\/08\/Termo-de-compromisso.docx\">Termo-de-compromisso<\/a><\/p>\n<hr \/>\n<p><strong>Termo aditivo<\/strong><\/p>\n<p>Clique para baixar o modelo: <a href=\"https:\/\/wp.ufpel.edu.br\/ga\/files\/2023\/07\/Termo-Aditivo-TCE-1.doc\">Termo Aditivo<\/a><\/p>\n<hr \/>\n<p style=\"text-align: justify;\"><strong><u>DOCUMENTO PARA CONCLUIR O EST\u00c1GIO OBRIGAT\u00b4\u00d3RIO:<\/u><\/strong><\/p>\n<div style=\"text-align: justify;\">O est\u00e1gio obrigat\u00f3rio somente ser\u00e1 conclu\u00eddo se o aluno cumprir a carga hor\u00e1ria prevista no PPC e entregar o <b><u>Relat\u00f3rio Final de Est\u00e1gio<\/u><\/b>, devidamente apreciado, aprovado e assinado por <strong>orientador<\/strong> e <strong>supervisor<\/strong> de est\u00e1gio. O Relat\u00f3rio Final de Est\u00e1gio ser\u00e1 analisado pela Coordena\u00e7\u00e3o do Curso.<\/div>\n<p style=\"text-align: justify;\">Clique para baixar o modelo: <a href=\"https:\/\/wp.ufpel.edu.br\/ga\/files\/2022\/08\/Relatorio-final-de-estagio-modelo-coordenacao-1.docx\">Relat\u00f3rio Final de Est\u00e1gio &#8211; modelo<\/a><\/p>\n","protected":false},"excerpt":{"rendered":"<p>Est\u00e1gios OBRIGAT\u00d3RIOS e N\u00c3O OBRIGAT\u00d3RIOS Quaisquer tr\u00e2mites referentes aos est\u00e1gios dos alunos (seja para dar in\u00edcio a est\u00e1gio ou sua continua\u00e7\u00e3o) dever\u00e3o passar com anteced\u00eancia pela Coordena\u00e7\u00e3o do Curso. N\u00e3o \u00e9 poss\u00edvel iniciar\/renovar est\u00e1gio sem pr\u00e9via autoriza\u00e7\u00e3o. Link com mais informa\u00e7\u00f5es sobre est\u00e1gio \u2013 https:\/\/wp.ufpel.edu.br\/pre\/ Est\u00e1gio OBRIGAT\u00d3RIO: o ingresso do aluno em est\u00e1gio curricular obrigat\u00f3rio [&hellip;]<\/p>\n","protected":false},"author":473,"featured_media":0,"parent":0,"menu_order":0,"comment_status":"closed","ping_status":"closed","template":"","meta":{"footnotes":""},"class_list":["post-2158","page","type-page","status-publish","hentry"],"_links":{"self":[{"href":"https:\/\/wp.ufpel.edu.br\/ga\/wp-json\/wp\/v2\/pages\/2158","targetHints":{"allow":["GET"]}}],"collection":[{"href":"https:\/\/wp.ufpel.edu.br\/ga\/wp-json\/wp\/v2\/pages"}],"about":[{"href":"https:\/\/wp.ufpel.edu.br\/ga\/wp-json\/wp\/v2\/types\/page"}],"author":[{"embeddable":true,"href":"https:\/\/wp.ufpel.edu.br\/ga\/wp-json\/wp\/v2\/users\/473"}],"replies":[{"embeddable":true,"href":"https:\/\/wp.ufpel.edu.br\/ga\/wp-json\/wp\/v2\/comments?post=2158"}],"version-history":[{"count":3,"href":"https:\/\/wp.ufpel.edu.br\/ga\/wp-json\/wp\/v2\/pages\/2158\/revisions"}],"predecessor-version":[{"id":4023,"href":"https:\/\/wp.ufpel.edu.br\/ga\/wp-json\/wp\/v2\/pages\/2158\/revisions\/4023"}],"wp:attachment":[{"href":"https:\/\/wp.ufpel.edu.br\/ga\/wp-json\/wp\/v2\/media?parent=2158"}],"curies":[{"name":"wp","href":"https:\/\/api.w.org\/{rel}","templated":true}]}}