{"id":2071,"date":"2019-07-10T16:25:39","date_gmt":"2019-07-10T19:25:39","guid":{"rendered":"https:\/\/wp.ufpel.edu.br\/ga\/?page_id=2071"},"modified":"2021-11-23T16:46:30","modified_gmt":"2021-11-23T19:46:30","slug":"eleicao-daga-2019","status":"publish","type":"page","link":"https:\/\/wp.ufpel.edu.br\/ga\/eleicao-daga-2019\/","title":{"rendered":"ELEI\u00c7\u00c3O DAGAB 2022"},"content":{"rendered":"<blockquote class=\"wp-embedded-content\" data-secret=\"r8FLkp7BUS\"><p><a href=\"https:\/\/wp.ufpel.edu.br\/ga\/2021\/11\/23\/edital-eleicao-da-2022\/\">Edital Elei\u00e7\u00e3o DAGAB 2022<\/a><\/p><\/blockquote>\n<p><iframe class=\"wp-embedded-content\" sandbox=\"allow-scripts\" security=\"restricted\" style=\"position: absolute; clip: rect(1px, 1px, 1px, 1px);\" title=\"&#8220;Edital Elei\u00e7\u00e3o DAGAB 2022&#8221; &#8212; Gest\u00e3o Ambiental Bacharelado\" src=\"https:\/\/wp.ufpel.edu.br\/ga\/2021\/11\/23\/edital-eleicao-da-2022\/embed\/#?secret=sHyWO8HSH1#?secret=r8FLkp7BUS\" data-secret=\"r8FLkp7BUS\" width=\"500\" height=\"282\" frameborder=\"0\" marginwidth=\"0\" marginheight=\"0\" scrolling=\"no\"><\/iframe><\/p>\n","protected":false},"excerpt":{"rendered":"<p>Edital Elei\u00e7\u00e3o DAGAB 2022<\/p>\n","protected":false},"author":473,"featured_media":0,"parent":0,"menu_order":0,"comment_status":"closed","ping_status":"closed","template":"","meta":{"footnotes":""},"class_list":["post-2071","page","type-page","status-publish","hentry"],"_links":{"self":[{"href":"https:\/\/wp.ufpel.edu.br\/ga\/wp-json\/wp\/v2\/pages\/2071","targetHints":{"allow":["GET"]}}],"collection":[{"href":"https:\/\/wp.ufpel.edu.br\/ga\/wp-json\/wp\/v2\/pages"}],"about":[{"href":"https:\/\/wp.ufpel.edu.br\/ga\/wp-json\/wp\/v2\/types\/page"}],"author":[{"embeddable":true,"href":"https:\/\/wp.ufpel.edu.br\/ga\/wp-json\/wp\/v2\/users\/473"}],"replies":[{"embeddable":true,"href":"https:\/\/wp.ufpel.edu.br\/ga\/wp-json\/wp\/v2\/comments?post=2071"}],"version-history":[{"count":5,"href":"https:\/\/wp.ufpel.edu.br\/ga\/wp-json\/wp\/v2\/pages\/2071\/revisions"}],"predecessor-version":[{"id":3015,"href":"https:\/\/wp.ufpel.edu.br\/ga\/wp-json\/wp\/v2\/pages\/2071\/revisions\/3015"}],"wp:attachment":[{"href":"https:\/\/wp.ufpel.edu.br\/ga\/wp-json\/wp\/v2\/media?parent=2071"}],"curies":[{"name":"wp","href":"https:\/\/api.w.org\/{rel}","templated":true}]}}