{"id":1954,"date":"2019-03-22T14:57:37","date_gmt":"2019-03-22T17:57:37","guid":{"rendered":"https:\/\/wp.ufpel.edu.br\/ga\/?page_id=1954"},"modified":"2019-10-31T17:54:26","modified_gmt":"2019-10-31T20:54:26","slug":"informes-daga","status":"publish","type":"page","link":"https:\/\/wp.ufpel.edu.br\/ga\/informes-daga\/","title":{"rendered":"ELEI\u00c7\u00d5ES DAGA"},"content":{"rendered":"<p><strong>ATEN\u00c7\u00c3O &#8211; COE INFORMA<\/strong><\/p>\n<p>A partir do dia 01\/11\/2019 estar\u00e1 dispon\u00edvel na plataforma digital, Cobalto, p\u00e1gina do DAGAB e E-mail, o edital e estatuto com demais anexos para a elei\u00e7\u00e3o do novo diret\u00f3rio acad\u00eamico da Gest\u00e3o Ambiental &#8211; Bacharelado.<\/p>\n<p>Inscri\u00e7\u00f5es de chapas que dever\u00e3o se inscrever entre os dias 01 a 15 de novembro de 2019, no \u00faltimo dia at\u00e9 as 16h e 30min, entregando a ficha de inscri\u00e7\u00e3o de chapas e todos os documentos, na secretaria do curso de Gest\u00e3o Ambiental\/UFPEL.<\/p>\n<p>&#8212;&#8212;&#8212;-<\/p>\n<p>Para d\u00favidas, entrar em contato atrav\u00e9s do e-mail da COE: coe.ga.ufpel@gmail.com, ou com os integrantes da Comiss\u00e3o Eleitoral: B\u00e1rbara Geovana Hepp, Gerson Weber e Gilson Barboza J\u00fanior.<\/p>\n<p>Convocados, para participar da comiss\u00e3o organizadora da semana acad\u00eamica.<\/p>\n<p>Veja no link: <a href=\"https:\/\/wp.ufpel.edu.br\/ga\/files\/2019\/03\/Convocados-para-comiss\u00e3o-organizadora-da-semana-acad\u00eamica-1.pdf\">Convocados para comiss\u00e3o organizadora da semana acad\u00eamica (1)<\/a><\/p>\n","protected":false},"excerpt":{"rendered":"<p>ATEN\u00c7\u00c3O &#8211; COE INFORMA A partir do dia 01\/11\/2019 estar\u00e1 dispon\u00edvel na plataforma digital, Cobalto, p\u00e1gina do DAGAB e E-mail, o edital e estatuto com demais anexos para a elei\u00e7\u00e3o do novo diret\u00f3rio acad\u00eamico da Gest\u00e3o Ambiental &#8211; Bacharelado. Inscri\u00e7\u00f5es de chapas que dever\u00e3o se inscrever entre os dias 01 a 15 de novembro de [&hellip;]<\/p>\n","protected":false},"author":473,"featured_media":0,"parent":0,"menu_order":0,"comment_status":"closed","ping_status":"closed","template":"","meta":{"footnotes":""},"class_list":["post-1954","page","type-page","status-publish","hentry"],"_links":{"self":[{"href":"https:\/\/wp.ufpel.edu.br\/ga\/wp-json\/wp\/v2\/pages\/1954","targetHints":{"allow":["GET"]}}],"collection":[{"href":"https:\/\/wp.ufpel.edu.br\/ga\/wp-json\/wp\/v2\/pages"}],"about":[{"href":"https:\/\/wp.ufpel.edu.br\/ga\/wp-json\/wp\/v2\/types\/page"}],"author":[{"embeddable":true,"href":"https:\/\/wp.ufpel.edu.br\/ga\/wp-json\/wp\/v2\/users\/473"}],"replies":[{"embeddable":true,"href":"https:\/\/wp.ufpel.edu.br\/ga\/wp-json\/wp\/v2\/comments?post=1954"}],"version-history":[{"count":3,"href":"https:\/\/wp.ufpel.edu.br\/ga\/wp-json\/wp\/v2\/pages\/1954\/revisions"}],"predecessor-version":[{"id":2330,"href":"https:\/\/wp.ufpel.edu.br\/ga\/wp-json\/wp\/v2\/pages\/1954\/revisions\/2330"}],"wp:attachment":[{"href":"https:\/\/wp.ufpel.edu.br\/ga\/wp-json\/wp\/v2\/media?parent=1954"}],"curies":[{"name":"wp","href":"https:\/\/api.w.org\/{rel}","templated":true}]}}