{"id":1937,"date":"2019-03-21T17:52:21","date_gmt":"2019-03-21T20:52:21","guid":{"rendered":"https:\/\/wp.ufpel.edu.br\/ga\/?page_id=1937"},"modified":"2019-03-25T13:32:38","modified_gmt":"2019-03-25T16:32:38","slug":"abono-de-faltas","status":"publish","type":"page","link":"https:\/\/wp.ufpel.edu.br\/ga\/abono-de-faltas\/","title":{"rendered":"Abono de faltas"},"content":{"rendered":"<p>Veja aqui as informa\u00e7\u00f5es para solicitar abono de faltas:<\/p>\n<p>&#8220;Se\u00e7\u00e3o VI<br \/>\nDO ABONO DE FALTAS<br \/>\nArt. 118. O abono de faltas ser\u00e1 concedido, mediante comprova\u00e7\u00e3o, conforme legisla\u00e7\u00e3o vigente, nos seguintes casos:<br \/>\nI &#8211; ao discente matriculado em \u00d3rg\u00e3o de Forma\u00e7\u00e3o de Reserva (Servi\u00e7o Militar) que seja obrigado a faltar em suas atividades civis por for\u00e7a de exerc\u00edcios ou manobras, ou reservista convocado para apresenta\u00e7\u00f5es ou cerim\u00f4nias c\u00edvicas;<br \/>\nII &#8211; ao discente contemplado com a possibilidade de Exerc\u00edcios Domiciliares, nos termos da se\u00e7\u00e3o V, do Cap. I;<br \/>\nIII &#8211; ao discente designado membro da CONAES \u2013 Comiss\u00e3o Nacional de Avalia\u00e7\u00e3o da Educa\u00e7\u00e3o Superior, que tenha participado de reuni\u00f5es em hor\u00e1rios coincidentes com os das atividades acad\u00eamicas;<br \/>\nIV &#8211; ao discente que integrar representa\u00e7\u00e3o desportiva nacional, conforme Lei 9.615 de 1998, Artigo 85;<br \/>\nV &#8211; ao discente representante em inst\u00e2ncias superiores institucionais da UFPel, mediante portaria.&#8221;<\/p>\n<p>A solicita\u00e7\u00e3o deve ser entregue na secretaria do colegiado do curso juntamente com a comprova\u00e7\u00e3o.<\/p>\n<p><a href=\"https:\/\/wp.ufpel.edu.br\/ga\/files\/2019\/03\/Solicita\u00e7\u00e3o-de-formul\u00e1rio-de-abono-de-falta.pdf\">Solicita\u00e7\u00e3o de formul\u00e1rio de abono de falta<\/a><\/p>\n<p>Veja \u00edntegra do regulamento de ensino: http:\/\/ccs2.ufpel.edu.br\/wp\/wp-content\/uploads\/2018\/09\/Regulamento-Ensino-de-Graduacao.pdf<\/p>\n","protected":false},"excerpt":{"rendered":"<p>Veja aqui as informa\u00e7\u00f5es para solicitar abono de faltas: &#8220;Se\u00e7\u00e3o VI DO ABONO DE FALTAS Art. 118. O abono de faltas ser\u00e1 concedido, mediante comprova\u00e7\u00e3o, conforme legisla\u00e7\u00e3o vigente, nos seguintes casos: I &#8211; ao discente matriculado em \u00d3rg\u00e3o de Forma\u00e7\u00e3o de Reserva (Servi\u00e7o Militar) que seja obrigado a faltar em suas atividades civis por for\u00e7a [&hellip;]<\/p>\n","protected":false},"author":473,"featured_media":0,"parent":0,"menu_order":0,"comment_status":"closed","ping_status":"closed","template":"","meta":{"footnotes":""},"class_list":["post-1937","page","type-page","status-publish","hentry"],"_links":{"self":[{"href":"https:\/\/wp.ufpel.edu.br\/ga\/wp-json\/wp\/v2\/pages\/1937","targetHints":{"allow":["GET"]}}],"collection":[{"href":"https:\/\/wp.ufpel.edu.br\/ga\/wp-json\/wp\/v2\/pages"}],"about":[{"href":"https:\/\/wp.ufpel.edu.br\/ga\/wp-json\/wp\/v2\/types\/page"}],"author":[{"embeddable":true,"href":"https:\/\/wp.ufpel.edu.br\/ga\/wp-json\/wp\/v2\/users\/473"}],"replies":[{"embeddable":true,"href":"https:\/\/wp.ufpel.edu.br\/ga\/wp-json\/wp\/v2\/comments?post=1937"}],"version-history":[{"count":2,"href":"https:\/\/wp.ufpel.edu.br\/ga\/wp-json\/wp\/v2\/pages\/1937\/revisions"}],"predecessor-version":[{"id":1962,"href":"https:\/\/wp.ufpel.edu.br\/ga\/wp-json\/wp\/v2\/pages\/1937\/revisions\/1962"}],"wp:attachment":[{"href":"https:\/\/wp.ufpel.edu.br\/ga\/wp-json\/wp\/v2\/media?parent=1937"}],"curies":[{"name":"wp","href":"https:\/\/api.w.org\/{rel}","templated":true}]}}