{"id":4,"date":"2017-05-16T10:27:59","date_gmt":"2017-05-16T13:27:59","guid":{"rendered":"https:\/\/wp.ufpel.edu.br\/fruticultura\/"},"modified":"2017-05-16T10:55:18","modified_gmt":"2017-05-16T13:55:18","slug":"disciplinas","status":"publish","type":"page","link":"https:\/\/wp.ufpel.edu.br\/fruticultura\/disciplinas\/","title":{"rendered":"Disciplinas"},"content":{"rendered":"<p><strong><em>LISTA DE DISCIPLINAS\u00a0<\/em><\/strong><\/p>\n<p><span style=\"font-size: 8pt;color: #000000\">*As disciplinas desta lista podem ou n\u00e3o ser ofertadas<\/span><\/p>\n<table border=\"1\" cellspacing=\"0\" cellpadding=\"0\">\n<tbody>\n<tr>\n<td width=\"45%\"><span style=\"color: #000000\"><strong>DISCIPLINA<\/strong><\/span><\/td>\n<td style=\"text-align: center\" width=\"23%\"><span style=\"color: #000000\"><strong>N\u00ba<\/strong> <strong>DE CR\u00c9DITOS<\/strong><\/span><\/td>\n<td width=\"30%\"><span style=\"color: #000000\"><strong>REGENTE<\/strong><\/span><\/td>\n<\/tr>\n<tr>\n<td width=\"45%\"><span style=\"color: #000000\"><strong>Micropropaga\u00e7\u00e3o de Plantas Frut\u00edferas<\/strong><\/span><\/td>\n<td style=\"text-align: center\" width=\"23%\"><span style=\"color: #000000\"><strong>04<\/strong><\/span><\/td>\n<td width=\"30%\"><span style=\"color: #000000\"><strong>M\u00e1rcia Wulff Schuch<\/strong><\/span><\/td>\n<\/tr>\n<tr>\n<td width=\"45%\"><span class=\"Apple-style-span\" style=\"color: #000000\"><b>Fruticultura Ornamental<\/b><\/span><\/td>\n<td style=\"text-align: center\" width=\"23%\"><span style=\"color: #000000\"><strong>04<\/strong><\/span><\/td>\n<td width=\"30%\"><span class=\"Apple-style-span\" style=\"color: #000000\"><b>Adriane Marinho de Assis<\/b><\/span><\/td>\n<\/tr>\n<tr>\n<td width=\"45%\"><span style=\"color: #000000\"><strong>Produ\u00e7\u00e3o de Pom\u00e1ceas<\/strong><\/span><\/td>\n<td style=\"text-align: center\" width=\"23%\"><span style=\"color: #000000\"><strong>03<\/strong><\/span><\/td>\n<td width=\"30%\"><span style=\"color: #000000\"><strong>Robson Ryu Yamamoto<\/strong><\/span><\/td>\n<\/tr>\n<tr>\n<td width=\"45%\"><span style=\"color: #000000\"><strong>Ecofisiologia de Plantas Frut\u00edferas<\/strong><\/span><\/td>\n<td style=\"text-align: center\" width=\"23%\"><span style=\"color: #000000\"><strong>04<\/strong><\/span><\/td>\n<td width=\"30%\"><span style=\"color: #000000\"><strong>Fl\u00e1vio Gilberto Herter<\/strong><\/span><\/td>\n<\/tr>\n<tr>\n<td><span style=\"color: #000000\"><strong>Fisiologia Aplicada a Frut\u00edferas Lenhosas<\/strong><\/span><\/td>\n<td style=\"text-align: center\"><span style=\"color: #000000\"><strong>04<\/strong><\/span><\/td>\n<td><span style=\"color: #000000\"><strong>Paulo Celso de Mello Farias<\/strong><\/span><\/td>\n<\/tr>\n<tr>\n<td width=\"45%\"><span style=\"color: #000000\"><strong>Vitivinicultura<\/strong><\/span><\/td>\n<td style=\"text-align: center\" width=\"23%\"><span style=\"color: #000000\"><strong>04<\/strong><\/span><\/td>\n<td width=\"30%\"><span style=\"color: #000000\"><strong>Marcelo Barbosa Malgarim<br \/>\n<\/strong><\/span><\/td>\n<\/tr>\n<tr>\n<td width=\"45%\"><span style=\"color: #000000\"><strong>Produ\u00e7\u00e3o Frut\u00edcola I<\/strong><\/span><\/td>\n<td style=\"text-align: center\" width=\"23%\"><span style=\"color: #000000\"><strong>04<\/strong><\/span><\/td>\n<td width=\"30%\"><span style=\"color: #000000\"><strong>Paulo Celso de Mello Farias<\/strong><\/span><\/td>\n<\/tr>\n<tr>\n<td width=\"45%\"><span style=\"color: #000000\"><strong>Produ\u00e7\u00e3o Frut\u00edcola II<\/strong><\/span><\/td>\n<td style=\"text-align: center\" width=\"23%\"><span style=\"color: #000000\"><strong>04<\/strong><\/span><\/td>\n<td width=\"30%\"><span style=\"color: #000000\"><strong>Marcelo Barbosa Malgarim<\/strong><\/span><\/td>\n<\/tr>\n<tr>\n<td width=\"45%\"><span class=\"Apple-style-span\" style=\"color: #000000\"><b>Frut\u00edferas Tropicais e Subtropicais<\/b><\/span><\/td>\n<td style=\"text-align: center\" width=\"23%\"><span style=\"color: #000000\"><strong>04<\/strong><\/span><\/td>\n<td width=\"30%\"><span class=\"Apple-style-span\" style=\"color: #000000\"><b><span class=\"Apple-style-span\"><strong>Marcelo Barbosa Malgarim<\/strong><\/span><\/b><\/span><\/td>\n<\/tr>\n<tr>\n<td width=\"45%\"><span style=\"color: #000000\"><strong>Biotecnologia em Plantas Frut\u00edferas<\/strong><\/span><\/td>\n<td style=\"text-align: center\" width=\"23%\"><span style=\"color: #000000\"><strong>03<\/strong><\/span><\/td>\n<td width=\"30%\"><span style=\"color: #000000\"><strong>M\u00e1rcia Wulff Schuch<\/strong><\/span><\/td>\n<\/tr>\n<tr>\n<td width=\"45%\"><span style=\"color: #000000\"><strong>Est\u00e1gio de Doc\u00eancia Orientada<\/strong><\/span><\/td>\n<td style=\"text-align: center\" width=\"23%\"><span style=\"color: #000000\"><strong>01<\/strong><\/span><\/td>\n<td width=\"30%\"><span style=\"color: #000000\"><b><span class=\"Apple-style-span\"><strong>Marcelo Barbosa Malgarim<\/strong><\/span><\/b><\/span><\/td>\n<\/tr>\n<tr>\n<td width=\"45%\"><span style=\"color: #000000\"><strong>Pesquisa Orientada em Fruticultura<\/strong><\/span><\/td>\n<td style=\"text-align: center\" width=\"23%\"><span style=\"color: #000000\"><strong>02<\/strong><\/span><\/td>\n<td width=\"30%\"><span class=\"Apple-style-span\" style=\"color: #000000\"><b>Adriane Marinho de Assis<\/b><\/span><\/td>\n<\/tr>\n<tr>\n<td width=\"45%\"><span style=\"color: #000000\"><strong>Estat\u00edstica Experimental II<\/strong><\/span><\/td>\n<td style=\"text-align: center\" width=\"23%\"><span style=\"color: #000000\"><strong>06<\/strong><\/span><\/td>\n<td width=\"30%\"><span style=\"color: #000000\"><strong>Gustavo Sessa Fialho<\/strong><\/span><\/td>\n<\/tr>\n<tr>\n<td width=\"45%\"><span style=\"color: #000000\"><strong>Semin\u00e1rios<\/strong><\/span><\/td>\n<td style=\"text-align: center\" width=\"23%\"><span style=\"color: #000000\"><strong>02<\/strong><\/span><\/td>\n<td width=\"30%\"><span style=\"color: #000000\"><strong>Ana L\u00facia Soares Chaves<\/strong><\/span><\/td>\n<\/tr>\n<tr>\n<td width=\"45%\"><span style=\"color: #000000\"><strong>Fruticultura Sustent\u00e1vel<\/strong><\/span><\/td>\n<td style=\"text-align: center\" width=\"23%\"><span style=\"color: #000000\"><strong>04<\/strong><\/span><\/td>\n<td width=\"30%\"><span style=\"color: #000000\"><strong>Carlos Roberto Martins<\/strong><\/span><\/td>\n<\/tr>\n<\/tbody>\n<\/table>\n<p>&nbsp;<\/p>\n","protected":false},"excerpt":{"rendered":"<p>LISTA DE DISCIPLINAS\u00a0 *As disciplinas desta lista podem ou n\u00e3o ser ofertadas DISCIPLINA N\u00ba DE CR\u00c9DITOS REGENTE Micropropaga\u00e7\u00e3o de Plantas Frut\u00edferas 04 M\u00e1rcia Wulff Schuch Fruticultura Ornamental 04 Adriane Marinho de Assis Produ\u00e7\u00e3o de Pom\u00e1ceas 03 Robson Ryu Yamamoto Ecofisiologia de Plantas Frut\u00edferas 04 Fl\u00e1vio Gilberto Herter Fisiologia Aplicada a Frut\u00edferas Lenhosas 04 Paulo Celso [&hellip;]<\/p>\n","protected":false},"author":134,"featured_media":0,"parent":0,"menu_order":5,"comment_status":"closed","ping_status":"closed","template":"","meta":{"jetpack_post_was_ever_published":false,"footnotes":""},"class_list":["post-4","page","type-page","status-publish","hentry"],"jetpack_sharing_enabled":true,"jetpack_shortlink":"https:\/\/wp.me\/P8GOGm-4","_links":{"self":[{"href":"https:\/\/wp.ufpel.edu.br\/fruticultura\/wp-json\/wp\/v2\/pages\/4","targetHints":{"allow":["GET"]}}],"collection":[{"href":"https:\/\/wp.ufpel.edu.br\/fruticultura\/wp-json\/wp\/v2\/pages"}],"about":[{"href":"https:\/\/wp.ufpel.edu.br\/fruticultura\/wp-json\/wp\/v2\/types\/page"}],"author":[{"embeddable":true,"href":"https:\/\/wp.ufpel.edu.br\/fruticultura\/wp-json\/wp\/v2\/users\/134"}],"replies":[{"embeddable":true,"href":"https:\/\/wp.ufpel.edu.br\/fruticultura\/wp-json\/wp\/v2\/comments?post=4"}],"version-history":[{"count":31,"href":"https:\/\/wp.ufpel.edu.br\/fruticultura\/wp-json\/wp\/v2\/pages\/4\/revisions"}],"predecessor-version":[{"id":674,"href":"https:\/\/wp.ufpel.edu.br\/fruticultura\/wp-json\/wp\/v2\/pages\/4\/revisions\/674"}],"wp:attachment":[{"href":"https:\/\/wp.ufpel.edu.br\/fruticultura\/wp-json\/wp\/v2\/media?parent=4"}],"curies":[{"name":"wp","href":"https:\/\/api.w.org\/{rel}","templated":true}]}}