{"id":32,"date":"2011-09-25T02:03:42","date_gmt":"2011-09-25T05:03:42","guid":{"rendered":"https:\/\/wp.ufpel.edu.br\/fruticultura\/"},"modified":"2017-05-02T21:30:37","modified_gmt":"2017-05-03T00:30:37","slug":"cap","status":"publish","type":"page","link":"https:\/\/wp.ufpel.edu.br\/fruticultura\/cap\/","title":{"rendered":"CAP"},"content":{"rendered":"<p style=\"text-align: center\"><strong><span style=\"color: #f58014\">CENTRO AGROPECU\u00c1RIO DA PALMA (CAP)<\/span><\/strong><\/p>\n<p style=\"text-align: center\"><strong>Localiza\u00e7\u00e3o<\/strong><\/p>\n<p style=\"text-align: justify\">O pomar did\u00e1tico Professor Ant\u00f4nio Rodrigues Duarte da Silva est\u00e1 localizado no km 8 do campus universit\u00e1rio, da Universidade Federal de Pelotas\/Faculdade de Agronomia Eliseu Maciel-RS\/Brasil, \u00e0s margens da BR 116.<\/p>\n<p><strong>Coordenadas Geogr\u00e1ficas:<\/strong><\/p>\n<p>&#8211; <strong>Latitude<\/strong> 31\u00ba 52\u2019 00&#8243; S;<\/p>\n<p>&#8211; <strong>Longitude<\/strong> 52\u00ba 21\u2019 24&#8243; W Greenwich<\/p>\n<p>&#8211; <strong>Altitude<\/strong> de 13,24 metros<\/p>\n<p style=\"text-align: center\">\n<div class=\"mceTemp mceIEcenter\"><\/div>\n","protected":false},"excerpt":{"rendered":"<p>CENTRO AGROPECU\u00c1RIO DA PALMA (CAP) Localiza\u00e7\u00e3o O pomar did\u00e1tico Professor Ant\u00f4nio Rodrigues Duarte da Silva est\u00e1 localizado no km 8 do campus universit\u00e1rio, da Universidade Federal de Pelotas\/Faculdade de Agronomia Eliseu Maciel-RS\/Brasil, \u00e0s margens da BR 116. Coordenadas Geogr\u00e1ficas: &#8211; Latitude 31\u00ba 52\u2019 00&#8243; S; &#8211; Longitude 52\u00ba 21\u2019 24&#8243; W Greenwich &#8211; Altitude de [&hellip;]<\/p>\n","protected":false},"author":139,"featured_media":0,"parent":0,"menu_order":8,"comment_status":"closed","ping_status":"closed","template":"","meta":{"jetpack_post_was_ever_published":false,"footnotes":""},"class_list":["post-32","page","type-page","status-publish","hentry"],"jetpack_sharing_enabled":true,"jetpack_shortlink":"https:\/\/wp.me\/P8GOGm-w","_links":{"self":[{"href":"https:\/\/wp.ufpel.edu.br\/fruticultura\/wp-json\/wp\/v2\/pages\/32","targetHints":{"allow":["GET"]}}],"collection":[{"href":"https:\/\/wp.ufpel.edu.br\/fruticultura\/wp-json\/wp\/v2\/pages"}],"about":[{"href":"https:\/\/wp.ufpel.edu.br\/fruticultura\/wp-json\/wp\/v2\/types\/page"}],"author":[{"embeddable":true,"href":"https:\/\/wp.ufpel.edu.br\/fruticultura\/wp-json\/wp\/v2\/users\/139"}],"replies":[{"embeddable":true,"href":"https:\/\/wp.ufpel.edu.br\/fruticultura\/wp-json\/wp\/v2\/comments?post=32"}],"version-history":[{"count":28,"href":"https:\/\/wp.ufpel.edu.br\/fruticultura\/wp-json\/wp\/v2\/pages\/32\/revisions"}],"predecessor-version":[{"id":52,"href":"https:\/\/wp.ufpel.edu.br\/fruticultura\/wp-json\/wp\/v2\/pages\/32\/revisions\/52"}],"wp:attachment":[{"href":"https:\/\/wp.ufpel.edu.br\/fruticultura\/wp-json\/wp\/v2\/media?parent=32"}],"curies":[{"name":"wp","href":"https:\/\/api.w.org\/{rel}","templated":true}]}}