{"id":20,"date":"2011-09-21T15:30:47","date_gmt":"2011-09-21T18:30:47","guid":{"rendered":"https:\/\/wp.ufpel.edu.br\/fruticultura\/"},"modified":"2017-05-02T21:20:10","modified_gmt":"2017-05-03T00:20:10","slug":"teses","status":"publish","type":"page","link":"https:\/\/wp.ufpel.edu.br\/fruticultura\/teses\/","title":{"rendered":"Teses e disserta\u00e7\u00f5es"},"content":{"rendered":"<p><a href=\"https:\/\/wp.ufpel.edu.br\/fruticultura\/files\/2011\/09\/Teses-e-disserta\u00e7\u00f5es-Programa-de-p\u00f3s-gradua\u00e7\u00e3o-em-fruticultura-de-clima-temperado-1976-2011.xls\">Teses e disserta\u00e7\u00f5es &#8211; Programa de p\u00f3s-gradua\u00e7\u00e3o em fruticultura de clima temperado (1976-2011)<\/a><\/p>\n","protected":false},"excerpt":{"rendered":"<p>Teses e disserta\u00e7\u00f5es &#8211; Programa de p\u00f3s-gradua\u00e7\u00e3o em fruticultura de clima temperado (1976-2011)<\/p>\n","protected":false},"author":134,"featured_media":0,"parent":0,"menu_order":4,"comment_status":"closed","ping_status":"closed","template":"","meta":{"jetpack_post_was_ever_published":false,"footnotes":""},"class_list":["post-20","page","type-page","status-publish","hentry"],"jetpack_sharing_enabled":true,"jetpack_shortlink":"https:\/\/wp.me\/P8GOGm-k","_links":{"self":[{"href":"https:\/\/wp.ufpel.edu.br\/fruticultura\/wp-json\/wp\/v2\/pages\/20","targetHints":{"allow":["GET"]}}],"collection":[{"href":"https:\/\/wp.ufpel.edu.br\/fruticultura\/wp-json\/wp\/v2\/pages"}],"about":[{"href":"https:\/\/wp.ufpel.edu.br\/fruticultura\/wp-json\/wp\/v2\/types\/page"}],"author":[{"embeddable":true,"href":"https:\/\/wp.ufpel.edu.br\/fruticultura\/wp-json\/wp\/v2\/users\/134"}],"replies":[{"embeddable":true,"href":"https:\/\/wp.ufpel.edu.br\/fruticultura\/wp-json\/wp\/v2\/comments?post=20"}],"version-history":[{"count":14,"href":"https:\/\/wp.ufpel.edu.br\/fruticultura\/wp-json\/wp\/v2\/pages\/20\/revisions"}],"predecessor-version":[{"id":546,"href":"https:\/\/wp.ufpel.edu.br\/fruticultura\/wp-json\/wp\/v2\/pages\/20\/revisions\/546"}],"wp:attachment":[{"href":"https:\/\/wp.ufpel.edu.br\/fruticultura\/wp-json\/wp\/v2\/media?parent=20"}],"curies":[{"name":"wp","href":"https:\/\/api.w.org\/{rel}","templated":true}]}}