{"id":138,"date":"2017-05-02T11:05:11","date_gmt":"2017-05-02T14:05:11","guid":{"rendered":"https:\/\/wp.ufpel.edu.br\/fruticultura\/"},"modified":"2022-05-09T23:10:58","modified_gmt":"2022-05-10T02:10:58","slug":"equipe","status":"publish","type":"page","link":"https:\/\/wp.ufpel.edu.br\/fruticultura\/equipe\/","title":{"rendered":"Professores"},"content":{"rendered":"<p style=\"text-align: center;\"><span style=\"font-size: 12pt; font-family: 'trebuchet ms', geneva, sans-serif;\"><strong>DOCENTES ORIENTADORES<\/strong><\/span><\/p>\n<table style=\"height: 1906px;\">\n<tbody>\n<tr style=\"height: 24px;\">\n<td style=\"text-align: center; height: 24px;\"><span style=\"font-family: georgia, palatino, serif; font-size: 12pt;\">Professor(a)<\/span><\/td>\n<td style=\"text-align: center; height: 24px;\"><span style=\"font-family: georgia, palatino, serif; font-size: 12pt;\">\u00c1rea<\/span><\/td>\n<td style=\"text-align: center; height: 24px;\"><span style=\"font-family: georgia, palatino, serif; font-size: 12pt;\">Contato<\/span><\/td>\n<\/tr>\n<tr style=\"height: 207px;\">\n<td style=\"height: 207px;\">\n<p><div id=\"attachment_225\" style=\"width: 165px\" class=\"wp-caption aligncenter\"><a href=\"https:\/\/wp.ufpel.edu.br\/fruticultura\/equipe\/flavio\/\" rel=\"attachment wp-att-225\"><img aria-describedby=\"caption-attachment-225\" class=\"wp-image-225 \" src=\"https:\/\/wp.ufpel.edu.br\/fruticultura\/files\/2011\/09\/FLAVIO-e1493811276445-300x296.jpg\" alt=\"\" width=\"155\" height=\"153\" srcset=\"https:\/\/wp.ufpel.edu.br\/fruticultura\/files\/2011\/09\/FLAVIO-e1493811276445-300x296.jpg 300w, https:\/\/wp.ufpel.edu.br\/fruticultura\/files\/2011\/09\/FLAVIO-e1493811276445-768x758.jpg 768w, https:\/\/wp.ufpel.edu.br\/fruticultura\/files\/2011\/09\/FLAVIO-e1493811276445.jpg 847w\" sizes=\"(max-width: 155px) 100vw, 155px\" \/><\/a><p id=\"caption-attachment-225\" class=\"wp-caption-text\"><span style=\"font-family: georgia, palatino, serif; font-size: 12pt;\">Fl\u00e1vio Gilberto Herter<\/span><\/p><\/div><\/td>\n<td style=\"text-align: center; height: 207px;\"><span style=\"font-family: georgia, palatino, serif; font-size: 12pt;\">Ecofisiologia de plantas frut\u00edferas<\/span><\/td>\n<td style=\"height: 207px;\">\n<p style=\"text-align: center;\"><span style=\"font-family: georgia, palatino, serif; font-size: 12pt;\">flavioherter@gmail.com<\/span><\/p>\n<p style=\"text-align: center;\"><span style=\"font-size: 12pt; font-family: georgia, palatino, serif;\"><a href=\"http:\/\/lattes.cnpq.br\/7773937279598687\">Lattes<\/a><\/span><\/p>\n<\/td>\n<\/tr>\n<tr style=\"height: 202px;\">\n<td style=\"height: 202px;\">\n<p><div id=\"attachment_170\" style=\"width: 171px\" class=\"wp-caption aligncenter\"><a href=\"https:\/\/wp.ufpel.edu.br\/fruticultura\/equipe\/dsc08574\/\" rel=\"attachment wp-att-170\"><img aria-describedby=\"caption-attachment-170\" class=\" wp-image-170\" src=\"https:\/\/wp.ufpel.edu.br\/fruticultura\/files\/2011\/09\/DSC08574-300x277.jpg\" alt=\"\" width=\"161\" height=\"149\" srcset=\"https:\/\/wp.ufpel.edu.br\/fruticultura\/files\/2011\/09\/DSC08574-300x277.jpg 300w, https:\/\/wp.ufpel.edu.br\/fruticultura\/files\/2011\/09\/DSC08574-1024x947.jpg 1024w, https:\/\/wp.ufpel.edu.br\/fruticultura\/files\/2011\/09\/DSC08574.jpg 1680w\" sizes=\"(max-width: 161px) 100vw, 161px\" \/><\/a><p id=\"caption-attachment-170\" class=\"wp-caption-text\"><span style=\"font-family: georgia, palatino, serif; font-size: 12pt;\">Marcelo Barbosa Malgarim<\/span><\/p><\/div><\/td>\n<td style=\"text-align: center; height: 202px;\"><span style=\"font-family: georgia, palatino, serif; font-size: 12pt;\">Manejo de pomares, Vitivinicultura e Fisiologia p\u00f3s-colheita de frutos<\/span><\/td>\n<td style=\"height: 202px;\">\n<p style=\"text-align: center;\"><span style=\"font-family: georgia, palatino, serif; font-size: 12pt;\">malgarim@ufpel.edu.br<\/span><\/p>\n<p style=\"text-align: center;\"><span style=\"font-size: 12pt; font-family: georgia, palatino, serif;\"><a href=\"http:\/\/lattes.cnpq.br\/2936532510261157\">Lattes<\/a><\/span><\/p>\n<\/td>\n<\/tr>\n<tr style=\"height: 199px;\">\n<td style=\"height: 199px;\">\n<p><div id=\"attachment_536\" style=\"width: 162px\" class=\"wp-caption aligncenter\"><a href=\"https:\/\/wp.ufpel.edu.br\/fruticultura\/equipe\/1395353_567295690007422_1244580790_n\/\" rel=\"attachment wp-att-536\"><img aria-describedby=\"caption-attachment-536\" class=\" wp-image-536\" src=\"https:\/\/wp.ufpel.edu.br\/fruticultura\/files\/2011\/09\/1395353_567295690007422_1244580790_n.jpg\" alt=\"\" width=\"152\" height=\"146\" \/><\/a><p id=\"caption-attachment-536\" class=\"wp-caption-text\"><span style=\"font-family: georgia, palatino, serif; font-size: 12pt;\">Paulo Celso de Mello Farias<\/span><\/p><\/div><\/td>\n<td style=\"text-align: center; height: 199px;\"><span style=\"font-family: georgia, palatino, serif; font-size: 12pt;\">Fisiologia da produ\u00e7\u00e3o de frut\u00edferas<\/span><\/td>\n<td style=\"height: 199px;\">\n<p style=\"text-align: center;\"><span style=\"font-family: georgia, palatino, serif; font-size: 12pt;\">mellofarias@yahoo.com.br<\/span><\/p>\n<p style=\"text-align: center;\"><span style=\"font-size: 12pt; font-family: georgia, palatino, serif;\"><a href=\"http:\/\/lattes.cnpq.br\/2028783548387719\">Lattes<\/a><\/span><\/p>\n<\/td>\n<\/tr>\n<tr style=\"height: 201px;\">\n<td style=\"height: 201px;\">\n<p><div id=\"attachment_537\" style=\"width: 185px\" class=\"wp-caption aligncenter\"><a href=\"https:\/\/wp.ufpel.edu.br\/fruticultura\/equipe\/11018176_10205367382156558_442637876916462229_n\/\" rel=\"attachment wp-att-537\"><img aria-describedby=\"caption-attachment-537\" class=\" wp-image-537\" src=\"https:\/\/wp.ufpel.edu.br\/fruticultura\/files\/2011\/09\/11018176_10205367382156558_442637876916462229_n.jpg\" alt=\"\" width=\"175\" height=\"148\" \/><\/a><p id=\"caption-attachment-537\" class=\"wp-caption-text\"><span style=\"font-family: georgia, palatino, serif; font-size: 12pt;\">Luis Eduardo Correa Antunes<\/span><\/p><\/div><\/td>\n<td style=\"text-align: center; height: 201px;\"><span style=\"font-family: georgia, palatino, serif; font-size: 12pt;\">Manejo e produ\u00e7\u00e3o de pequenas frutas e Frutas de caro\u00e7o<\/span><\/td>\n<td style=\"height: 201px;\">\n<p style=\"text-align: center;\"><span style=\"font-family: georgia, palatino, serif; font-size: 12pt;\">luis.antunes@embrapa.br<\/span><\/p>\n<p style=\"text-align: center;\"><span style=\"font-size: 12pt; font-family: georgia, palatino, serif;\"><a href=\"http:\/\/lattes.cnpq.br\/8683376495079788\">Lattes<\/a><\/span><\/p>\n<\/td>\n<\/tr>\n<tr style=\"height: 209px;\">\n<td style=\"height: 209px;\">\n<p><div id=\"attachment_565\" style=\"width: 165px\" class=\"wp-caption aligncenter\"><a href=\"https:\/\/wp.ufpel.edu.br\/fruticultura\/equipe\/10906562_868964033147712_6876505418761030476_n\/\" rel=\"attachment wp-att-565\"><img aria-describedby=\"caption-attachment-565\" class=\" wp-image-565\" src=\"https:\/\/wp.ufpel.edu.br\/fruticultura\/files\/2017\/05\/10906562_868964033147712_6876505418761030476_n-300x300.jpg\" alt=\"\" width=\"155\" height=\"155\" srcset=\"https:\/\/wp.ufpel.edu.br\/fruticultura\/files\/2017\/05\/10906562_868964033147712_6876505418761030476_n-300x300.jpg 300w, https:\/\/wp.ufpel.edu.br\/fruticultura\/files\/2017\/05\/10906562_868964033147712_6876505418761030476_n-150x150.jpg 150w, https:\/\/wp.ufpel.edu.br\/fruticultura\/files\/2017\/05\/10906562_868964033147712_6876505418761030476_n.jpg 760w\" sizes=\"(max-width: 155px) 100vw, 155px\" \/><\/a><p id=\"caption-attachment-565\" class=\"wp-caption-text\"><span style=\"font-family: georgia, palatino, serif; font-size: 12pt;\">Adriane Marinho de Assis<\/span><\/p><\/div><\/td>\n<td style=\"text-align: center; height: 209px;\"><span style=\"font-family: georgia, palatino, serif; font-size: 12pt;\">Produ\u00e7\u00e3o de mudas e manejo de frut\u00edferas com potencial ornamental<\/span><\/td>\n<td style=\"height: 209px;\">\n<p style=\"text-align: center;\"><span style=\"font-family: georgia, palatino, serif; font-size: 12pt;\">agroadri@ig.com.br<\/span><\/p>\n<p style=\"text-align: center;\"><span style=\"font-size: 12pt; font-family: georgia, palatino, serif;\"><a href=\"http:\/\/lattes.cnpq.br\/8423368680686062\">Lattes<\/a><\/span><\/p>\n<\/td>\n<\/tr>\n<tr style=\"height: 192px;\">\n<td style=\"text-align: center; height: 192px;\">\n<p><div id=\"attachment_535\" style=\"width: 171px\" class=\"wp-caption aligncenter\"><a href=\"https:\/\/wp.ufpel.edu.br\/fruticultura\/equipe\/23717565956_a6db7cc548-2\/\" rel=\"attachment wp-att-535\"><img aria-describedby=\"caption-attachment-535\" class=\" wp-image-535\" src=\"https:\/\/wp.ufpel.edu.br\/fruticultura\/files\/2011\/09\/23717565956_a6db7cc548-1.jpg\" alt=\"\" width=\"161\" height=\"138\" \/><\/a><p id=\"caption-attachment-535\" class=\"wp-caption-text\"><span style=\"font-family: georgia, palatino, serif; font-size: 12pt;\">Carlos Roberto Martins<\/span><\/p><\/div><\/td>\n<td style=\"text-align: center; height: 192px;\"><span style=\"font-family: georgia, palatino, serif; font-size: 12pt;\">Fruticultura e Sistemas de produ\u00e7\u00e3o sustent\u00e1veis<\/span><\/td>\n<td style=\"height: 192px;\">\n<p style=\"text-align: center;\"><span style=\"font-family: georgia, palatino, serif; font-size: 12pt;\">carlos.r.martins@embrapa.br<\/span><\/p>\n<p style=\"text-align: center;\"><span style=\"font-size: 12pt; font-family: georgia, palatino, serif;\"><a href=\"http:\/\/lattes.cnpq.br\/1097462869379223\">Lattes<\/a><\/span><\/p>\n<\/td>\n<\/tr>\n<tr style=\"height: 221px;\">\n<td style=\"text-align: center; height: 221px;\"><a href=\"https:\/\/wp.ufpel.edu.br\/fruticultura\/files\/2019\/11\/Bianchi_Joao.jpg\"><img class=\"aligncenter wp-image-899\" src=\"https:\/\/wp.ufpel.edu.br\/fruticultura\/files\/2019\/11\/Bianchi_Joao.jpg\" alt=\"\" width=\"165\" height=\"165\" srcset=\"https:\/\/wp.ufpel.edu.br\/fruticultura\/files\/2019\/11\/Bianchi_Joao.jpg 512w, https:\/\/wp.ufpel.edu.br\/fruticultura\/files\/2019\/11\/Bianchi_Joao-200x200.jpg 200w, https:\/\/wp.ufpel.edu.br\/fruticultura\/files\/2019\/11\/Bianchi_Joao-400x400.jpg 400w\" sizes=\"(max-width: 165px) 100vw, 165px\" \/><\/a><\/p>\n<div class=\"mceTemp\">Valmor Jo\u00e3o Bianchi<\/div>\n<\/td>\n<td style=\"text-align: center; height: 221px;\">Biologia Molecular e Celular e <span style=\"font-family: inherit; font-size: inherit;\">Fisiologia de Plantas Lenhosas<\/span><\/td>\n<td style=\"height: 221px;\">\n<p style=\"text-align: center;\"><span style=\"font-family: georgia, palatino, serif; font-size: 12pt;\">valmorjb@yahoo.com<\/span><\/p>\n<p style=\"text-align: center;\"><a href=\"http:\/\/lattes.cnpq.br\/9373170196787637\">Lattes<\/a><\/p>\n<\/td>\n<\/tr>\n<tr style=\"height: 238px;\">\n<td style=\"text-align: center; height: 238px;\">\n<p class=\"nome\"><a href=\"https:\/\/wp.ufpel.edu.br\/fruticultura\/files\/2019\/11\/andr\u00e9.jpg\"><img class=\"aligncenter wp-image-896\" src=\"https:\/\/wp.ufpel.edu.br\/fruticultura\/files\/2019\/11\/andr\u00e9.jpg\" alt=\"\" width=\"148\" height=\"159\" \/><\/a>Andr\u00e9 Luiz K\u00fclkamp de Souza<\/p>\n<\/td>\n<td style=\"text-align: center; height: 238px;\"><span style=\"font-family: georgia, palatino, serif; font-size: 12pt;\">Manejo de pomares, Vitivinicultura e Enologia<\/span><\/td>\n<td style=\"height: 238px;\">\n<p style=\"text-align: center;\"><span style=\"font-family: georgia, palatino, serif; font-size: 12pt;\">andresouza@epagri.sc.gov.br<\/span><\/p>\n<p style=\"text-align: center;\"><a href=\"http:\/\/lattes.cnpq.br\/4503965477493383\">Lattes<\/a><\/p>\n<\/td>\n<\/tr>\n<tr style=\"height: 213px;\">\n<td style=\"text-align: center; height: 213px;\"><a href=\"https:\/\/wp.ufpel.edu.br\/fruticultura\/files\/2019\/11\/Mateus_Pasa.jpg\"><img class=\"aligncenter wp-image-897\" src=\"https:\/\/wp.ufpel.edu.br\/fruticultura\/files\/2019\/11\/Mateus_Pasa.jpg\" alt=\"\" width=\"157\" height=\"157\" srcset=\"https:\/\/wp.ufpel.edu.br\/fruticultura\/files\/2019\/11\/Mateus_Pasa.jpg 512w, https:\/\/wp.ufpel.edu.br\/fruticultura\/files\/2019\/11\/Mateus_Pasa-200x200.jpg 200w, https:\/\/wp.ufpel.edu.br\/fruticultura\/files\/2019\/11\/Mateus_Pasa-400x400.jpg 400w\" sizes=\"(max-width: 157px) 100vw, 157px\" \/><\/a><\/p>\n<div class=\"mceTemp\">Mateus da Silveira Pasa<\/div>\n<\/td>\n<td style=\"text-align: center; height: 213px;\"><span style=\"font-family: georgia, palatino, serif; font-size: 12pt;\">Fisiologia e Ecofisiologia da produ\u00e7\u00e3o<\/span><\/td>\n<td style=\"height: 213px;\">\n<p style=\"text-align: center;\"><span style=\"font-family: georgia, palatino, serif; font-size: 12pt;\">mateus.pasa@gmail.com<\/span><\/p>\n<p style=\"text-align: center;\"><a href=\"http:\/\/lattes.cnpq.br\/8237697446523422\">Lattes<\/a><\/p>\n<\/td>\n<\/tr>\n<tr>\n<td style=\"text-align: center;\">\n<p><a href=\"https:\/\/wp.ufpel.edu.br\/fruticultura\/files\/2022\/05\/carol-1.jpg\"><img class=\"alignnone wp-image-978\" src=\"https:\/\/wp.ufpel.edu.br\/fruticultura\/files\/2022\/05\/carol-1.jpg\" alt=\"\" width=\"173\" height=\"173\" srcset=\"https:\/\/wp.ufpel.edu.br\/fruticultura\/files\/2022\/05\/carol-1.jpg 359w, https:\/\/wp.ufpel.edu.br\/fruticultura\/files\/2022\/05\/carol-1-200x200.jpg 200w\" sizes=\"(max-width: 173px) 100vw, 173px\" \/><\/a><\/p>\n<p>Caroline Farias Barreto<\/p>\n<p>&nbsp;<\/td>\n<td style=\"text-align: center;\"><span style=\"font-family: georgia, palatino, serif; font-size: 12pt;\">Fisiologia da produ\u00e7\u00e3o de frut\u00edferas, nutri\u00e7\u00e3o de plantas e tecnologia p\u00f3s-colheita de frutas.<\/span><\/td>\n<td>carol_fariasb@hotmail.com<\/p>\n<p style=\"text-align: center;\"><a href=\"http:\/\/lattes.cnpq.br\/1620571928737712\">Lattes<\/a><\/p>\n<\/td>\n<\/tr>\n<\/tbody>\n<\/table>\n<p style=\"text-align: center;\"><strong><span style=\"font-family: 'trebuchet ms', geneva, sans-serif;\">COLABORADORES E CO-ORIENTADORES<\/span><\/strong><\/p>\n<table style=\"height: 482px;\" width=\"742\">\n<tbody>\n<tr style=\"height: 24px;\">\n<td style=\"text-align: center; height: 24px;\"><span style=\"font-family: 'trebuchet ms', geneva, sans-serif;\"><strong>Nome<\/strong><\/span><\/td>\n<td style=\"text-align: center; height: 24px;\"><span style=\"font-family: 'trebuchet ms', geneva, sans-serif;\"><strong>Cargo<\/strong><\/span><\/td>\n<td style=\"text-align: center; height: 24px;\"><span style=\"font-family: 'trebuchet ms', geneva, sans-serif;\"><strong>Institui\u00e7\u00e3o<\/strong><\/span><\/td>\n<\/tr>\n<tr style=\"height: 24px;\">\n<td style=\"height: 24px;\"><span style=\"font-family: 'trebuchet ms', geneva, sans-serif;\">Ana L\u00facia Soares Chaves<\/span><\/td>\n<td style=\"height: 24px;\"><span style=\"font-family: 'trebuchet ms', geneva, sans-serif;\">Professora<\/span><\/td>\n<td style=\"height: 24px;\"><span style=\"font-family: 'trebuchet ms', geneva, sans-serif;\">UFPel<\/span><\/td>\n<\/tr>\n<tr style=\"height: 24px;\">\n<td style=\"height: 24px;\"><span style=\"font-family: 'trebuchet ms', geneva, sans-serif;\">Elisane Schwartz<\/span><\/td>\n<td style=\"height: 24px;\"><span style=\"font-family: 'trebuchet ms', geneva, sans-serif;\">Professora<\/span><\/td>\n<td style=\"height: 24px;\"><span style=\"font-family: 'trebuchet ms', geneva, sans-serif;\">IFSul<\/span><\/td>\n<\/tr>\n<tr style=\"height: 24px;\">\n<td style=\"height: 24px;\"><span style=\"font-family: 'trebuchet ms', geneva, sans-serif;\">Gilberto Nava<\/span><\/td>\n<td style=\"height: 24px;\"><span style=\"font-family: 'trebuchet ms', geneva, sans-serif;\">Pesquisador<\/span><\/td>\n<td style=\"height: 24px;\"><span style=\"font-family: 'trebuchet ms', geneva, sans-serif;\">Embrapa<\/span><\/td>\n<\/tr>\n<tr style=\"height: 24px;\">\n<td style=\"height: 24px;\"><span style=\"font-family: 'trebuchet ms', geneva, sans-serif;\">Gilmar Arduino Bettio Marodin<\/span><\/td>\n<td style=\"height: 24px;\"><span style=\"font-family: 'trebuchet ms', geneva, sans-serif;\">Professor<\/span><\/td>\n<td style=\"height: 24px;\"><span style=\"font-family: 'trebuchet ms', geneva, sans-serif;\">UFRGS<\/span><\/td>\n<\/tr>\n<tr style=\"height: 24px;\">\n<td style=\"height: 24px;\"><span style=\"font-family: 'trebuchet ms', geneva, sans-serif;\">M\u00e1rcia Vizotto<\/span><\/td>\n<td style=\"height: 24px;\"><span style=\"font-family: 'trebuchet ms', geneva, sans-serif;\">Pesquisadora<\/span><\/td>\n<td style=\"height: 24px;\"><span style=\"font-family: 'trebuchet ms', geneva, sans-serif;\">Embrapa<\/span><\/td>\n<\/tr>\n<tr style=\"height: 24px;\">\n<td style=\"height: 24px;\"><span style=\"font-family: 'trebuchet ms', geneva, sans-serif;\">Newton Alex Mayer<\/span><\/td>\n<td style=\"height: 24px;\"><span style=\"font-family: 'trebuchet ms', geneva, sans-serif;\">Pesquisador<\/span><\/td>\n<td style=\"height: 24px;\"><span style=\"font-family: 'trebuchet ms', geneva, sans-serif;\">Embrapa<\/span><\/td>\n<\/tr>\n<tr style=\"height: 24px;\">\n<td style=\"height: 24px;\"><span style=\"font-family: 'trebuchet ms', geneva, sans-serif;\">Robson Ryu Yamamoto<\/span><\/td>\n<td style=\"height: 24px;\"><span style=\"font-family: 'trebuchet ms', geneva, sans-serif;\">Professor<\/span><\/td>\n<td style=\"height: 24px;\"><span style=\"font-family: 'trebuchet ms', geneva, sans-serif;\">UFSCAR<\/span><\/td>\n<\/tr>\n<tr style=\"height: 24px;\">\n<td style=\"height: 24px;\"><span style=\"font-family: 'trebuchet ms', geneva, sans-serif;\">Roberto Pedroso de Oliveira<\/span><\/td>\n<td style=\"height: 24px;\"><span style=\"font-family: 'trebuchet ms', geneva, sans-serif;\">Pesquisador<\/span><\/td>\n<td style=\"height: 24px;\"><span style=\"font-family: 'trebuchet ms', geneva, sans-serif;\">Embrapa<\/span><\/td>\n<\/tr>\n<tr style=\"height: 24px;\">\n<td style=\"height: 24px;\"><span style=\"font-family: 'trebuchet ms', geneva, sans-serif;\">Rufino Fernando Flores Cantillano<\/span><\/td>\n<td style=\"height: 24px;\"><span style=\"font-family: 'trebuchet ms', geneva, sans-serif;\">Pesquisador<\/span><\/td>\n<td style=\"height: 24px;\"><span style=\"font-family: 'trebuchet ms', geneva, sans-serif;\">Embrapa<\/span><\/td>\n<\/tr>\n<tr style=\"height: 24px;\">\n<td style=\"height: 24px;\"><span style=\"font-family: 'trebuchet ms', geneva, sans-serif;\">Suziane Antes Jacobs<\/span><\/td>\n<td style=\"height: 24px;\"><span style=\"font-family: 'trebuchet ms', geneva, sans-serif;\">Professora<\/span><\/td>\n<td style=\"height: 24px;\"><span style=\"font-family: 'trebuchet ms', geneva, sans-serif;\">Unipampa<\/span><\/td>\n<\/tr>\n<tr style=\"height: 24px;\">\n<td style=\"height: 24px;\"><span style=\"font-family: 'trebuchet ms', geneva, sans-serif;\">Vagner Brasil Costa<\/span><\/td>\n<td style=\"height: 24px;\"><span style=\"font-family: 'trebuchet ms', geneva, sans-serif;\">Professor<\/span><\/td>\n<td style=\"height: 24px;\"><span style=\"font-family: 'trebuchet ms', geneva, sans-serif;\">Unipampa<\/span><\/td>\n<\/tr>\n<tr style=\"height: 24px;\">\n<td style=\"height: 24px;\"><span style=\"font-family: 'trebuchet ms', geneva, sans-serif;\">Vinicius Caliari<\/span><\/td>\n<td style=\"height: 24px;\"><span style=\"font-family: 'trebuchet ms', geneva, sans-serif;\">Pesquisador<\/span><\/td>\n<td style=\"height: 24px;\"><span style=\"font-family: 'trebuchet ms', geneva, sans-serif;\">EPAGRI<\/span><\/td>\n<\/tr>\n<\/tbody>\n<\/table>\n<p>&nbsp;<\/p>\n","protected":false},"excerpt":{"rendered":"<p>DOCENTES ORIENTADORES Professor(a) \u00c1rea Contato Ecofisiologia de plantas frut\u00edferas flavioherter@gmail.com Lattes Manejo de pomares, Vitivinicultura e Fisiologia p\u00f3s-colheita de frutos malgarim@ufpel.edu.br Lattes Fisiologia da produ\u00e7\u00e3o de frut\u00edferas mellofarias@yahoo.com.br Lattes Manejo e produ\u00e7\u00e3o de pequenas frutas e Frutas de caro\u00e7o luis.antunes@embrapa.br Lattes Produ\u00e7\u00e3o de mudas e manejo de frut\u00edferas com potencial ornamental agroadri@ig.com.br Lattes Fruticultura e [&hellip;]<\/p>\n","protected":false},"author":139,"featured_media":0,"parent":0,"menu_order":1,"comment_status":"closed","ping_status":"closed","template":"","meta":{"jetpack_post_was_ever_published":false,"footnotes":""},"class_list":["post-138","page","type-page","status-publish","hentry"],"jetpack_sharing_enabled":true,"jetpack_shortlink":"https:\/\/wp.me\/P8GOGm-2e","_links":{"self":[{"href":"https:\/\/wp.ufpel.edu.br\/fruticultura\/wp-json\/wp\/v2\/pages\/138","targetHints":{"allow":["GET"]}}],"collection":[{"href":"https:\/\/wp.ufpel.edu.br\/fruticultura\/wp-json\/wp\/v2\/pages"}],"about":[{"href":"https:\/\/wp.ufpel.edu.br\/fruticultura\/wp-json\/wp\/v2\/types\/page"}],"author":[{"embeddable":true,"href":"https:\/\/wp.ufpel.edu.br\/fruticultura\/wp-json\/wp\/v2\/users\/139"}],"replies":[{"embeddable":true,"href":"https:\/\/wp.ufpel.edu.br\/fruticultura\/wp-json\/wp\/v2\/comments?post=138"}],"version-history":[{"count":136,"href":"https:\/\/wp.ufpel.edu.br\/fruticultura\/wp-json\/wp\/v2\/pages\/138\/revisions"}],"predecessor-version":[{"id":979,"href":"https:\/\/wp.ufpel.edu.br\/fruticultura\/wp-json\/wp\/v2\/pages\/138\/revisions\/979"}],"wp:attachment":[{"href":"https:\/\/wp.ufpel.edu.br\/fruticultura\/wp-json\/wp\/v2\/media?parent=138"}],"curies":[{"name":"wp","href":"https:\/\/api.w.org\/{rel}","templated":true}]}}