{"id":98,"date":"2011-10-25T21:04:35","date_gmt":"2011-10-26T00:04:35","guid":{"rendered":"https:\/\/wp.ufpel.edu.br\/franciscovargas\/"},"modified":"2011-10-25T21:04:35","modified_gmt":"2011-10-26T00:04:35","slug":"dissertacao-de-mestrado","status":"publish","type":"page","link":"https:\/\/wp.ufpel.edu.br\/franciscovargas\/publicacoes\/dissertacao-de-mestrado\/","title":{"rendered":"Disserta\u00e7\u00e3o de Mestrado"},"content":{"rendered":"<p>Disserta\u00e7\u00e3o de mestrado em Sociologia, defendida junto ao Programa de P\u00f3s-Gradua\u00e7\u00e3o em Sociologia da Universidade Federal do Rio Grande do Sul &#8211; UFRGS.<\/p>\n<p>T\u00edtulo da Disserta\u00e7\u00e3o:<\/p>\n<p><strong>Rela\u00e7\u00f5es Sociais de Classe e G\u00eanero: O Trabalho Safrista na Ind\u00fastria de Conservas de Pelotas<\/strong><\/p>\n<p>Orientadora: Prof\u00aa \u00c9lida Rubini Liedke<\/p>\n<p>Data da defesa: Dezembro de 1994<\/p>\n<p>Banca examinadora:<\/p>\n<p>Prof. Ant\u00f4nio David Cattani<\/p>\n<p>Prof\u00aa Lorena Holzmann<\/p>\n<p>Prof\u00aa \u00c9lida Rubini Liedke<\/p>\n","protected":false},"excerpt":{"rendered":"<p>Disserta\u00e7\u00e3o de mestrado em Sociologia, defendida junto ao Programa de P\u00f3s-Gradua\u00e7\u00e3o em Sociologia da Universidade Federal do Rio Grande do Sul &#8211; UFRGS. T\u00edtulo da Disserta\u00e7\u00e3o: Rela\u00e7\u00f5es Sociais de Classe e G\u00eanero: O Trabalho Safrista na Ind\u00fastria de Conservas de Pelotas Orientadora: Prof\u00aa \u00c9lida Rubini Liedke Data da defesa: Dezembro de 1994 Banca examinadora: Prof. [&hellip;]<\/p>\n","protected":false},"author":102,"featured_media":0,"parent":11,"menu_order":2,"comment_status":"closed","ping_status":"open","template":"","meta":{"footnotes":""},"class_list":["post-98","page","type-page","status-publish","hentry"],"_links":{"self":[{"href":"https:\/\/wp.ufpel.edu.br\/franciscovargas\/wp-json\/wp\/v2\/pages\/98","targetHints":{"allow":["GET"]}}],"collection":[{"href":"https:\/\/wp.ufpel.edu.br\/franciscovargas\/wp-json\/wp\/v2\/pages"}],"about":[{"href":"https:\/\/wp.ufpel.edu.br\/franciscovargas\/wp-json\/wp\/v2\/types\/page"}],"author":[{"embeddable":true,"href":"https:\/\/wp.ufpel.edu.br\/franciscovargas\/wp-json\/wp\/v2\/users\/102"}],"replies":[{"embeddable":true,"href":"https:\/\/wp.ufpel.edu.br\/franciscovargas\/wp-json\/wp\/v2\/comments?post=98"}],"version-history":[{"count":2,"href":"https:\/\/wp.ufpel.edu.br\/franciscovargas\/wp-json\/wp\/v2\/pages\/98\/revisions"}],"predecessor-version":[{"id":100,"href":"https:\/\/wp.ufpel.edu.br\/franciscovargas\/wp-json\/wp\/v2\/pages\/98\/revisions\/100"}],"up":[{"embeddable":true,"href":"https:\/\/wp.ufpel.edu.br\/franciscovargas\/wp-json\/wp\/v2\/pages\/11"}],"wp:attachment":[{"href":"https:\/\/wp.ufpel.edu.br\/franciscovargas\/wp-json\/wp\/v2\/media?parent=98"}],"curies":[{"name":"wp","href":"https:\/\/api.w.org\/{rel}","templated":true}]}}