{"id":9,"date":"2011-07-22T15:31:26","date_gmt":"2011-07-22T18:31:26","guid":{"rendered":"https:\/\/wp.ufpel.edu.br\/franciscovargas\/"},"modified":"2013-02-07T01:17:36","modified_gmt":"2013-02-07T01:17:36","slug":"projetos-de-extensao","status":"publish","type":"page","link":"https:\/\/wp.ufpel.edu.br\/franciscovargas\/projetos-de-extensao\/","title":{"rendered":"Projetos de Extens\u00e3o"},"content":{"rendered":"<p>Projeto de Extens\u00e3o em andamento:<\/p>\n<p><a href=\"https:\/\/wp.ufpel.edu.br\/franciscovargas\/files\/2011\/07\/Projeto-de-Extens\u00e3o-Observat\u00f3rio-Social-do-Trabalho.pdf\">Observat\u00f3rio Social do Trabalho: Transforma\u00e7\u00f5es do trabalho na regi\u00e3o sul do Estado do Rio Grande do Sul<\/a><\/p>\n<p>&nbsp;<\/p>\n","protected":false},"excerpt":{"rendered":"<p>Projeto de Extens\u00e3o em andamento: Observat\u00f3rio Social do Trabalho: Transforma\u00e7\u00f5es do trabalho na regi\u00e3o sul do Estado do Rio Grande do Sul &nbsp;<\/p>\n","protected":false},"author":102,"featured_media":0,"parent":0,"menu_order":6,"comment_status":"closed","ping_status":"open","template":"","meta":{"footnotes":""},"class_list":["post-9","page","type-page","status-publish","hentry"],"_links":{"self":[{"href":"https:\/\/wp.ufpel.edu.br\/franciscovargas\/wp-json\/wp\/v2\/pages\/9","targetHints":{"allow":["GET"]}}],"collection":[{"href":"https:\/\/wp.ufpel.edu.br\/franciscovargas\/wp-json\/wp\/v2\/pages"}],"about":[{"href":"https:\/\/wp.ufpel.edu.br\/franciscovargas\/wp-json\/wp\/v2\/types\/page"}],"author":[{"embeddable":true,"href":"https:\/\/wp.ufpel.edu.br\/franciscovargas\/wp-json\/wp\/v2\/users\/102"}],"replies":[{"embeddable":true,"href":"https:\/\/wp.ufpel.edu.br\/franciscovargas\/wp-json\/wp\/v2\/comments?post=9"}],"version-history":[{"count":6,"href":"https:\/\/wp.ufpel.edu.br\/franciscovargas\/wp-json\/wp\/v2\/pages\/9\/revisions"}],"predecessor-version":[{"id":188,"href":"https:\/\/wp.ufpel.edu.br\/franciscovargas\/wp-json\/wp\/v2\/pages\/9\/revisions\/188"}],"wp:attachment":[{"href":"https:\/\/wp.ufpel.edu.br\/franciscovargas\/wp-json\/wp\/v2\/media?parent=9"}],"curies":[{"name":"wp","href":"https:\/\/api.w.org\/{rel}","templated":true}]}}