{"id":831,"date":"2018-04-03T15:41:58","date_gmt":"2018-04-03T18:41:58","guid":{"rendered":"https:\/\/wp.ufpel.edu.br\/franciscovargas\/?page_id=831"},"modified":"2018-08-21T15:49:39","modified_gmt":"2018-08-21T18:49:39","slug":"pratica-de-ensino-v","status":"publish","type":"page","link":"https:\/\/wp.ufpel.edu.br\/franciscovargas\/ensino\/pratica-de-ensino-v\/","title":{"rendered":"Pr\u00e1tica de Ensino V"},"content":{"rendered":"<p>Materiais referentes \u00e0 disciplina de Pr\u00e1tica de Ensino V, do Curso de Licenciatura em Ci\u00eancias Sociais (IFISP\/UFPel), semestre 2018\/1:<\/p>\n<p><a href=\"https:\/\/wp.ufpel.edu.br\/franciscovargas\/files\/2018\/04\/Plano-de-Ensino-Pr\u00e1tica-de-Ensino-V-2018.1.pdf\">Plano de Ensino Pr\u00e1tica de Ensino V 2018\/1<\/a><\/p>\n<p><a href=\"https:\/\/wp.ufpel.edu.br\/franciscovargas\/files\/2018\/04\/Pr\u00e1tica-de-Ensino-V.ppsx\">Apresenta\u00e7\u00e3o Pr\u00e1tica de Ensino V 2018\/1<\/a><\/p>\n<p><a href=\"https:\/\/wp.ufpel.edu.br\/franciscovargas\/files\/2018\/04\/2007_JairoGoncalvesCarlos.pdf\">Interdisciplinaridade no Ensino M\u00e9dio: Desafios e Potencialidades, 2007_Jairo Gon\u00e7alves Carlos<\/a><\/p>\n<p><a href=\"https:\/\/wp.ufpel.edu.br\/franciscovargas\/files\/2018\/05\/Objetivos-e-Metodologia\u201cDiagn\u00f3stico-do-Ensino-de-Sociologia-em-Pelotas-Regi\u00e3o\u201d.pdf\">Objetivos e Metodologia: \u201cDiagn\u00f3stico do Ensino de Sociologia em Pelotas-Regi\u00e3o\u201d<\/a><\/p>\n<p>&nbsp;<\/p>\n<p>Texto sobre Avalia\u00e7\u00e3o:<\/p>\n<p><a href=\"https:\/\/wp.ufpel.edu.br\/franciscovargas\/files\/2018\/06\/Avalia\u00e7\u00e3o-Mediadora-Jussara-Hoffmam.pdf\">Avalia\u00e7\u00e3o Mediadora Jussara Hoffmann<\/a><\/p>\n<p>&nbsp;<\/p>\n<p>Artigo sobre o ensino da sociologia (diagn\u00f3stico):<\/p>\n<p><a href=\"https:\/\/wp.ufpel.edu.br\/franciscovargas\/files\/2018\/05\/O-Ensino-da-Sociologia.-Dilemas-de-uma-disciplina-em-busca-de-reconhecimento.-VARGAS-F.-Pelotas-EDUFPel-2013..pdf\">O Ensino da Sociologia. Dilemas de uma disciplina em busca de reconhecimento. VARGAS, F. Pelotas, EDUFPel, 2013.<\/a><\/p>\n<p>&nbsp;<\/p>\n<p>Estudo do IPEA sobre o Ensino da Sociologia e Filosofia:<\/p>\n<p><a href=\"https:\/\/wp.ufpel.edu.br\/franciscovargas\/files\/2018\/05\/IPEA-2018-td_2384a.pdf\">IPEA 2018 Texto para Discuss\u00e3o 2384a Efeitos da Inser\u00e7\u00e3o das Disciplinas de Sociologia e Filosofia no Ensino M\u00e9dio sobre o Desempenho Escolar<\/a><\/p>\n<p>&nbsp;<\/p>\n<p>Artigo na Folha de S\u00e3o Paulo sobre estudo realizado pelo IPEA sobre a implanta\u00e7\u00e3o da Sociologia e Filosofia:<\/p>\n<p><a href=\"https:\/\/www1.folha.uol.com.br\/educacao\/2018\/04\/filosofia-e-sociologia-obrigatorias-derrubam-notas-em-matematica.shtml\">https:\/\/www1.folha.uol.com.br\/educacao\/2018\/04\/filosofia-e-sociologia-obrigatorias-derrubam-notas-em-matematica.shtml<\/a><\/p>\n<p>&nbsp;<\/p>\n","protected":false},"excerpt":{"rendered":"<p>Materiais referentes \u00e0 disciplina de Pr\u00e1tica de Ensino V, do Curso de Licenciatura em Ci\u00eancias Sociais (IFISP\/UFPel), semestre 2018\/1: Plano de Ensino Pr\u00e1tica de Ensino V 2018\/1 Apresenta\u00e7\u00e3o Pr\u00e1tica de Ensino V 2018\/1 Interdisciplinaridade no Ensino M\u00e9dio: Desafios e Potencialidades, 2007_Jairo Gon\u00e7alves Carlos Objetivos e Metodologia: \u201cDiagn\u00f3stico do Ensino de Sociologia em Pelotas-Regi\u00e3o\u201d &nbsp; Texto [&hellip;]<\/p>\n","protected":false},"author":243,"featured_media":0,"parent":10,"menu_order":4,"comment_status":"closed","ping_status":"closed","template":"","meta":{"footnotes":""},"class_list":["post-831","page","type-page","status-publish","hentry"],"_links":{"self":[{"href":"https:\/\/wp.ufpel.edu.br\/franciscovargas\/wp-json\/wp\/v2\/pages\/831","targetHints":{"allow":["GET"]}}],"collection":[{"href":"https:\/\/wp.ufpel.edu.br\/franciscovargas\/wp-json\/wp\/v2\/pages"}],"about":[{"href":"https:\/\/wp.ufpel.edu.br\/franciscovargas\/wp-json\/wp\/v2\/types\/page"}],"author":[{"embeddable":true,"href":"https:\/\/wp.ufpel.edu.br\/franciscovargas\/wp-json\/wp\/v2\/users\/243"}],"replies":[{"embeddable":true,"href":"https:\/\/wp.ufpel.edu.br\/franciscovargas\/wp-json\/wp\/v2\/comments?post=831"}],"version-history":[{"count":12,"href":"https:\/\/wp.ufpel.edu.br\/franciscovargas\/wp-json\/wp\/v2\/pages\/831\/revisions"}],"predecessor-version":[{"id":912,"href":"https:\/\/wp.ufpel.edu.br\/franciscovargas\/wp-json\/wp\/v2\/pages\/831\/revisions\/912"}],"up":[{"embeddable":true,"href":"https:\/\/wp.ufpel.edu.br\/franciscovargas\/wp-json\/wp\/v2\/pages\/10"}],"wp:attachment":[{"href":"https:\/\/wp.ufpel.edu.br\/franciscovargas\/wp-json\/wp\/v2\/media?parent=831"}],"curies":[{"name":"wp","href":"https:\/\/api.w.org\/{rel}","templated":true}]}}