{"id":682,"date":"2016-03-18T21:44:57","date_gmt":"2016-03-19T00:44:57","guid":{"rendered":"https:\/\/wp.ufpel.edu.br\/franciscovargas\/?page_id=682"},"modified":"2020-03-11T17:28:28","modified_gmt":"2020-03-11T20:28:28","slug":"trabalho-sociedade-e-desigualdades-ii","status":"publish","type":"page","link":"https:\/\/wp.ufpel.edu.br\/franciscovargas\/ensino\/trabalho-sociedade-e-desigualdades-ii\/","title":{"rendered":"Trabalho, Sociedade e Desigualdades II"},"content":{"rendered":"<p>Plano de ensino da disciplina &#8220;Trabalho, Sociedade e Desigualdades II&#8221;, ministrada no Curso de Ci\u00eancias Sociais e com oferta universal no primeiro semestre letivo de 2020:<\/p>\n<p><a href=\"https:\/\/wp.ufpel.edu.br\/franciscovargas\/files\/2020\/03\/Plano-de-Ensino-Trabalho-Sociedade-e-Desigualdades-II-2020.pdf\">Plano de Ensino Trabalho, Sociedade e Desigualdades II 2020<\/a><\/p>\n<p><a href=\"https:\/\/wp.ufpel.edu.br\/franciscovargas\/files\/2020\/03\/Apresenta\u00e7\u00e3o-Plano-de-Ensino-Trabalho-Sociedade-e-Desigualdades-II-2020-1.pdf\">Apresenta\u00e7\u00e3o Power Point: Plano de Ensino e Exerc\u00edcios de Reflex\u00e3o<\/a><\/p>\n<p>&nbsp;<\/p>\n<h3>Bibliografia b\u00e1sica:<\/h3>\n<p><a href=\"https:\/\/wp.ufpel.edu.br\/franciscovargas\/files\/2018\/08\/A-Crise-da-Sociedade-do-Trabalho-em-Debate-Josu\u00e9-P.-da-Silva.pdf\">A Crise da Sociedade do Trabalho em Debate (Josu\u00e9 P. da Silva)<\/a><\/p>\n<p><a href=\"https:\/\/wp.ufpel.edu.br\/franciscovargas\/files\/2018\/09\/As-Transforma\u00e7\u00f5es-da-Quest\u00e3o-Social-Robert-Castel.pdf\">As Transforma\u00e7\u00f5es da Quest\u00e3o Social (Robert Castel)<\/a><\/p>\n<p><a href=\"https:\/\/wp.ufpel.edu.br\/franciscovargas\/files\/2019\/10\/O-privil\u00e9gio-da-servid\u00e3o_Ricardo-Antunes-Cap.-2.pdf\">O privil\u00e9gio da servid\u00e3o &#8211; Cap. 2 (Ricardo Antunes)<\/a><\/p>\n<p>&nbsp;<\/p>\n<h3>Quest\u00f5es preparat\u00f3rias para a avalia\u00e7\u00e3o escrita:<\/h3>\n<p>&nbsp;<\/p>\n<p>&nbsp;<\/p>\n<h3>Apresenta\u00e7\u00f5es em power point<\/h3>\n<p><a href=\"https:\/\/wp.ufpel.edu.br\/franciscovargas\/files\/2019\/04\/O-conceito-de-trabalho-V.1.ppsx\">O conceito de trabalho<\/a><\/p>\n<p><a href=\"https:\/\/wp.ufpel.edu.br\/franciscovargas\/files\/2019\/04\/O-conceito-estat\u00edstico-de-trabalho-2019.ppsx\">O conceito estat\u00edstico de trabalho<\/a><\/p>\n<p>&nbsp;<\/p>\n<h3>Planilhas Excel:<\/h3>\n<p><a href=\"https:\/\/wp.ufpel.edu.br\/franciscovargas\/files\/2019\/05\/Monitoramento-Mercado-de-Trabalho-Brasil-no-Contexto-da-Reforma-Trabalhista-PNADCM_IBGE.xls\">Monitoramento Mercado de Trabalho Brasil no Contexto da Reforma Trabalhista PNADCM_IBGE<\/a><\/p>\n<p><a href=\"https:\/\/wp.ufpel.edu.br\/franciscovargas\/files\/2019\/05\/Evolu\u00e7\u00e3o-Anual-do-Emprego-Formal-no-Brasil-RAIS-2002-a-2017.xls\">Evolu\u00e7\u00e3o Anual do Emprego Formal no Brasil RAIS 2002 a 2017<\/a><\/p>\n<p><a href=\"https:\/\/wp.ufpel.edu.br\/franciscovargas\/files\/2019\/05\/Evolu\u00e7\u00e3o-do-PIB-Anual-e-outras-vari\u00e1veis-Brasil-1996-a-2016.xls\">Evolu\u00e7\u00e3o do PIB Anual e outras vari\u00e1veis Brasil 1996 a 2016<\/a><\/p>\n<p>&nbsp;<\/p>\n<p><strong>Bibliografia complementar (Livros, Textos e Artigos):<\/strong><\/p>\n<p><a href=\"https:\/\/wp.ufpel.edu.br\/franciscovargas\/files\/2018\/08\/Trabalho-e-For\u00e7a-de-Trabalho.-Harry-Braverman.pdf\">Trabalho e For\u00e7a de Trabalho (Harry Braverman)<\/a><\/p>\n<p><a href=\"https:\/\/wp.ufpel.edu.br\/franciscovargas\/files\/2018\/09\/As-Transforma\u00e7\u00f5es-da-Quest\u00e3o-Social-Robert-Castel.pdf\">As Transforma\u00e7\u00f5es da Quest\u00e3o Social (Robert Castel)<\/a><\/p>\n<p><a href=\"https:\/\/wp.ufpel.edu.br\/franciscovargas\/files\/2018\/08\/A-Crise-da-Sociedade-do-Trabalho-em-Debate-Josu\u00e9-P.-da-Silva.pdf\">A Crise da Sociedade do Trabalho em Debate (Josu\u00e9 P. da Silva)<\/a><\/p>\n<p><a href=\"https:\/\/wp.ufpel.edu.br\/franciscovargas\/files\/2018\/09\/Nota-T\u00e9cnica-02-2016-Medidas-de-Subutiliza\u00e7\u00e3o-da-For\u00e7a-de-Trabalho.pdf\">Nota T\u00e9cnica 02-2016 Medidas de Subutiliza\u00e7\u00e3o da For\u00e7a de Trabalho<\/a><\/p>\n<p><a href=\"https:\/\/wp.ufpel.edu.br\/franciscovargas\/files\/2019\/04\/A-Sociologia-dos-Mercados-de-Trabalho-Ontem-e-Hoje-Nadya-Guimar\u00e3es.pdf\">A Sociologia dos Mercados de Trabalho Ontem e Hoje (Nadya Guimar\u00e3es)<\/a><\/p>\n<p><a href=\"https:\/\/wp.ufpel.edu.br\/franciscovargas\/files\/2019\/04\/Economia-Social-do-Mercado-de-Trabalho_Diferencial-prim\u00e1rio-e-secund\u00e1rio-de-poder_Claus-Offe-e-Karl-Hinrich.pdf\">Economia Social do Mercado de Trabalho_Diferencial prim\u00e1rio e secund\u00e1rio de poder (Claus Offe e Karl Hinrich<\/a>)<\/p>\n<p><a href=\"https:\/\/wp.ufpel.edu.br\/franciscovargas\/files\/2018\/10\/A-Constru\u00e7\u00e3o-da-Sociedade-do-Trabalho-no-Brasil-Adalberto-Cardoso.pdf\">A Constru\u00e7\u00e3o da Sociedade do Trabalho no Brasil (Adalberto Cardoso)<\/a><\/p>\n<p><a href=\"https:\/\/wp.ufpel.edu.br\/franciscovargas\/files\/2018\/10\/As-Caracter\u00edsticas-do-Mercado-de-Trabalho-e-as-Origens-da-Informalidade-no-Brasil-M\u00e1rio-Theodoro.pdf\">As Caracter\u00edsticas do Mercado de Trabalho e as Origens da Informalidade no Brasil (M\u00e1rio Theodoro)<\/a><\/p>\n<p><a href=\"https:\/\/wp.ufpel.edu.br\/franciscovargas\/files\/2018\/09\/Livro-dubar_claude_a_crise_das_identidades.pdf\">A crise das\u00a0 Identidades (Claude Dubar): Introdu\u00e7\u00e3o<\/a><\/p>\n<p><a href=\"https:\/\/wp.ufpel.edu.br\/franciscovargas\/files\/2019\/05\/Mercado-de-Trabalho-Rela\u00e7\u00f5es-de-G\u00eanero-e-Trajet\u00f3rias-de-Trabalhadorxs-no-Polo-Naval-de-Rio-Grande-RS_-F.Vargas.pdf\">Mercado de Trabalho, Rela\u00e7\u00f5es de G\u00eanero e Trajet\u00f3rias de Trabalhadoras\/es no Polo Naval de Rio Grande-RS (F. Vargas)<\/a><\/p>\n<p><a href=\"https:\/\/wp.ufpel.edu.br\/franciscovargas\/files\/2019\/05\/A-Constru\u00e7\u00e3o-da-Sociedade-do-Trabalho-no-Brasil-Cap.-6-Trajet\u00f3rias-ocupacionais.pdf\">A Constru\u00e7\u00e3o da Sociedade do Trabalho no Brasil &#8211; Cap. 6 Trajet\u00f3rias ocupacionais (Adalberto Cardoso)<\/a><\/p>\n<p>&nbsp;<\/p>\n<p><strong>Projetos de Pesquisa:<\/strong><\/p>\n<p><a href=\"https:\/\/wp.ufpel.edu.br\/franciscovargas\/files\/2018\/04\/Projeto-de-Pesquisa-Trabalho-Sociedade-e-Desigualdades-II-MAR\u00c7O-2018.pdf\">Mercados Locais de Trabalho, Pol\u00edticas P\u00fablicas de Emprego &#8230; (Mar\u00e7o 2018)<\/a><\/p>\n<p>&nbsp;<\/p>\n<p><strong>Outras apresenta\u00e7\u00f5es em Power Point:<\/strong><\/p>\n<p><a href=\"https:\/\/wp.ufpel.edu.br\/franciscovargas\/files\/2018\/04\/Conceitos-e-categorias-estat\u00edsticas-de-trabalho-e-mercado-de-trabalho-2018.ppsx\">Conceitos e categorias estat\u00edsticas de trabalho e mercado de trabalho 2018<\/a><\/p>\n<p><a href=\"https:\/\/wp.ufpel.edu.br\/franciscovargas\/files\/2018\/04\/Apresenta\u00e7\u00e3o-Base-de-Dados-MTb-RAIS-CAGED.ppsx\">Apresenta\u00e7\u00e3o Base de Dados MTb RAIS CAGED<\/a><\/p>\n<p>&nbsp;<\/p>\n","protected":false},"excerpt":{"rendered":"<p>Plano de ensino da disciplina &#8220;Trabalho, Sociedade e Desigualdades II&#8221;, ministrada no Curso de Ci\u00eancias Sociais e com oferta universal no primeiro semestre letivo de 2020: Plano de Ensino Trabalho, Sociedade e Desigualdades II 2020 Apresenta\u00e7\u00e3o Power Point: Plano de Ensino e Exerc\u00edcios de Reflex\u00e3o &nbsp; Bibliografia b\u00e1sica: A Crise da Sociedade do Trabalho em [&hellip;]<\/p>\n","protected":false},"author":102,"featured_media":0,"parent":10,"menu_order":1,"comment_status":"closed","ping_status":"closed","template":"","meta":{"footnotes":""},"class_list":["post-682","page","type-page","status-publish","hentry"],"_links":{"self":[{"href":"https:\/\/wp.ufpel.edu.br\/franciscovargas\/wp-json\/wp\/v2\/pages\/682","targetHints":{"allow":["GET"]}}],"collection":[{"href":"https:\/\/wp.ufpel.edu.br\/franciscovargas\/wp-json\/wp\/v2\/pages"}],"about":[{"href":"https:\/\/wp.ufpel.edu.br\/franciscovargas\/wp-json\/wp\/v2\/types\/page"}],"author":[{"embeddable":true,"href":"https:\/\/wp.ufpel.edu.br\/franciscovargas\/wp-json\/wp\/v2\/users\/102"}],"replies":[{"embeddable":true,"href":"https:\/\/wp.ufpel.edu.br\/franciscovargas\/wp-json\/wp\/v2\/comments?post=682"}],"version-history":[{"count":34,"href":"https:\/\/wp.ufpel.edu.br\/franciscovargas\/wp-json\/wp\/v2\/pages\/682\/revisions"}],"predecessor-version":[{"id":1268,"href":"https:\/\/wp.ufpel.edu.br\/franciscovargas\/wp-json\/wp\/v2\/pages\/682\/revisions\/1268"}],"up":[{"embeddable":true,"href":"https:\/\/wp.ufpel.edu.br\/franciscovargas\/wp-json\/wp\/v2\/pages\/10"}],"wp:attachment":[{"href":"https:\/\/wp.ufpel.edu.br\/franciscovargas\/wp-json\/wp\/v2\/media?parent=682"}],"curies":[{"name":"wp","href":"https:\/\/api.w.org\/{rel}","templated":true}]}}