{"id":59,"date":"2011-10-18T21:01:04","date_gmt":"2011-10-19T00:01:04","guid":{"rendered":"https:\/\/wp.ufpel.edu.br\/franciscovargas\/"},"modified":"2011-10-18T21:01:04","modified_gmt":"2011-10-19T00:01:04","slug":"projetos-concluidos","status":"publish","type":"page","link":"https:\/\/wp.ufpel.edu.br\/franciscovargas\/projetos-de-pesquisa\/projetos-concluidos\/","title":{"rendered":"Projetos conclu\u00eddos"},"content":{"rendered":"<p>Em elabora\u00e7\u00e3o<\/p>\n","protected":false},"excerpt":{"rendered":"<p>Em elabora\u00e7\u00e3o<\/p>\n","protected":false},"author":102,"featured_media":0,"parent":8,"menu_order":2,"comment_status":"closed","ping_status":"open","template":"","meta":{"footnotes":""},"class_list":["post-59","page","type-page","status-publish","hentry"],"_links":{"self":[{"href":"https:\/\/wp.ufpel.edu.br\/franciscovargas\/wp-json\/wp\/v2\/pages\/59","targetHints":{"allow":["GET"]}}],"collection":[{"href":"https:\/\/wp.ufpel.edu.br\/franciscovargas\/wp-json\/wp\/v2\/pages"}],"about":[{"href":"https:\/\/wp.ufpel.edu.br\/franciscovargas\/wp-json\/wp\/v2\/types\/page"}],"author":[{"embeddable":true,"href":"https:\/\/wp.ufpel.edu.br\/franciscovargas\/wp-json\/wp\/v2\/users\/102"}],"replies":[{"embeddable":true,"href":"https:\/\/wp.ufpel.edu.br\/franciscovargas\/wp-json\/wp\/v2\/comments?post=59"}],"version-history":[{"count":1,"href":"https:\/\/wp.ufpel.edu.br\/franciscovargas\/wp-json\/wp\/v2\/pages\/59\/revisions"}],"predecessor-version":[{"id":60,"href":"https:\/\/wp.ufpel.edu.br\/franciscovargas\/wp-json\/wp\/v2\/pages\/59\/revisions\/60"}],"up":[{"embeddable":true,"href":"https:\/\/wp.ufpel.edu.br\/franciscovargas\/wp-json\/wp\/v2\/pages\/8"}],"wp:attachment":[{"href":"https:\/\/wp.ufpel.edu.br\/franciscovargas\/wp-json\/wp\/v2\/media?parent=59"}],"curies":[{"name":"wp","href":"https:\/\/api.w.org\/{rel}","templated":true}]}}