{"id":420,"date":"2015-03-10T09:35:35","date_gmt":"2015-03-10T12:35:35","guid":{"rendered":"https:\/\/wp.ufpel.edu.br\/franciscovargas\/?page_id=420"},"modified":"2018-04-04T17:04:19","modified_gmt":"2018-04-04T20:04:19","slug":"sociologia-ciencia-da-computacao","status":"publish","type":"page","link":"https:\/\/wp.ufpel.edu.br\/franciscovargas\/ensino\/sociologia-ciencia-da-computacao\/","title":{"rendered":"Sociologia (Ci\u00eancia da Computa\u00e7\u00e3o)"},"content":{"rendered":"<p>Plano de Ensino da disciplina de &#8220;Sociologia&#8221;, ministrada no Curso de Ci\u00eancia da Computa\u00e7\u00e3o, no primeiro semestre letivo de 2015:<\/p>\n<p><a href=\"https:\/\/wp.ufpel.edu.br\/franciscovargas\/files\/2015\/03\/Plano-de-Ensino-Sociologia-Ci\u00eancia-da-Computa\u00e7\u00e3o-2015.pdf\">Plano de Ensino Sociologia (Ci\u00eancia da Computa\u00e7\u00e3o 2015<\/a>)<\/p>\n<hr \/>\n<p>&nbsp;<\/p>\n<p><strong>O QUE \u00c9 A SOCIOLOGIA?<\/strong><\/p>\n<p><a href=\"https:\/\/wp.ufpel.edu.br\/franciscovargas\/files\/2015\/03\/Sociologia-2015-O-que-\u00e9-a-sociologia.-A-quest\u00e3o-do-objeto-I.pdf\">O que \u00e9 a sociologia? A quest\u00e3o do objeto I<\/a>\u00a0(Apresenta\u00e7\u00e3o\u00a0Power Point em PDF)<\/p>\n<p><a href=\"https:\/\/wp.ufpel.edu.br\/franciscovargas\/files\/2015\/03\/Sociologia-2015-O-que-\u00e9-a-sociologia.-A-quest\u00e3o-do-objeto-II.pdf\">O que \u00e9 a sociologia? A quest\u00e3o do objeto II<\/a>\u00a0(Apresenta\u00e7\u00e3o\u00a0Power Point em PDF)<\/p>\n<p><a href=\"https:\/\/wp.ufpel.edu.br\/franciscovargas\/files\/2015\/03\/Sociologia-2015-O-que-\u00e9-a-sociologia.-A-quest\u00e3o-do-m\u00e9todo.pdf\">O que \u00e9 a sociologia? A quest\u00e3o do m\u00e9todo<\/a>\u00a0(Apresenta\u00e7\u00e3o\u00a0Power Point em PDF)<\/p>\n<p><a href=\"https:\/\/wp.ufpel.edu.br\/franciscovargas\/files\/2014\/03\/A-sociologia-de-\u00c9mile-Durkheim.pdf\">A sociologia de \u00c9mile Durkheim<\/a>\u00a0(Apresenta\u00e7\u00e3o\u00a0Power Point em PDF)<\/p>\n<p><a href=\"https:\/\/wp.ufpel.edu.br\/franciscovargas\/files\/2014\/03\/A-sociologia-de-\u00c9mile-Durkheim-A-Quest\u00e3o-do-Crime.pdf\">A sociologia de \u00c9mile Durkheim: A Quest\u00e3o do Crime<\/a>\u00a0(Apresenta\u00e7\u00e3o Power Point em PDF)<\/p>\n<p><a href=\"https:\/\/wp.ufpel.edu.br\/franciscovargas\/files\/2014\/03\/A-sociologia-de-\u00c9mile-Durkheim-A-Quest\u00e3o-do-Trabalho-e-dos-Direitos-Sociais.pdf\">A sociologia de \u00c9mile Durkheim: A Quest\u00e3o do Trabalho e dos Direitos Sociais<\/a>\u00a0(Apresenta\u00e7\u00e3o Power Point em PDF)<\/p>\n<p>&nbsp;<\/p>\n<p><strong>Livros de introdu\u00e7\u00e3o ao pensamento sociol\u00f3gico:<\/strong><\/p>\n<p><a href=\"https:\/\/wp.ufpel.edu.br\/franciscovargas\/files\/2015\/03\/Livro-Um-Toque-de-Cl\u00e1ssicos.-Durkheim-Marx-e-Weber.pdf\">T\u00e2nia Quintaneira. Um Toque de Cl\u00e1ssicos. Durkheim, Marx e Weber.<\/a><\/p>\n<p><a href=\"https:\/\/wp.ufpel.edu.br\/franciscovargas\/files\/2015\/03\/ARON-Raymond.-As-Etapas-do-Pensamento-Sociolo\u0301gico.pdf\">Raymond Aron. As Etapas do Pensamento Sociolo\u0301gico.<\/a><\/p>\n<p>&nbsp;<\/p>\n<p><strong>Outros textos e livros:<\/strong><\/p>\n<p><a href=\"https:\/\/wp.ufpel.edu.br\/franciscovargas\/files\/2015\/03\/LEVY-Pierre-1998-Tecnologias-da-Intelig\u00eancia.pdf\">LEVY, Pierre (1998) Tecnologias da Intelig\u00eancia.<\/a><\/p>\n<p><a href=\"https:\/\/wp.ufpel.edu.br\/franciscovargas\/files\/2015\/03\/ANTROPOLOGIA-DO-CIBORGUE.pdf\">ANTROPOLOGIA DO CIBORGUE.<\/a><\/p>\n<p><a href=\"https:\/\/wp.ufpel.edu.br\/franciscovargas\/files\/2015\/03\/LATOUR-Bruno.-Jamais-Fomos-Modernos.pdf\">LATOUR, Bruno. Jamais Fomos Modernos.<\/a><\/p>\n<p>&nbsp;<\/p>\n","protected":false},"excerpt":{"rendered":"<p>Plano de Ensino da disciplina de &#8220;Sociologia&#8221;, ministrada no Curso de Ci\u00eancia da Computa\u00e7\u00e3o, no primeiro semestre letivo de 2015: Plano de Ensino Sociologia (Ci\u00eancia da Computa\u00e7\u00e3o 2015) &nbsp; O QUE \u00c9 A SOCIOLOGIA? O que \u00e9 a sociologia? A quest\u00e3o do objeto I\u00a0(Apresenta\u00e7\u00e3o\u00a0Power Point em PDF) O que \u00e9 a sociologia? A quest\u00e3o do [&hellip;]<\/p>\n","protected":false},"author":102,"featured_media":0,"parent":10,"menu_order":10,"comment_status":"closed","ping_status":"closed","template":"","meta":{"footnotes":""},"class_list":["post-420","page","type-page","status-publish","hentry"],"_links":{"self":[{"href":"https:\/\/wp.ufpel.edu.br\/franciscovargas\/wp-json\/wp\/v2\/pages\/420","targetHints":{"allow":["GET"]}}],"collection":[{"href":"https:\/\/wp.ufpel.edu.br\/franciscovargas\/wp-json\/wp\/v2\/pages"}],"about":[{"href":"https:\/\/wp.ufpel.edu.br\/franciscovargas\/wp-json\/wp\/v2\/types\/page"}],"author":[{"embeddable":true,"href":"https:\/\/wp.ufpel.edu.br\/franciscovargas\/wp-json\/wp\/v2\/users\/102"}],"replies":[{"embeddable":true,"href":"https:\/\/wp.ufpel.edu.br\/franciscovargas\/wp-json\/wp\/v2\/comments?post=420"}],"version-history":[{"count":28,"href":"https:\/\/wp.ufpel.edu.br\/franciscovargas\/wp-json\/wp\/v2\/pages\/420\/revisions"}],"predecessor-version":[{"id":586,"href":"https:\/\/wp.ufpel.edu.br\/franciscovargas\/wp-json\/wp\/v2\/pages\/420\/revisions\/586"}],"up":[{"embeddable":true,"href":"https:\/\/wp.ufpel.edu.br\/franciscovargas\/wp-json\/wp\/v2\/pages\/10"}],"wp:attachment":[{"href":"https:\/\/wp.ufpel.edu.br\/franciscovargas\/wp-json\/wp\/v2\/media?parent=420"}],"curies":[{"name":"wp","href":"https:\/\/api.w.org\/{rel}","templated":true}]}}