{"id":41,"date":"2011-10-18T20:35:31","date_gmt":"2011-10-18T23:35:31","guid":{"rendered":"https:\/\/wp.ufpel.edu.br\/franciscovargas\/"},"modified":"2015-11-13T18:20:49","modified_gmt":"2015-11-13T20:20:49","slug":"artigos","status":"publish","type":"page","link":"https:\/\/wp.ufpel.edu.br\/franciscovargas\/publicacoes\/artigos\/","title":{"rendered":"Artigos"},"content":{"rendered":"<p>Trabalho completo apresentado no 39\u00ba Encontro Anual da ANPOCS, realizado no per\u00edodo de 26 a 30 de outubro de 2015 em\u00a0Caxambu &#8211; MG:<\/p>\n<p><strong><a href=\"https:\/\/wp.ufpel.edu.br\/franciscovargas\/files\/2011\/10\/GT-41-ANPOCS-2015-VARGAS-e-FABRES-Trabalho-Completo.pdf\">Mercado de Trabalho e Rela\u00e7\u00f5es de G\u00eanero em um Contexto de Desenvolvimento Regional: O Caso do Polo Naval de Rio Grande-RS (VARGAS, F; FABRES, Ana C.)<\/a><\/strong><\/p>\n<p>&nbsp;<\/p>\n<p>Trabalho completo apresentado no XVII\u00a0Congresso Brasileiro de Sociologia, realizado de 20 a 23 de julho em Porto Alegre &#8211; RS:<\/p>\n<p><strong><a href=\"https:\/\/wp.ufpel.edu.br\/observatoriosocial\/files\/2013\/08\/GT18-Vargas-Fabres-Salvador-Flexibilizacao-produtiva.pdf\">Flexibilidade Produtiva na Ind\u00fastria Naval de Rio Grande-RS: Novas e Velhas Formas de Trabalho\u00a0(VARGAS, F.; FABRES, Ana C.; SALVADOR, B.)<\/a><\/strong><\/p>\n<p>&nbsp;<\/p>\n<p>Trabalho completo apresentado no <strong>&#8220;Colloque International Penser la Question Sociale en Europe \u00e0 partir des Exp\u00e9riences des Pays Emergents&#8221;<\/strong>, realizado em Grenoble, Fran\u00e7a, de 10 a 12 de junho de 2015:<\/p>\n<p><strong><a href=\"https:\/\/wp.ufpel.edu.br\/franciscovargas\/files\/2011\/10\/F.-VARGAS-Colloque-Grenoble-2015.pdf\">Question sociale, march\u00e9 du travail et int\u00e9gration pr\u00e9caire au Br\u00e9sil<\/a><\/strong><\/p>\n<p>&nbsp;<\/p>\n<p>Artigo Publicado na <strong>Revista Brasileira de Sociologia <\/strong>(vol. 02, N\u00ba 04, Jul\/Dez\/2014) da Sociedade Brasileira de Sociologia (SBS):<\/p>\n<p><strong><a href=\"https:\/\/wp.ufpel.edu.br\/franciscovargas\/files\/2011\/10\/82-120-1-SM-1.pdf\">O mercado de trabalho e a quest\u00e3o do emprego no Brasil: integra\u00e7\u00e3o prec\u00e1ria e desenvolvimento desigual<\/a><\/strong><\/p>\n<p>&nbsp;<\/p>\n<p>Cap\u00edtulo de Livro intitulado <strong>&#8220;Pol\u00edticas P\u00fablicas e Desenvolvimento nos Munic\u00edpios Ga\u00fachos de Pelotas e Rio Grande&#8221;<\/strong>, Porto Alegre, Cirkula, 2014:<\/p>\n<p><strong><a href=\"https:\/\/wp.ufpel.edu.br\/franciscovargas\/files\/2011\/10\/ARTIGO-FRANCISCO-15.04.2014.pdf\">Desenvolvimento e Desigualdades de G\u00eanero: As Transforma\u00e7\u00f5es no Mercado de Trabalho de Pelotas e Rio Grande (RS)<\/a><\/strong><\/p>\n<p>&nbsp;<\/p>\n<p>Trabalho completo apresentado\u00a0no XXIX Congresso da Associa\u00e7\u00e3o Latino-Americana de Sociologia &#8211; ALAS, realizado em Santiago, Chile, de 29 de setembro a 04 de outubro de 2013:<\/p>\n<p><strong><a href=\"https:\/\/wp.ufpel.edu.br\/franciscovargas\/files\/2011\/10\/Comunica\u00e7\u00e3o-ALAS-2013.pdf\">A Quest\u00e3o do Emprego no Brasil: Desenvolvimento, Desigualdades, Precariedades<\/a><\/strong><\/p>\n<p>&nbsp;<\/p>\n<p>Artigo publicado na <strong>Revista de ABET<\/strong> (v. XI n\u00ba2 Jul\/Dez de 2012) e no <strong>Observat\u00f3rio Social do Trabalho<\/strong> &#8211; IFISP\/UFPel:<\/p>\n<p><strong><a href=\"https:\/\/wp.ufpel.edu.br\/franciscovargas\/files\/2011\/10\/Artigo-Emprego-e-Desenvolvimento-ABET-2012.pdf\"><strong>Emprego e desenvolvimento regional: contornos de uma quest\u00e3o social<\/strong> <\/a> <\/strong><\/p>\n<p>&nbsp;<\/p>\n<p>Trabalho completo apresentado\u00a0no III Encontro Internacional de Ci\u00eancias Sociais, realizado entre 8 e 11 de outubro de 2012 em Pelotas-RS:<\/p>\n<p><strong><a href=\"https:\/\/wp.ufpel.edu.br\/franciscovargas\/files\/2011\/10\/Artigo-FEBVargas-EICS-III-2012.pdf\"><strong>Emprego, Trabalho, Precariedade: os contornos incertos de um objeto de investiga\u00e7\u00e3o<\/strong><\/a><\/strong><\/p>\n<p>&nbsp;<\/p>\n<p>Artigo produzido junto ao Programa Institucional de Bolsas de Inicia\u00e7\u00e3o \u00e0 Doc\u00eancia &#8211; PIBID\u00a0do Curso de Licenciatura em Ci\u00eancias Sociais\u00a0do IFISP\/UFPel:<\/p>\n<p><strong><a href=\"https:\/\/wp.ufpel.edu.br\/franciscovargas\/files\/2011\/10\/ARTIGO-O-Ensino-da-Sociologia.pdf\">O Ensino da Sociologia: dilemas de uma disciplina em busca de reconhecimento<\/a><\/strong><\/p>\n<p>&nbsp;<\/p>\n<p>Trabalho completo\u00a0apresentado no XII Encontro Nacional da Associa\u00e7\u00e3o Brasileira de Estudos do Trabalho &#8211; ABET, realizado em Jo\u00e3o Pessoa-PB, de 21 a 23 de setembro de 2011:<\/p>\n<p><strong><strong><a href=\"https:\/\/wp.ufpel.edu.br\/franciscovargas\/files\/2011\/10\/Artigo-XII-Encontro-ABET-2011.pdf\">Emprego e desenvolvimento no sul do Brasil<\/a><\/strong><\/strong><\/p>\n<p>&nbsp;<\/p>\n<p>Trabalho completo\u00a0apresentado no XXVIII Congresso Internacional da Associa\u00e7\u00e3o Latinoamerciana de Sociologia &#8211; ALAS, realizado em Recife-PE, de 06 a 11 de setembro de 2011.<\/p>\n<p><strong><a href=\"https:\/\/wp.ufpel.edu.br\/franciscovargas\/files\/2011\/10\/Artigo-XXVIII-Congresso-ALAS-2011.pdf\"><strong>Emprego e desenvolvimento: as transforma\u00e7\u00f5es do trabalho no sul do Brasil<\/strong><br \/>\n<\/a><\/strong><\/p>\n<p>&nbsp;<\/p>\n<p>Trabalho completo\u00a0apresentado no II Encontro Internacional de Ci\u00eancias Sociais, realizado em Pelotas-RS, de 08 a 11 de junho de 2010.<\/p>\n<p><strong><a href=\"https:\/\/wp.ufpel.edu.br\/franciscovargas\/files\/2011\/10\/Artigo-II-EICS-2010.pdf\"><strong>Emprego e desenvolvimento na Zona Sul do RS: os dilemas da precariedade social e do trabalho<\/strong><br \/>\n<\/a><\/strong><\/p>\n<p>&nbsp;<\/p>\n<p>Artigo publicado no livro Ensaios de Sociologia e Pol\u00edtica, sob a organiza\u00e7\u00e3o de Ros\u00e2ngela SCHULZ, Editora da UFPel, 1\u00aa ed., 2010, p. 95-109.<\/p>\n<p><a href=\"https:\/\/wp.ufpel.edu.br\/franciscovargas\/files\/2011\/10\/Artigo-Livro-ISP-2010.pdf\"><strong><strong>A priva\u00e7\u00e3o de trabalho no Brasil: as fronteiras do desemprego em quest\u00e3o<\/strong><br \/>\n<\/strong><\/a><\/p>\n<p>&nbsp;<\/p>\n<p>Trabalho completo\u00a0apresentado no XIV Congresso Brasileiro de Sociologia, realizado no Rio de Janeiro-RJ, de 28 a 31 de julho de 2009.<\/p>\n<p><strong><a href=\"https:\/\/wp.ufpel.edu.br\/franciscovargas\/files\/2011\/10\/Artigo-XIV-Congresso-SBS-2009.pdf\"><strong>Dilemas da priva\u00e7\u00e3o de trabalho no Brasil: o desemprego nas pol\u00edticas p\u00fablicas<\/strong><br \/>\n<\/a><\/strong><\/p>\n<p>&nbsp;<\/p>\n<p>Trabalho completo\u00a0apresentado no 32\u00ba Encontro Anual da ANPOCS, realizado em Caxambu-MG, de 27 a 31 de outubro de 2008.<\/p>\n<p><strong><a href=\"https:\/\/wp.ufpel.edu.br\/franciscovargas\/files\/2011\/10\/Artigo-32\u00ba-Encontro-ANPOCS-2008.pdf\"><strong>Formas e Experi\u00eancias de Priva\u00e7\u00e3o de Trabalho no Brasil: As desigualdades sociais na perspectiva de uma sociologia do desemprego<\/strong><br \/>\n<\/a><\/strong><\/p>\n<p>&nbsp;<\/p>\n<p>Trabalho completo apresentado no 30\u00ba Encontro Anual da ANPOCS, realizado em Caxambu-MG, de 24 a 28 de outubro de 2006.<\/p>\n<p><strong><a href=\"https:\/\/wp.ufpel.edu.br\/franciscovargas\/files\/2011\/10\/Artigo-30\u00ba-Encontro-ANPOCS-2006.pdf\"><strong>Desemprego feminino: Vulnerabilidade e invisibilidade das trajet\u00f3rias de trabalho<\/strong><\/a><\/strong><\/p>\n<p>&nbsp;<\/p>\n<p><strong><br \/>\n<\/strong><\/p>\n","protected":false},"excerpt":{"rendered":"<p>Trabalho completo apresentado no 39\u00ba Encontro Anual da ANPOCS, realizado no per\u00edodo de 26 a 30 de outubro de 2015 em\u00a0Caxambu &#8211; MG: Mercado de Trabalho e Rela\u00e7\u00f5es de G\u00eanero em um Contexto de Desenvolvimento Regional: O Caso do Polo Naval de Rio Grande-RS (VARGAS, F; FABRES, Ana C.) &nbsp; Trabalho completo apresentado no XVII\u00a0Congresso [&hellip;]<\/p>\n","protected":false},"author":102,"featured_media":0,"parent":11,"menu_order":3,"comment_status":"closed","ping_status":"closed","template":"","meta":{"footnotes":""},"class_list":["post-41","page","type-page","status-publish","hentry"],"_links":{"self":[{"href":"https:\/\/wp.ufpel.edu.br\/franciscovargas\/wp-json\/wp\/v2\/pages\/41","targetHints":{"allow":["GET"]}}],"collection":[{"href":"https:\/\/wp.ufpel.edu.br\/franciscovargas\/wp-json\/wp\/v2\/pages"}],"about":[{"href":"https:\/\/wp.ufpel.edu.br\/franciscovargas\/wp-json\/wp\/v2\/types\/page"}],"author":[{"embeddable":true,"href":"https:\/\/wp.ufpel.edu.br\/franciscovargas\/wp-json\/wp\/v2\/users\/102"}],"replies":[{"embeddable":true,"href":"https:\/\/wp.ufpel.edu.br\/franciscovargas\/wp-json\/wp\/v2\/comments?post=41"}],"version-history":[{"count":56,"href":"https:\/\/wp.ufpel.edu.br\/franciscovargas\/wp-json\/wp\/v2\/pages\/41\/revisions"}],"predecessor-version":[{"id":666,"href":"https:\/\/wp.ufpel.edu.br\/franciscovargas\/wp-json\/wp\/v2\/pages\/41\/revisions\/666"}],"up":[{"embeddable":true,"href":"https:\/\/wp.ufpel.edu.br\/franciscovargas\/wp-json\/wp\/v2\/pages\/11"}],"wp:attachment":[{"href":"https:\/\/wp.ufpel.edu.br\/franciscovargas\/wp-json\/wp\/v2\/media?parent=41"}],"curies":[{"name":"wp","href":"https:\/\/api.w.org\/{rel}","templated":true}]}}