{"id":323,"date":"2016-06-30T18:42:09","date_gmt":"2016-06-30T21:42:09","guid":{"rendered":"https:\/\/wp.ufpel.edu.br\/franciscovargas\/?page_id=323"},"modified":"2018-04-04T17:01:03","modified_gmt":"2018-04-04T20:01:03","slug":"fundamentos-de-sociologia-curso-de-filosofia","status":"publish","type":"page","link":"https:\/\/wp.ufpel.edu.br\/franciscovargas\/ensino\/fundamentos-de-sociologia-curso-de-filosofia\/","title":{"rendered":"Fundamentos de Sociologia (Curso de Filosofia)"},"content":{"rendered":"<p>Trabalho escrito (2\u00aa avalia\u00e7\u00e3o) para a disciplina de Fundamentos de Sociologia:<\/p>\n<p><a href=\"https:\/\/wp.ufpel.edu.br\/franciscovargas\/files\/2014\/03\/Trabalho-Escrito-Fundamentos-de-Sociologia-2016.pdf\">Trabalho Escrito Fundamentos de Sociologia 2016<\/a><\/p>\n<p>&nbsp;<\/p>\n<p>Plano de Ensino da disciplina de Fundamentos de Sociologia, do Curso de Filosofia, primeiro semestre letivo de 2016:<\/p>\n<p><a href=\"https:\/\/wp.ufpel.edu.br\/franciscovargas\/files\/2014\/03\/Plano-de-Ensino-Fundamentos-de-Sociologia-2016.pdf\" rel=\"\">Plano de Ensino Fundamentos de Sociologia 2016<\/a><\/p>\n<p>&nbsp;<\/p>\n<p>Abaixo, voc\u00ea pode acessar o question\u00e1rio de prepara\u00e7\u00e3o para a avalia\u00e7\u00e3o escrita a ser realizada no dia 03 de junho de 2016:<\/p>\n<p><a href=\"https:\/\/wp.ufpel.edu.br\/franciscovargas\/files\/2014\/03\/QUESTION\u00c1RIO-DE-PREPARA\u00c7\u00c3O-PARA-A-AVALIA\u00c7\u00c3O-ESCRITA-2016.pdf\">Quest\u00f5es\u00a0Preparat\u00f3rias\u00a0para\u00a0a Avalia\u00e7\u00e3o\u00a0Escrita<\/a><\/p>\n<p>&nbsp;<\/p>\n<p><strong>O QUE \u00c9 A SOCIOLOGIA?<\/strong><\/p>\n<p><a href=\"https:\/\/wp.ufpel.edu.br\/franciscovargas\/files\/2014\/03\/Fundamentos-de-Sociologia-2015-O-que-\u00e9-a-sociologia.-A-quest\u00e3o-do-objeto-I.pdf\">O que \u00e9 a sociologia? A quest\u00e3o do objeto I<\/a>\u00a0(Apresenta\u00e7\u00e3o Power Point em PDF)<\/p>\n<p><a href=\"https:\/\/wp.ufpel.edu.br\/franciscovargas\/files\/2014\/03\/Fundamentos-de-Sociologia-2015-O-que-\u00e9-a-sociologia.-A-quest\u00e3o-do-objeto-II.pdf\">O que \u00e9 a sociologia? A quest\u00e3o do objeto II<\/a>\u00a0(Apresenta\u00e7\u00e3o Power Point em PDF)<\/p>\n<p><a href=\"https:\/\/wp.ufpel.edu.br\/franciscovargas\/files\/2014\/03\/Fundamentos-de-Sociologia-2015-O-que-\u00e9-a-sociologia.-A-quest\u00e3o-do-m\u00e9todo.pdf\">O que \u00e9 a sociologia? A quest\u00e3o do m\u00e9todo<\/a>\u00a0(Apresenta\u00e7\u00e3o\u00a0Power Point em PDF)<\/p>\n<p>&nbsp;<\/p>\n<p><strong>Livros de\u00a0introdu\u00e7\u00e3o ao pensamento sociol\u00f3gico:<\/strong><\/p>\n<p><a href=\"https:\/\/wp.ufpel.edu.br\/franciscovargas\/files\/2015\/03\/Livro-Um-Toque-de-Cl\u00e1ssicos.-Durkheim-Marx-e-Weber.pdf\">T\u00e2nia Quintaneira. Um Toque de Cl\u00e1ssicos. Durkheim, Marx e Weber<\/a><\/p>\n<p><a href=\"https:\/\/wp.ufpel.edu.br\/franciscovargas\/files\/2015\/03\/ARON-Raymond.-As-Etapas-do-Pensamento-Sociolo\u0301gico.pdf\">Raymond Aron. As Etapas do Pensamento Sociolo\u0301gico.<\/a><\/p>\n<p>&nbsp;<\/p>\n<p><strong>A OBJETIVIDADE DO CONHECIMENTO NAS CI\u00caNCIAS SOCIAIS:<\/strong><\/p>\n<p><a href=\"https:\/\/wp.ufpel.edu.br\/franciscovargas\/files\/2014\/03\/Ideologias-e-Ci\u00eancia-Social-M.-Lowy.pdf\">Livro: Michael L\u00f6wy. Ideologias e Ci\u00eancia Social<\/a><\/p>\n<p><a href=\"https:\/\/wp.ufpel.edu.br\/franciscovargas\/files\/2014\/03\/Quest\u00f5es-sobre-Objetividade-do-Conhecimento-M.-L\u00f6wy-11.06.2015.pdf\">Quest\u00f5es sobre a Objetividade do Conhecimento nas Ci\u00eancias Sociais (M. L\u00f6wy)<\/a><\/p>\n<p>&nbsp;<\/p>\n<p><strong>A TEORIA SOCIOL\u00d3GICA CL\u00c1SSICA<\/strong><\/p>\n<p><strong>\u00c9MILE DURKHEIM<\/strong><\/p>\n<p><a href=\"https:\/\/wp.ufpel.edu.br\/franciscovargas\/files\/2014\/03\/A-sociologia-de-\u00c9mile-Durkheim.pdf\">A sociologia de \u00c9mile Durkheim<\/a>\u00a0(Apresenta\u00e7\u00e3o\u00a0Power Point em PDF)<\/p>\n<p><a href=\"https:\/\/wp.ufpel.edu.br\/franciscovargas\/files\/2014\/03\/A-sociologia-de-\u00c9mile-Durkheim-A-Quest\u00e3o-do-Crime.pdf\">A sociologia de \u00c9mile Durkheim: A Quest\u00e3o do Crime<\/a>\u00a0(Apresenta\u00e7\u00e3o\u00a0Power Point em PDF)<\/p>\n<p><a href=\"https:\/\/wp.ufpel.edu.br\/franciscovargas\/files\/2014\/03\/A-sociologia-de-\u00c9mile-Durkheim-A-Quest\u00e3o-do-Trabalho-e-dos-Direitos-Sociais.pdf\">A sociologia de \u00c9mile Durkheim: A Quest\u00e3o do Trabalho e dos Direitos Sociais<\/a>\u00a0(Apresenta\u00e7\u00e3o\u00a0Power Point em PDF)<\/p>\n<p>&nbsp;<\/p>\n<p><strong>MAX WEBER<\/strong><\/p>\n<p><a href=\"https:\/\/wp.ufpel.edu.br\/franciscovargas\/files\/2014\/03\/A-sociologia-compreensiva-de-Max-Weber.pdf\">A sociologia compreensiva de Max Weber<\/a>\u00a0(Apresenta\u00e7\u00e3o\u00a0Power Point em PDF)<\/p>\n<p><a href=\"https:\/\/wp.ufpel.edu.br\/franciscovargas\/files\/2014\/03\/A-\u00c9tica-Protestante-e-o-Esp\u00edrito-do-Capitalismo-M.-Weber-Ed.-Pioneira.pdf\">Livro: A\u00a0\u00c9tica Protestante e o Esp\u00edrito do Capitalismo\u00a0(Ed. Pioneira)<\/a><\/p>\n<p>&nbsp;<\/p>\n<p><strong>KARL MARX<\/strong><\/p>\n<p><a href=\"https:\/\/wp.ufpel.edu.br\/franciscovargas\/files\/2014\/03\/MARX-O-materialismo-hist\u00f3rico-e-dial\u00e9tico.ppt\">Marx e o\u00a0materialismo hist\u00f3rico e dial\u00e9tico<\/a>\u00a0(Apresenta\u00e7\u00e3o Power Point em PDF)<\/p>\n<p>&nbsp;<\/p>\n<p><strong>AS MODERNAS SOCIEDADE INDUSTRIAIS E CAPITALISTAS<\/strong><\/p>\n<p><a href=\"https:\/\/wp.ufpel.edu.br\/franciscovargas\/files\/2014\/03\/Durkheim-Weber-e-Marx-e-as-modernas-sociedades-industriais-e-capitalistas.pdf\">Durkheim, Weber e Marx e as modernas sociedades industriais e capitalistas<\/a>\u00a0(Apresenta\u00e7\u00e3o\u00a0Power Point em PDF)<\/p>\n","protected":false},"excerpt":{"rendered":"<p>Trabalho escrito (2\u00aa avalia\u00e7\u00e3o) para a disciplina de Fundamentos de Sociologia: Trabalho Escrito Fundamentos de Sociologia 2016 &nbsp; Plano de Ensino da disciplina de Fundamentos de Sociologia, do Curso de Filosofia, primeiro semestre letivo de 2016: Plano de Ensino Fundamentos de Sociologia 2016 &nbsp; Abaixo, voc\u00ea pode acessar o question\u00e1rio de prepara\u00e7\u00e3o para a avalia\u00e7\u00e3o [&hellip;]<\/p>\n","protected":false},"author":102,"featured_media":0,"parent":10,"menu_order":9,"comment_status":"closed","ping_status":"closed","template":"","meta":{"footnotes":""},"class_list":["post-323","page","type-page","status-publish","hentry"],"_links":{"self":[{"href":"https:\/\/wp.ufpel.edu.br\/franciscovargas\/wp-json\/wp\/v2\/pages\/323","targetHints":{"allow":["GET"]}}],"collection":[{"href":"https:\/\/wp.ufpel.edu.br\/franciscovargas\/wp-json\/wp\/v2\/pages"}],"about":[{"href":"https:\/\/wp.ufpel.edu.br\/franciscovargas\/wp-json\/wp\/v2\/types\/page"}],"author":[{"embeddable":true,"href":"https:\/\/wp.ufpel.edu.br\/franciscovargas\/wp-json\/wp\/v2\/users\/102"}],"replies":[{"embeddable":true,"href":"https:\/\/wp.ufpel.edu.br\/franciscovargas\/wp-json\/wp\/v2\/comments?post=323"}],"version-history":[{"count":41,"href":"https:\/\/wp.ufpel.edu.br\/franciscovargas\/wp-json\/wp\/v2\/pages\/323\/revisions"}],"predecessor-version":[{"id":720,"href":"https:\/\/wp.ufpel.edu.br\/franciscovargas\/wp-json\/wp\/v2\/pages\/323\/revisions\/720"}],"up":[{"embeddable":true,"href":"https:\/\/wp.ufpel.edu.br\/franciscovargas\/wp-json\/wp\/v2\/pages\/10"}],"wp:attachment":[{"href":"https:\/\/wp.ufpel.edu.br\/franciscovargas\/wp-json\/wp\/v2\/media?parent=323"}],"curies":[{"name":"wp","href":"https:\/\/api.w.org\/{rel}","templated":true}]}}