{"id":315,"date":"2013-10-29T10:23:08","date_gmt":"2013-10-29T12:23:08","guid":{"rendered":"https:\/\/wp.ufpel.edu.br\/franciscovargas\/?page_id=315"},"modified":"2020-03-11T15:28:33","modified_gmt":"2020-03-11T18:28:33","slug":"trabalho-sociedade-e-desigualdades","status":"publish","type":"page","link":"https:\/\/wp.ufpel.edu.br\/franciscovargas\/ensino\/trabalho-sociedade-e-desigualdades\/","title":{"rendered":"Trabalho, Sociedade e Desigualdades"},"content":{"rendered":"<h3><strong>Plano de Ensino da disciplina &#8220;Trabalho, Sociedade e Desigualdades&#8221;, <\/strong><strong>ministrada no\u00a0segundo semestre letivo de 2019, no Curso de Ci\u00eancias Sociais:<\/strong><\/h3>\n<p><a href=\"https:\/\/wp.ufpel.edu.br\/franciscovargas\/files\/2019\/08\/Plano-de-Ensino-Trabalho-Sociedade-e-Desigualdades-2019.pdf\">Plano de Ensino Trabalho, Sociedade e Desigualdades 2019 (PDF)<\/a><\/p>\n<p><a href=\"https:\/\/wp.ufpel.edu.br\/franciscovargas\/files\/2019\/08\/Apresenta\u00e7\u00e3o-Plano-de-Ensino-Trabalho-Sociedade-e-Desigualdades-2019.ppsx\">Apresenta\u00e7\u00e3o Plano de Ensino Trabalho, Sociedade e Desigualdades 2019 (Power Point)<\/a><\/p>\n<p>&nbsp;<\/p>\n<h3>Quest\u00f5es preparat\u00f3rias para a avalia\u00e7\u00e3o escrita (19\/11\/2019):<\/h3>\n<p><a href=\"https:\/\/wp.ufpel.edu.br\/franciscovargas\/files\/2019\/11\/Quest\u00f5es-Preparat\u00f3rias-para-Avalia\u00e7\u00e3o-Escrita-2019.2.pdf\">Quest\u00f5es Preparat\u00f3rias para Avalia\u00e7\u00e3o Escrita 2019.2<\/a><\/p>\n<p>&nbsp;<\/p>\n<h3>Link para o document\u00e1rio: &#8220;A Uberiza\u00e7\u00e3o do Trabalho&#8221; (assistido na aula do dia 10\/09\/2019):<\/h3>\n<p><a href=\"https:\/\/globosatplay.globo.com\/globonews\/v\/7781574\/\">https:\/\/globosatplay.globo.com\/globonews\/v\/7781574\/<\/a><\/p>\n<p>&nbsp;<\/p>\n<h3>Nota T\u00e9cnica IBGE sobre o conceito de subutiliza\u00e7\u00e3o da for\u00e7a de trabalho:<\/h3>\n<p><a href=\"https:\/\/wp.ufpel.edu.br\/franciscovargas\/files\/2019\/10\/Nota-T\u00e9cnica-02-2016-Medidas-de-Subutiliza\u00e7\u00e3o-da-For\u00e7a-de-Trabalho.pdf\">Nota T\u00e9cnica 02-2016 Medidas de Subutiliza\u00e7\u00e3o da For\u00e7a de Trabalho<\/a><\/p>\n<p>&nbsp;<\/p>\n<h2>Bibliografia b\u00e1sica e complementar:<\/h2>\n<p><a href=\"https:\/\/wp.ufpel.edu.br\/franciscovargas\/files\/2018\/08\/Trabalho-e-For\u00e7a-de-Trabalho.-Harry-Braverman.pdf\">Trabalho e For\u00e7a de Trabalho (Harry Braverman)<\/a><\/p>\n<p><a href=\"https:\/\/wp.ufpel.edu.br\/franciscovargas\/files\/2018\/08\/A-Condi\u00e7\u00e3o-Humana.-Hannah-Arendt.pdf\">A Condi\u00e7\u00e3o Humana &#8211; Cap. I (Hannah Arendt)<\/a><\/p>\n<p style=\"text-align: justify\"><a href=\"https:\/\/wp.ufpel.edu.br\/franciscovargas\/files\/2019\/08\/A-Condi\u00e7\u00e3o-Humana_Cap.-III-e-Cap.-IV_Hannah-Arendt.pdf\">A Condi\u00e7\u00e3o Humana -_Cap. III e Cap. IV_(Hannah Arendt)<\/a> (Texto para elabora\u00e7\u00e3o de ficha de leitura sint\u00e9tica a ser entregue, impressa ou por e-mail, at\u00e9 o dia 04 de setembro, valendo presen\u00e7a para a aula do dia 03 de setembro de 2019. E-mail professor: franciscoebvargas@gmail.com).<\/p>\n<p><a href=\"https:\/\/wp.ufpel.edu.br\/franciscovargas\/files\/2018\/08\/Metamorfoses-do-Trabalho.-Andr\u00e9-Gorz.pdf\">Metamorfoses do Trabalho (Andr\u00e9 Gorz)<\/a> (Leitura complementar)<\/p>\n<p><a href=\"https:\/\/wp.ufpel.edu.br\/franciscovargas\/files\/2019\/09\/O-Imaterial_Andr\u00e9-Groz.pdf\">O Imaterial. Conhecimento, Valor e Capital &#8211; Cap\u00edtulo I: O Trabalho Imaterial (Andr\u00e9 Gorz)<\/a><\/p>\n<p><a href=\"https:\/\/wp.ufpel.edu.br\/franciscovargas\/files\/2019\/08\/A-Grande-Transforma\u00e7\u00e3o_Karl-Planyi.pdf\">A Grande Transforma\u00e7\u00e3o (Karl Polanyi)<\/a> (Cap. 6 &#8211; O mercado auto-regul\u00e1vel e as mercadorias fict\u00edcias: trabalho, terra e dinheiro. Leitura complementar: Cap. 4 &#8211; Sociedades e sistemas econ\u00f4micos e Cap. 5 &#8211; Evolu\u00e7\u00e3o do padr\u00e3o de mercado)<\/p>\n<p><a href=\"https:\/\/wp.ufpel.edu.br\/franciscovargas\/files\/2019\/08\/O-Futuro-do-Mercado-de-Trabalho_Claus-Offe-e-Johannes-Berger.pdf\">O Futuro do Mercado de Trabalho (Claus Offe e Johannes Berger)<\/a><\/p>\n<p><a href=\"https:\/\/wp.ufpel.edu.br\/franciscovargas\/files\/2018\/08\/A-Crise-da-Sociedade-do-Trabalho-em-Debate-Josu\u00e9-P.-da-Silva.pdf\">A Crise da Sociedade do Trabalho em Debate (Josu\u00e9 P. da Silva)<\/a><\/p>\n<p><a href=\"https:\/\/wp.ufpel.edu.br\/franciscovargas\/files\/2018\/09\/Trabalho-e-Cidadania-Social-Josu\u00e9-P.-da-Silva.pdf\">Trabalho e Cidadania Social (Josu\u00e9 P. da Silva)<\/a><\/p>\n<p><a href=\"https:\/\/wp.ufpel.edu.br\/franciscovargas\/files\/2019\/10\/O-privil\u00e9gio-da-servid\u00e3o_Ricardo-Antunes-Cap.-2.pdf\">O privil\u00e9gio da servid\u00e3o (Ricardo Antunes) &#8211; Cap. 2<\/a><\/p>\n<p><a href=\"https:\/\/wp.ufpel.edu.br\/franciscovargas\/files\/2019\/10\/O-privil\u00e9gio-da-servid\u00e3o_Ricardo-Antunes-Cap.-4.pdf\">O privil\u00e9gio da servid\u00e3o (Ricardo Antunes) &#8211; Cap. 4<\/a><\/p>\n<p><a href=\"https:\/\/wp.ufpel.edu.br\/franciscovargas\/files\/2019\/10\/O-fim-dos-empregos_Jeremy-Rifkin.pdf\">O fim dos empregos (Jeremy Rifkin)<\/a><\/p>\n<p><a href=\"https:\/\/wp.ufpel.edu.br\/franciscovargas\/files\/2018\/09\/As-Transforma\u00e7\u00f5es-da-Quest\u00e3o-Social-Robert-Castel.pdf\">As Transforma\u00e7\u00f5es da Quest\u00e3o Social (Robert Castel)<\/a> (Leitura complementar)<\/p>\n<p><a href=\"https:\/\/wp.ufpel.edu.br\/franciscovargas\/files\/2018\/10\/A-Constru\u00e7\u00e3o-da-Sociedade-do-Trabalho-no-Brasil-Adalberto-Cardoso.pdf\">A Constru\u00e7\u00e3o da Sociedade do Trabalho no Brasil (Adalberto Cardoso)<\/a><\/p>\n<p><a href=\"https:\/\/wp.ufpel.edu.br\/franciscovargas\/files\/2019\/10\/O-Privil\u00e9gio-da-Servid\u00e3o-Ricardo-Antunes-Cap.-7-A-Nova-Morfologia-da-Classe-Trabalhadora-no-Brasil-Recente-e-Cap.-9-A-Precariza\u00e7\u00e3o-do-Trabalho-como-Regra.pdf\">O Privil\u00e9gio da Servid\u00e3o (Ricardo Antunes) &#8211; Cap. 7 (A Nova Morfologia da Classe Trabalhadora no Brasil Recente) e Cap. 9 (A Precariza\u00e7\u00e3o do Trabalho como Regra)<\/a><\/p>\n<p><strong>Bibliografia sobre trabalho, trajet\u00f3rias e identidades (Ara\u00fajo &amp; Nunes; Trabalho, Trajet\u00f3rias e Identidades &#8211; Qualifica\u00e7\u00e3o, deslocamentos e crises):<\/strong><\/p>\n<p><a href=\"https:\/\/wp.ufpel.edu.br\/franciscovargas\/files\/2019\/10\/1.-Dilemas-Identitarios-no-Mundo-dos-Servi\u00e7os-Da-Invisibilidade-\u00e0-Intera\u00e7\u00e3o.pdf\">1. Dilemas Identit\u00e1rios no Mundo dos Servi\u00e7os &#8211; Da Invisibilidade \u00e0 Intera\u00e7\u00e3o<\/a><\/p>\n<p><a href=\"https:\/\/wp.ufpel.edu.br\/franciscovargas\/files\/2019\/10\/2.-A-Gest\u00e3o-Informal-de-Contratos-At\u00edpicos-O-Caso-dos-PJs-do-Setor-de-TI.pdf\">2. A Gest\u00e3o Informal de Contratos At\u00edpicos &#8211; O Caso dos PJs do Setor de TI<\/a><\/p>\n<p><a href=\"https:\/\/wp.ufpel.edu.br\/franciscovargas\/files\/2019\/10\/3.-Desemprego-e-Imagens-de-G\u00eanero-A-Experi\u00eancia-de-Estar-sem-Trabalho-entre-Homens-e-Mulheres-da-Categoria-Metal\u00fargica.pdf\">3. Desemprego e Imagens de G\u00eanero &#8211; A Experi\u00eancia de Estar sem Trabalho entre Homens e Mulheres da Categoria Metal\u00fargica<\/a><\/p>\n<p><a href=\"https:\/\/wp.ufpel.edu.br\/franciscovargas\/files\/2018\/09\/Livro-dubar_claude_a_crise_das_identidades.pdf\">A Crise das Identidades (Claude Dubar) &#8211; Introdu\u00e7\u00e3o<\/a><\/p>\n<p>&nbsp;<\/p>\n<p>&nbsp;<\/p>\n<h2><strong>Apresenta\u00e7\u00f5es em power point:<\/strong><\/h2>\n<p><a href=\"https:\/\/wp.ufpel.edu.br\/franciscovargas\/files\/2018\/09\/O-conceito-estat\u00edstico-de-trabalho-1.ppsx\">O conceito estat\u00edstico de trabalho<\/a><\/p>\n<p>&nbsp;<\/p>\n<h2>G<strong>rupos de Pesquisa (2019\/2):<\/strong><\/h2>\n<p><strong>Grupo 1 &#8211; Trabalho e Pol\u00edticas P\u00fablicas de Emprego e Renda<\/strong><\/p>\n<p>Texto: Rumos da Pol\u00edtica do Trabalho no Brasil (M\u00e1rcio Pochmann).<\/p>\n<p>IN: Silva &amp; Yazbek (Org.). Pol\u00edticas P\u00fablicas de Trabalho e Renda no Brasil Contempor\u00e2neo.<\/p>\n<p>Anu\u00e1rio do Sistema P\u00fablico de Emprego, Trabalho e Renda (Portal DIEESE).<\/p>\n<p>&nbsp;<\/p>\n<p><strong>Grupo 2 &#8211; Trabalho e Pol\u00edticas Sociais de Assist\u00eancia<\/strong><\/p>\n<p>Texto: O Car\u00e1ter Provis\u00f3rio dos Mecanismos de Reprodu\u00e7\u00e3o da For\u00e7a de Trabalho (M.A. Tavares e M. Sitcovsky) e Reconcilia\u00e7\u00e3o entre Assist\u00eancia Social e Trabalho: o impacto do Bolsa Fam\u00edlia (M. Sitcovsky).<\/p>\n<p>IN: Mota, Ana Elizabete (Org.). Desenvolvimento e Constru\u00e7\u00e3o de Hegemonia.<\/p>\n<p>Portal do Minist\u00e9rio do Desenvolvimento Social. O Programa Bolsa Fam\u00edlia hoje.<\/p>\n<p>&nbsp;<\/p>\n<p><strong>Grupo 3 &#8211; Trabalho, Nova Economia e Tecnologias de Informa\u00e7\u00e3o e Comunica\u00e7\u00e3o<\/strong><\/p>\n<p>Texto: @-Trabalho (cap\u00edtulos 1 e 2) (M\u00e1rcio Pochmann). S\u00e3o Paulo: Publisher Brasil, 2002.<\/p>\n<p>Base de dados Rela\u00e7\u00e3o Anual de Informa\u00e7\u00f5es Sociais &#8211; RAIS (Minist\u00e9rio do Trabalho).<\/p>\n<p>&nbsp;<\/p>\n<p><strong>Grupo 4 &#8211; <\/strong><strong>A Terceiriza\u00e7\u00e3o do Trabalho no Brasil<\/strong><\/p>\n<p>Textos: A Perda da Raz\u00e3o Social do Trabalho. Terceiriza\u00e7\u00e3o e Precariza\u00e7\u00e3o. Druck &amp; Franco (Org.).<\/p>\n<p><a href=\"https:\/\/wp.ufpel.edu.br\/franciscovargas\/files\/2017\/12\/Dossie-terceirizacao-e-desenvolvimento-CUT_DIEESE.pdf\">Dossi\u00ea-Terceiriza\u00e7\u00e3o-e-Desenvolvimento CUT_DIEESE<\/a><\/p>\n<p><a href=\"https:\/\/wp.ufpel.edu.br\/franciscovargas\/files\/2017\/12\/Nota-T\u00e9cnica-172-Terceiriza\u00e7\u00e3o-DIEESE.pdf\">Nota T\u00e9cnica 172 Terceiriza\u00e7\u00e3o DIEESE<\/a><\/p>\n<p><a href=\"https:\/\/wp.ufpel.edu.br\/franciscovargas\/files\/2017\/12\/Nota-T\u00e9cnica-175-Terceiriza\u00e7\u00e3o-e-Trabalho-Tempor\u00e1rio-DIEESE.pdf\">Nota T\u00e9cnica 175 Terceiriza\u00e7\u00e3o e Trabalho Tempor\u00e1rio DIEESE<\/a><\/p>\n<p>&nbsp;<\/p>\n<p><strong>Grupo 5 &#8211; Trabalho e Desigualdades Sociais (Rela\u00e7\u00f5es sociais de classe, g\u00eanero, cor\/ra\u00e7a, gera\u00e7\u00e3o)<\/strong><\/p>\n<p>Textos: Diversos<\/p>\n<p>Base de Dados da Rela\u00e7\u00e3o Anual de Informa\u00e7\u00f5es Sociais &#8211; RAIS (Minist\u00e9rio do Trabalho).<\/p>\n<p>Anu\u00e1rio do Sistema P\u00fablico de Emprego, Trabalho e Renda (DIEESE).<\/p>\n<p>&nbsp;<\/p>\n<p><strong>Outros Grupos (Transposi\u00e7\u00f5es Did\u00e1ticas &#8211; Licenciatura em Ci\u00eancias Sociais): a definir.<\/strong><\/p>\n<p>&nbsp;<\/p>\n<p>&nbsp;<\/p>\n<p><strong>Outras apresenta\u00e7\u00f5es em Power Point (PDF):<\/strong><\/p>\n<p><strong>1)\u00a0<a href=\"https:\/\/wp.ufpel.edu.br\/franciscovargas\/files\/2013\/10\/O-conceito-de-trabalho.pdf\">O conceito de trabalho<\/a><\/strong><\/p>\n<p><strong>2)\u00a0<a href=\"https:\/\/wp.ufpel.edu.br\/franciscovargas\/files\/2013\/10\/O-trabalho-na-modernidade.pdf\">O trabalho na modernidade<\/a><\/strong><\/p>\n<p><strong>3)\u00a0<a href=\"https:\/\/wp.ufpel.edu.br\/franciscovargas\/files\/2013\/10\/O-trabalho-nas-perspectivas-sociol\u00f3gicas.pdf\">O trabalho nas perspectivas sociol\u00f3gicas<\/a><\/strong><\/p>\n<p><strong>4)\u00a0<a href=\"https:\/\/wp.ufpel.edu.br\/franciscovargas\/files\/2013\/10\/Mercado-de-Trabalho_Dimens\u00f5es-de-An\u00e1lise.pdf\">O Mercado de Trabalho: Dimens\u00f5es de An\u00e1lise<\/a><\/strong><\/p>\n<p><strong>5)\u00a0<a href=\"https:\/\/wp.ufpel.edu.br\/franciscovargas\/files\/2013\/10\/As-transforma\u00e7\u00f5es-do-trabalho-na-sociedade-informacional.pdf\">As transforma\u00e7\u00f5es do trabalho na sociedade informacional<\/a><\/strong><\/p>\n<p><strong>6)\u00a0<a href=\"https:\/\/wp.ufpel.edu.br\/franciscovargas\/files\/2013\/10\/A-sociedade-salarial-em-crise.-A-nova-quest\u00e3o-social.pdf\">A sociedade salarial em crise: A nova quest\u00e3o social<\/a><\/strong><\/p>\n<p>&nbsp;<\/p>\n","protected":false},"excerpt":{"rendered":"<p>Plano de Ensino da disciplina &#8220;Trabalho, Sociedade e Desigualdades&#8221;, ministrada no\u00a0segundo semestre letivo de 2019, no Curso de Ci\u00eancias Sociais: Plano de Ensino Trabalho, Sociedade e Desigualdades 2019 (PDF) Apresenta\u00e7\u00e3o Plano de Ensino Trabalho, Sociedade e Desigualdades 2019 (Power Point) &nbsp; Quest\u00f5es preparat\u00f3rias para a avalia\u00e7\u00e3o escrita (19\/11\/2019): Quest\u00f5es Preparat\u00f3rias para Avalia\u00e7\u00e3o Escrita 2019.2 &nbsp; [&hellip;]<\/p>\n","protected":false},"author":243,"featured_media":0,"parent":10,"menu_order":5,"comment_status":"closed","ping_status":"closed","template":"","meta":{"footnotes":""},"class_list":["post-315","page","type-page","status-publish","hentry"],"_links":{"self":[{"href":"https:\/\/wp.ufpel.edu.br\/franciscovargas\/wp-json\/wp\/v2\/pages\/315","targetHints":{"allow":["GET"]}}],"collection":[{"href":"https:\/\/wp.ufpel.edu.br\/franciscovargas\/wp-json\/wp\/v2\/pages"}],"about":[{"href":"https:\/\/wp.ufpel.edu.br\/franciscovargas\/wp-json\/wp\/v2\/types\/page"}],"author":[{"embeddable":true,"href":"https:\/\/wp.ufpel.edu.br\/franciscovargas\/wp-json\/wp\/v2\/users\/243"}],"replies":[{"embeddable":true,"href":"https:\/\/wp.ufpel.edu.br\/franciscovargas\/wp-json\/wp\/v2\/comments?post=315"}],"version-history":[{"count":76,"href":"https:\/\/wp.ufpel.edu.br\/franciscovargas\/wp-json\/wp\/v2\/pages\/315\/revisions"}],"predecessor-version":[{"id":1221,"href":"https:\/\/wp.ufpel.edu.br\/franciscovargas\/wp-json\/wp\/v2\/pages\/315\/revisions\/1221"}],"up":[{"embeddable":true,"href":"https:\/\/wp.ufpel.edu.br\/franciscovargas\/wp-json\/wp\/v2\/pages\/10"}],"wp:attachment":[{"href":"https:\/\/wp.ufpel.edu.br\/franciscovargas\/wp-json\/wp\/v2\/media?parent=315"}],"curies":[{"name":"wp","href":"https:\/\/api.w.org\/{rel}","templated":true}]}}