{"id":31,"date":"2011-10-18T20:30:24","date_gmt":"2011-10-18T23:30:24","guid":{"rendered":"https:\/\/wp.ufpel.edu.br\/franciscovargas\/"},"modified":"2011-10-25T21:08:43","modified_gmt":"2011-10-26T00:08:43","slug":"tese-de-doutorado","status":"publish","type":"page","link":"https:\/\/wp.ufpel.edu.br\/franciscovargas\/publicacoes\/tese-de-doutorado\/","title":{"rendered":"Tese de doutorado"},"content":{"rendered":"<p>Tese de Doutorado em Sociologia, defendida junto a Universit\u00e9 de Versailles-Saint-Quentin-En-Yvelines, Fran\u00e7a.<\/p>\n<p>T\u00edtulo da Tese:<\/p>\n<p>FORMAS E EXPERI\u00caNCIAS DE PRIVA\u00c7\u00c3O DE TRABALHO NO BRASIL: A CONSTRU\u00c7\u00c3O SOCIAL DO DESEMPREGO NA PERSPECTIVA DE UMA SOCIOLOGIA DAS RELA\u00c7\u00d5ES SOCIAIS<\/p>\n<p><a href=\"https:\/\/wp.ufpel.edu.br\/franciscovargas\/files\/2011\/10\/TESE-Vol.-I.pdf\">TESE Vol. I<\/a><\/p>\n<p><a href=\"https:\/\/wp.ufpel.edu.br\/franciscovargas\/files\/2011\/10\/TESE-Vol.-II-Anexos.pdf\">TESE Vol. II Anexos<\/a><\/p>\n<p>Orientadora: Prof\u00aa Helena HIRATA &#8211; UMR Genre, Travail, Mobilit\u00e9s &#8211; GTM<\/p>\n<p>Centre National de la Recherche Scientifique &#8211; CNRS<\/p>\n<p>Universit\u00e9 de Paris 10 Universit\u00e9 de Paris 8<\/p>\n<p>Data de defesa: 27 de novembro de 2008<\/p>\n<p>Local: Paris &#8211; Fran\u00e7a<\/p>\n<p>Membros da banca examinadora:<\/p>\n<p>Didier DEMAZI\u00c8RE &#8211; Universit\u00e9 de Versailles-Saint-Quentin-En-Yvelines &#8211; UVSQY<\/p>\n<p>Ant\u00f4nio David CATTANI &#8211; Universidade Federal do Rio Grande do Sul &#8211; UFRGS<\/p>\n<p>Robert CABANES &#8211; Institut de Recherche pour le D\u00e9veloppement &#8211; IRD<\/p>\n<p>Helena HIRATA &#8211; Centre National de la Recherche Scientifique &#8211; CNRS\/GTM<\/p>\n","protected":false},"excerpt":{"rendered":"<p>Tese de Doutorado em Sociologia, defendida junto a Universit\u00e9 de Versailles-Saint-Quentin-En-Yvelines, Fran\u00e7a. T\u00edtulo da Tese: FORMAS E EXPERI\u00caNCIAS DE PRIVA\u00c7\u00c3O DE TRABALHO NO BRASIL: A CONSTRU\u00c7\u00c3O SOCIAL DO DESEMPREGO NA PERSPECTIVA DE UMA SOCIOLOGIA DAS RELA\u00c7\u00d5ES SOCIAIS TESE Vol. I TESE Vol. II Anexos Orientadora: Prof\u00aa Helena HIRATA &#8211; UMR Genre, Travail, Mobilit\u00e9s &#8211; GTM [&hellip;]<\/p>\n","protected":false},"author":102,"featured_media":0,"parent":11,"menu_order":1,"comment_status":"closed","ping_status":"open","template":"","meta":{"footnotes":""},"class_list":["post-31","page","type-page","status-publish","hentry"],"_links":{"self":[{"href":"https:\/\/wp.ufpel.edu.br\/franciscovargas\/wp-json\/wp\/v2\/pages\/31","targetHints":{"allow":["GET"]}}],"collection":[{"href":"https:\/\/wp.ufpel.edu.br\/franciscovargas\/wp-json\/wp\/v2\/pages"}],"about":[{"href":"https:\/\/wp.ufpel.edu.br\/franciscovargas\/wp-json\/wp\/v2\/types\/page"}],"author":[{"embeddable":true,"href":"https:\/\/wp.ufpel.edu.br\/franciscovargas\/wp-json\/wp\/v2\/users\/102"}],"replies":[{"embeddable":true,"href":"https:\/\/wp.ufpel.edu.br\/franciscovargas\/wp-json\/wp\/v2\/comments?post=31"}],"version-history":[{"count":5,"href":"https:\/\/wp.ufpel.edu.br\/franciscovargas\/wp-json\/wp\/v2\/pages\/31\/revisions"}],"predecessor-version":[{"id":46,"href":"https:\/\/wp.ufpel.edu.br\/franciscovargas\/wp-json\/wp\/v2\/pages\/31\/revisions\/46"}],"up":[{"embeddable":true,"href":"https:\/\/wp.ufpel.edu.br\/franciscovargas\/wp-json\/wp\/v2\/pages\/11"}],"wp:attachment":[{"href":"https:\/\/wp.ufpel.edu.br\/franciscovargas\/wp-json\/wp\/v2\/media?parent=31"}],"curies":[{"name":"wp","href":"https:\/\/api.w.org\/{rel}","templated":true}]}}