{"id":276,"date":"2013-05-08T21:48:48","date_gmt":"2013-05-08T21:48:48","guid":{"rendered":"https:\/\/wp.ufpel.edu.br\/franciscovargas\/?page_id=276"},"modified":"2013-05-08T22:04:39","modified_gmt":"2013-05-08T22:04:39","slug":"banco-de-dados","status":"publish","type":"page","link":"https:\/\/wp.ufpel.edu.br\/franciscovargas\/banco-de-dados\/","title":{"rendered":"Banco de Dados"},"content":{"rendered":"<p>Nesta p\u00e1gina, est\u00e3o armazenados v\u00e1rios tipos de dados, documentos,\u00a0arquivos e fontes bibliogr\u00e1ficas\u00a0de interesse no campo das ci\u00eancias sociais.<\/p>\n<p>Esses materiais podem ser acessados nas subp\u00e1ginas deste Banco de Dados, organizadas segundo as seguintes categorias:<\/p>\n<p>Artigos de Jornais<\/p>\n<p>Documentos<\/p>\n<p>Bibliografia<\/p>\n<p>&nbsp;<\/p>\n","protected":false},"excerpt":{"rendered":"<p>Nesta p\u00e1gina, est\u00e3o armazenados v\u00e1rios tipos de dados, documentos,\u00a0arquivos e fontes bibliogr\u00e1ficas\u00a0de interesse no campo das ci\u00eancias sociais. Esses materiais podem ser acessados nas subp\u00e1ginas deste Banco de Dados, organizadas segundo as seguintes categorias: Artigos de Jornais Documentos Bibliografia &nbsp;<\/p>\n","protected":false},"author":243,"featured_media":0,"parent":0,"menu_order":6,"comment_status":"closed","ping_status":"open","template":"","meta":{"footnotes":""},"class_list":["post-276","page","type-page","status-publish","hentry"],"_links":{"self":[{"href":"https:\/\/wp.ufpel.edu.br\/franciscovargas\/wp-json\/wp\/v2\/pages\/276","targetHints":{"allow":["GET"]}}],"collection":[{"href":"https:\/\/wp.ufpel.edu.br\/franciscovargas\/wp-json\/wp\/v2\/pages"}],"about":[{"href":"https:\/\/wp.ufpel.edu.br\/franciscovargas\/wp-json\/wp\/v2\/types\/page"}],"author":[{"embeddable":true,"href":"https:\/\/wp.ufpel.edu.br\/franciscovargas\/wp-json\/wp\/v2\/users\/243"}],"replies":[{"embeddable":true,"href":"https:\/\/wp.ufpel.edu.br\/franciscovargas\/wp-json\/wp\/v2\/comments?post=276"}],"version-history":[{"count":3,"href":"https:\/\/wp.ufpel.edu.br\/franciscovargas\/wp-json\/wp\/v2\/pages\/276\/revisions"}],"predecessor-version":[{"id":284,"href":"https:\/\/wp.ufpel.edu.br\/franciscovargas\/wp-json\/wp\/v2\/pages\/276\/revisions\/284"}],"wp:attachment":[{"href":"https:\/\/wp.ufpel.edu.br\/franciscovargas\/wp-json\/wp\/v2\/media?parent=276"}],"curies":[{"name":"wp","href":"https:\/\/api.w.org\/{rel}","templated":true}]}}