{"id":2,"date":"2011-04-08T12:18:13","date_gmt":"2011-04-08T12:18:13","guid":{"rendered":"https:\/\/wp.ufpel.edu.br\/franciscovargas\/?page_id=2"},"modified":"2013-10-22T14:42:52","modified_gmt":"2013-10-22T16:42:52","slug":"sobre","status":"publish","type":"page","link":"https:\/\/wp.ufpel.edu.br\/franciscovargas\/sobre\/","title":{"rendered":"Sobre o Prof. Francisco"},"content":{"rendered":"<p style=\"text-align: center\">O professor e pesquisador <strong>Francisco Eduardo Beckenkamp Vargas<\/strong> possui o curso de Ci\u00eancias Sociais pela Universidade Cat\u00f3lica de Pelotas (1985), mestrado em Sociologia pela Universidade Federal do Rio Grande do Sul (1994), &#8220;Dipl\u00f4me d&#8217;\u00e9tudes approfondies&#8221; (D.E.A.) em Ci\u00eancias Sociais: &#8220;Cultures et Comportements Sociaux&#8221; pela &#8220;Universit\u00e9 de Paris V&#8221; (Ren\u00e9 Descartes) (1997), doutorado em Sociologia pela &#8220;Universit\u00e9 de Versailles-Saint-Quentin-en-Yvelines&#8221; (2008) e\u00a0p\u00f3s-doutorado em Sociologia pela Universidade Federal do Rio Grande do Sul (UFRGS)(2012). Atualmente \u00e9 professor associado do Instituto de Filosofia, Sociologia e Pol\u00edtica &#8211; IFISP da Universidade Federal de Pelotas, atuando no ensino da sociologia, sociologia do trabalho, teoria sociol\u00f3gica cl\u00e1ssica e metodologia da pesquisa social. Integra os Grupos de Pesquisa &#8220;Trabalho e trabalhadores: identidades, desigualdades e transforma\u00e7\u00f5es sociais&#8221; (UFPel) e &#8220;N\u00facleo de Estudos Urbanos &#8211; NAU&#8221; (FURG), desenvolvendo suas pesquisas sobre os temas emprego e desenvolvimento, desemprego e an\u00e1lise de trajet\u00f3rias de trabalhadores, trabalho e rela\u00e7\u00f5es de g\u00eanero, mercado de trabalho, pol\u00edticas p\u00fablicas de emprego e precariedade do trabalho no Brasil.<\/p>\n<p>Curr\u00edculo na Plataforma Lattes:<\/p>\n<p><strong><a href=\"http:\/\/lattes.cnpq.br\/9208818114078272\">http:\/\/lattes.cnpq.br\/9208818114078272<\/a><\/strong><\/p>\n","protected":false},"excerpt":{"rendered":"<p>O professor e pesquisador Francisco Eduardo Beckenkamp Vargas possui o curso de Ci\u00eancias Sociais pela Universidade Cat\u00f3lica de Pelotas (1985), mestrado em Sociologia pela Universidade Federal do Rio Grande do Sul (1994), &#8220;Dipl\u00f4me d&#8217;\u00e9tudes approfondies&#8221; (D.E.A.) em Ci\u00eancias Sociais: &#8220;Cultures et Comportements Sociaux&#8221; pela &#8220;Universit\u00e9 de Paris V&#8221; (Ren\u00e9 Descartes) (1997), doutorado em Sociologia pela [&hellip;]<\/p>\n","protected":false},"author":102,"featured_media":0,"parent":0,"menu_order":2,"comment_status":"closed","ping_status":"open","template":"","meta":{"footnotes":""},"class_list":["post-2","page","type-page","status-publish","hentry"],"_links":{"self":[{"href":"https:\/\/wp.ufpel.edu.br\/franciscovargas\/wp-json\/wp\/v2\/pages\/2","targetHints":{"allow":["GET"]}}],"collection":[{"href":"https:\/\/wp.ufpel.edu.br\/franciscovargas\/wp-json\/wp\/v2\/pages"}],"about":[{"href":"https:\/\/wp.ufpel.edu.br\/franciscovargas\/wp-json\/wp\/v2\/types\/page"}],"author":[{"embeddable":true,"href":"https:\/\/wp.ufpel.edu.br\/franciscovargas\/wp-json\/wp\/v2\/users\/102"}],"replies":[{"embeddable":true,"href":"https:\/\/wp.ufpel.edu.br\/franciscovargas\/wp-json\/wp\/v2\/comments?post=2"}],"version-history":[{"count":20,"href":"https:\/\/wp.ufpel.edu.br\/franciscovargas\/wp-json\/wp\/v2\/pages\/2\/revisions"}],"predecessor-version":[{"id":300,"href":"https:\/\/wp.ufpel.edu.br\/franciscovargas\/wp-json\/wp\/v2\/pages\/2\/revisions\/300"}],"wp:attachment":[{"href":"https:\/\/wp.ufpel.edu.br\/franciscovargas\/wp-json\/wp\/v2\/media?parent=2"}],"curies":[{"name":"wp","href":"https:\/\/api.w.org\/{rel}","templated":true}]}}