{"id":145,"date":"2012-11-05T12:28:05","date_gmt":"2012-11-05T12:28:05","guid":{"rendered":"https:\/\/wp.ufpel.edu.br\/franciscovargas\/?page_id=145"},"modified":"2017-10-06T15:43:02","modified_gmt":"2017-10-06T18:43:02","slug":"pesquisa-de-campo-iii","status":"publish","type":"page","link":"https:\/\/wp.ufpel.edu.br\/franciscovargas\/ensino\/pesquisa-de-campo-iii\/","title":{"rendered":"Pesquisa de Campo III"},"content":{"rendered":"<p>Plano de ensino da disciplina de Pesquisa de Campo III, ministrada no segundo semestre letivo de 2017 no Curso de Ci\u00eancias Sociais Bacharelado (IFISP\/UFPel):<\/p>\n<p><a href=\"https:\/\/wp.ufpel.edu.br\/franciscovargas\/files\/2017\/09\/Plano-de-Ensino-Pesquisa-de-Campo-III-2017.pdf\">Plano de Ensino Pesquisa de Campo III 2017\/2<\/a><\/p>\n<p>&nbsp;<\/p>\n<p>Cronograma de Pesquisa:<\/p>\n<p><a href=\"https:\/\/wp.ufpel.edu.br\/franciscovargas\/files\/2012\/11\/Cronograma-de-Pesquisa-2017.ppsx\">Cronograma de Pesquisa (Apresenta\u00e7\u00e3o em Power Point)<\/a><\/p>\n<p><a href=\"https:\/\/wp.ufpel.edu.br\/franciscovargas\/files\/2012\/11\/Modelo-de-Cronograma-de-Pesquisa.xlsx\">Modelo de Cronograma de Pesquisa (Planilha Excel)<\/a><\/p>\n<p>&nbsp;<\/p>\n<p>Apresenta\u00e7\u00e3o dos Projetos de Pesquisa e Resultados Provis\u00f3rios de Investiga\u00e7\u00e3o:<\/p>\n<p><a href=\"https:\/\/wp.ufpel.edu.br\/franciscovargas\/files\/2012\/11\/Modelo-Apresenta\u00e7\u00e3o-Projeto-de-Pesquisa-Social-2.ppt\">Modelo de Apresenta\u00e7\u00e3o de Projeto de Pesquisa Social<\/a><\/p>\n<p>&nbsp;<\/p>\n","protected":false},"excerpt":{"rendered":"<p>Plano de ensino da disciplina de Pesquisa de Campo III, ministrada no segundo semestre letivo de 2017 no Curso de Ci\u00eancias Sociais Bacharelado (IFISP\/UFPel): Plano de Ensino Pesquisa de Campo III 2017\/2 &nbsp; Cronograma de Pesquisa: Cronograma de Pesquisa (Apresenta\u00e7\u00e3o em Power Point) Modelo de Cronograma de Pesquisa (Planilha Excel) &nbsp; Apresenta\u00e7\u00e3o dos Projetos de [&hellip;]<\/p>\n","protected":false},"author":102,"featured_media":0,"parent":10,"menu_order":6,"comment_status":"closed","ping_status":"closed","template":"","meta":{"footnotes":""},"class_list":["post-145","page","type-page","status-publish","hentry"],"_links":{"self":[{"href":"https:\/\/wp.ufpel.edu.br\/franciscovargas\/wp-json\/wp\/v2\/pages\/145","targetHints":{"allow":["GET"]}}],"collection":[{"href":"https:\/\/wp.ufpel.edu.br\/franciscovargas\/wp-json\/wp\/v2\/pages"}],"about":[{"href":"https:\/\/wp.ufpel.edu.br\/franciscovargas\/wp-json\/wp\/v2\/types\/page"}],"author":[{"embeddable":true,"href":"https:\/\/wp.ufpel.edu.br\/franciscovargas\/wp-json\/wp\/v2\/users\/102"}],"replies":[{"embeddable":true,"href":"https:\/\/wp.ufpel.edu.br\/franciscovargas\/wp-json\/wp\/v2\/comments?post=145"}],"version-history":[{"count":14,"href":"https:\/\/wp.ufpel.edu.br\/franciscovargas\/wp-json\/wp\/v2\/pages\/145\/revisions"}],"predecessor-version":[{"id":795,"href":"https:\/\/wp.ufpel.edu.br\/franciscovargas\/wp-json\/wp\/v2\/pages\/145\/revisions\/795"}],"up":[{"embeddable":true,"href":"https:\/\/wp.ufpel.edu.br\/franciscovargas\/wp-json\/wp\/v2\/pages\/10"}],"wp:attachment":[{"href":"https:\/\/wp.ufpel.edu.br\/franciscovargas\/wp-json\/wp\/v2\/media?parent=145"}],"curies":[{"name":"wp","href":"https:\/\/api.w.org\/{rel}","templated":true}]}}