{"id":1246,"date":"2020-03-11T15:45:33","date_gmt":"2020-03-11T18:45:33","guid":{"rendered":"https:\/\/wp.ufpel.edu.br\/franciscovargas\/?page_id=1246"},"modified":"2020-03-16T18:45:49","modified_gmt":"2020-03-16T21:45:49","slug":"fundamentos-de-ciencias-sociais-i-curso-de-odontologia","status":"publish","type":"page","link":"https:\/\/wp.ufpel.edu.br\/franciscovargas\/ensino\/fundamentos-de-ciencias-sociais-i-curso-de-odontologia\/","title":{"rendered":"Fundamentos de Ci\u00eancias Sociais I (Curso de Odontologia)"},"content":{"rendered":"<p>O Plano de Ensino da disciplina de Fundamentos de Ci\u00eancias Sociais I, ministrada no Curso de Odontologia no primeiro semestre letivo de 2020:<\/p>\n<p><a href=\"https:\/\/wp.ufpel.edu.br\/franciscovargas\/files\/2020\/03\/Plano-de-Ensino-Fundamentos-de-Ci\u00eancias-Sociais-I-Curso-de-Odontologia-2020.pdf\">Plano de Ensino Fundamentos de Ci\u00eancias Sociais I Curso de Odontologia 2020<\/a><\/p>\n<p><a href=\"https:\/\/wp.ufpel.edu.br\/franciscovargas\/files\/2020\/03\/Apresenta\u00e7\u00e3o-Power-Point-Plano-de-Ensino.pdf\">Apresenta\u00e7\u00e3o Power Point Plano de Ensino<\/a><\/p>\n<p>&nbsp;<\/p>\n<h3>Bibliografia b\u00e1sica:<\/h3>\n<p><a href=\"https:\/\/wp.ufpel.edu.br\/franciscovargas\/files\/2018\/04\/Aprendendo-a-Pensar-com-a-Socio-Zygmunt-Bauman.pdf\">Aprendendo a Pensar com a Sociologia &#8211; Introdu\u00e7\u00e3o (Z. Bauman &amp; T. May)<\/a><\/p>\n<p>&nbsp;<\/p>\n<p>&nbsp;<\/p>\n","protected":false},"excerpt":{"rendered":"<p>O Plano de Ensino da disciplina de Fundamentos de Ci\u00eancias Sociais I, ministrada no Curso de Odontologia no primeiro semestre letivo de 2020: Plano de Ensino Fundamentos de Ci\u00eancias Sociais I Curso de Odontologia 2020 Apresenta\u00e7\u00e3o Power Point Plano de Ensino &nbsp; Bibliografia b\u00e1sica: Aprendendo a Pensar com a Sociologia &#8211; Introdu\u00e7\u00e3o (Z. Bauman &amp; [&hellip;]<\/p>\n","protected":false},"author":243,"featured_media":0,"parent":10,"menu_order":3,"comment_status":"closed","ping_status":"closed","template":"","meta":{"footnotes":""},"class_list":["post-1246","page","type-page","status-publish","hentry"],"_links":{"self":[{"href":"https:\/\/wp.ufpel.edu.br\/franciscovargas\/wp-json\/wp\/v2\/pages\/1246","targetHints":{"allow":["GET"]}}],"collection":[{"href":"https:\/\/wp.ufpel.edu.br\/franciscovargas\/wp-json\/wp\/v2\/pages"}],"about":[{"href":"https:\/\/wp.ufpel.edu.br\/franciscovargas\/wp-json\/wp\/v2\/types\/page"}],"author":[{"embeddable":true,"href":"https:\/\/wp.ufpel.edu.br\/franciscovargas\/wp-json\/wp\/v2\/users\/243"}],"replies":[{"embeddable":true,"href":"https:\/\/wp.ufpel.edu.br\/franciscovargas\/wp-json\/wp\/v2\/comments?post=1246"}],"version-history":[{"count":5,"href":"https:\/\/wp.ufpel.edu.br\/franciscovargas\/wp-json\/wp\/v2\/pages\/1246\/revisions"}],"predecessor-version":[{"id":1272,"href":"https:\/\/wp.ufpel.edu.br\/franciscovargas\/wp-json\/wp\/v2\/pages\/1246\/revisions\/1272"}],"up":[{"embeddable":true,"href":"https:\/\/wp.ufpel.edu.br\/franciscovargas\/wp-json\/wp\/v2\/pages\/10"}],"wp:attachment":[{"href":"https:\/\/wp.ufpel.edu.br\/franciscovargas\/wp-json\/wp\/v2\/media?parent=1246"}],"curies":[{"name":"wp","href":"https:\/\/api.w.org\/{rel}","templated":true}]}}