{"id":103,"date":"2011-10-25T21:14:55","date_gmt":"2011-10-26T00:14:55","guid":{"rendered":"https:\/\/wp.ufpel.edu.br\/franciscovargas\/"},"modified":"2011-10-25T21:17:41","modified_gmt":"2011-10-26T00:17:41","slug":"outras-producoes","status":"publish","type":"page","link":"https:\/\/wp.ufpel.edu.br\/franciscovargas\/publicacoes\/outras-producoes\/","title":{"rendered":"Outras produ\u00e7\u00f5es"},"content":{"rendered":"<p>Em elabora\u00e7\u00e3o<\/p>\n","protected":false},"excerpt":{"rendered":"<p>Em elabora\u00e7\u00e3o<\/p>\n","protected":false},"author":102,"featured_media":0,"parent":11,"menu_order":5,"comment_status":"closed","ping_status":"closed","template":"","meta":{"footnotes":""},"class_list":["post-103","page","type-page","status-publish","hentry"],"_links":{"self":[{"href":"https:\/\/wp.ufpel.edu.br\/franciscovargas\/wp-json\/wp\/v2\/pages\/103","targetHints":{"allow":["GET"]}}],"collection":[{"href":"https:\/\/wp.ufpel.edu.br\/franciscovargas\/wp-json\/wp\/v2\/pages"}],"about":[{"href":"https:\/\/wp.ufpel.edu.br\/franciscovargas\/wp-json\/wp\/v2\/types\/page"}],"author":[{"embeddable":true,"href":"https:\/\/wp.ufpel.edu.br\/franciscovargas\/wp-json\/wp\/v2\/users\/102"}],"replies":[{"embeddable":true,"href":"https:\/\/wp.ufpel.edu.br\/franciscovargas\/wp-json\/wp\/v2\/comments?post=103"}],"version-history":[{"count":2,"href":"https:\/\/wp.ufpel.edu.br\/franciscovargas\/wp-json\/wp\/v2\/pages\/103\/revisions"}],"predecessor-version":[{"id":105,"href":"https:\/\/wp.ufpel.edu.br\/franciscovargas\/wp-json\/wp\/v2\/pages\/103\/revisions\/105"}],"up":[{"embeddable":true,"href":"https:\/\/wp.ufpel.edu.br\/franciscovargas\/wp-json\/wp\/v2\/pages\/11"}],"wp:attachment":[{"href":"https:\/\/wp.ufpel.edu.br\/franciscovargas\/wp-json\/wp\/v2\/media?parent=103"}],"curies":[{"name":"wp","href":"https:\/\/api.w.org\/{rel}","templated":true}]}}