{"id":28,"date":"2019-09-16T22:09:55","date_gmt":"2019-09-17T01:09:55","guid":{"rendered":"https:\/\/wp.ufpel.edu.br\/francineviana\/?page_id=28"},"modified":"2019-09-16T22:10:49","modified_gmt":"2019-09-17T01:10:49","slug":"servicos","status":"publish","type":"page","link":"https:\/\/wp.ufpel.edu.br\/francineviana\/servicos\/","title":{"rendered":"Servi\u00e7os"},"content":{"rendered":"<h1>Servi\u00e7os Laborat\u00f3rio<\/h1>\n<p>O Laborat\u00f3rio an\u00e1lise de \u00e1guas e efluentes realiza an\u00e1lises fisico qu\u00edmicas e microbiol\u00f3gicas em trabalhos de pesquisa e aulas pr\u00e1ticas al\u00e9m de presta\u00e7\u00e3o de servi\u00e7os para clientes da regi\u00e3o.<\/p>\n","protected":false},"excerpt":{"rendered":"<p>Servi\u00e7os Laborat\u00f3rio O Laborat\u00f3rio an\u00e1lise de \u00e1guas e efluentes realiza an\u00e1lises fisico qu\u00edmicas e microbiol\u00f3gicas em trabalhos de pesquisa e aulas pr\u00e1ticas al\u00e9m de presta\u00e7\u00e3o de servi\u00e7os para clientes da regi\u00e3o.<\/p>\n","protected":false},"author":961,"featured_media":0,"parent":0,"menu_order":0,"comment_status":"closed","ping_status":"closed","template":"","meta":{"footnotes":""},"class_list":["post-28","page","type-page","status-publish","hentry"],"jetpack_sharing_enabled":true,"publishpress_future_action":{"enabled":false,"date":"2026-04-16 20:19:18","action":"change-status","newStatus":"draft","terms":[],"taxonomy":"language","extraData":[]},"publishpress_future_workflow_manual_trigger":{"enabledWorkflows":[]},"_links":{"self":[{"href":"https:\/\/wp.ufpel.edu.br\/francineviana\/wp-json\/wp\/v2\/pages\/28","targetHints":{"allow":["GET"]}}],"collection":[{"href":"https:\/\/wp.ufpel.edu.br\/francineviana\/wp-json\/wp\/v2\/pages"}],"about":[{"href":"https:\/\/wp.ufpel.edu.br\/francineviana\/wp-json\/wp\/v2\/types\/page"}],"author":[{"embeddable":true,"href":"https:\/\/wp.ufpel.edu.br\/francineviana\/wp-json\/wp\/v2\/users\/961"}],"replies":[{"embeddable":true,"href":"https:\/\/wp.ufpel.edu.br\/francineviana\/wp-json\/wp\/v2\/comments?post=28"}],"version-history":[{"count":2,"href":"https:\/\/wp.ufpel.edu.br\/francineviana\/wp-json\/wp\/v2\/pages\/28\/revisions"}],"predecessor-version":[{"id":30,"href":"https:\/\/wp.ufpel.edu.br\/francineviana\/wp-json\/wp\/v2\/pages\/28\/revisions\/30"}],"wp:attachment":[{"href":"https:\/\/wp.ufpel.edu.br\/francineviana\/wp-json\/wp\/v2\/media?parent=28"}],"curies":[{"name":"wp","href":"https:\/\/api.w.org\/{rel}","templated":true}]}}