{"id":11,"date":"2019-09-16T21:15:22","date_gmt":"2019-09-17T00:15:22","guid":{"rendered":"https:\/\/wp.ufpel.edu.br\/francineviana\/?page_id=11"},"modified":"2019-09-16T21:42:42","modified_gmt":"2019-09-17T00:42:42","slug":"apresentacao","status":"publish","type":"page","link":"https:\/\/wp.ufpel.edu.br\/francineviana\/apresentacao\/","title":{"rendered":"Apresenta\u00e7\u00e3o"},"content":{"rendered":"<p>A Ag\u00eancia da Lagoa Mirim atua como institui\u00e7\u00e3o\u00a0 voltada para o desenvolvimento da Bacia da Lagoa Mirim.<\/p>\n<h2>Atribui\u00e7\u00f5es<\/h2>\n<p>Cabe \u00e0 ALM a responsabilidade pela opera\u00e7\u00e3o e manuten\u00e7\u00e3o da Barragem Eclusa do Canal S\u00e3o Gon\u00e7alo e pela administra\u00e7\u00e3o da Barragem do Chasqueiro.<\/p>\n","protected":false},"excerpt":{"rendered":"<p>A Ag\u00eancia da Lagoa Mirim atua como institui\u00e7\u00e3o\u00a0 voltada para o desenvolvimento da Bacia da Lagoa Mirim. Atribui\u00e7\u00f5es Cabe \u00e0 ALM a responsabilidade pela opera\u00e7\u00e3o e manuten\u00e7\u00e3o da Barragem Eclusa do Canal S\u00e3o Gon\u00e7alo e pela administra\u00e7\u00e3o da Barragem do Chasqueiro.<\/p>\n","protected":false},"author":961,"featured_media":0,"parent":0,"menu_order":0,"comment_status":"closed","ping_status":"closed","template":"","meta":{"footnotes":""},"class_list":["post-11","page","type-page","status-publish","hentry"],"jetpack_sharing_enabled":true,"publishpress_future_action":{"enabled":false,"date":"2026-04-16 10:38:06","action":"change-status","newStatus":"draft","terms":[],"taxonomy":"language","extraData":[]},"publishpress_future_workflow_manual_trigger":{"enabledWorkflows":[]},"_links":{"self":[{"href":"https:\/\/wp.ufpel.edu.br\/francineviana\/wp-json\/wp\/v2\/pages\/11","targetHints":{"allow":["GET"]}}],"collection":[{"href":"https:\/\/wp.ufpel.edu.br\/francineviana\/wp-json\/wp\/v2\/pages"}],"about":[{"href":"https:\/\/wp.ufpel.edu.br\/francineviana\/wp-json\/wp\/v2\/types\/page"}],"author":[{"embeddable":true,"href":"https:\/\/wp.ufpel.edu.br\/francineviana\/wp-json\/wp\/v2\/users\/961"}],"replies":[{"embeddable":true,"href":"https:\/\/wp.ufpel.edu.br\/francineviana\/wp-json\/wp\/v2\/comments?post=11"}],"version-history":[{"count":4,"href":"https:\/\/wp.ufpel.edu.br\/francineviana\/wp-json\/wp\/v2\/pages\/11\/revisions"}],"predecessor-version":[{"id":17,"href":"https:\/\/wp.ufpel.edu.br\/francineviana\/wp-json\/wp\/v2\/pages\/11\/revisions\/17"}],"wp:attachment":[{"href":"https:\/\/wp.ufpel.edu.br\/francineviana\/wp-json\/wp\/v2\/media?parent=11"}],"curies":[{"name":"wp","href":"https:\/\/api.w.org\/{rel}","templated":true}]}}