{"id":75,"date":"2017-04-19T10:54:55","date_gmt":"2017-04-19T13:54:55","guid":{"rendered":"https:\/\/wp.ufpel.edu.br\/francielefrc\/?page_id=75"},"modified":"2025-09-23T20:23:16","modified_gmt":"2025-09-23T23:23:16","slug":"componentes-curriculares","status":"publish","type":"page","link":"https:\/\/wp.ufpel.edu.br\/francielefrc\/componentes-curriculares\/","title":{"rendered":"Unidade do Cuidado ao Adulto e Fam\u00edlia IV"},"content":{"rendered":"<p><span style=\"font-family: 'book antiqua', palatino, serif;\">Desenvolvo atividades te\u00f3ricas e pr\u00e1ticas no componente curricular Unidade do Cuidado de Enfermagem IV &#8211; Adulto e Fam\u00edlia A.<\/span><\/p>\n<p><span style=\"font-family: 'book antiqua', palatino, serif;\">Meus hor\u00e1rios em <strong>2025\/II:<\/strong><\/span><\/p>\n<ul>\n<li><span style=\"font-family: 'book antiqua', palatino, serif;\">Caso de papel e S\u00edntese &#8211; Campus Anglo UFPel:\u00a0 Segunda-feira &#8211; 8h \u00e0s 12h (Sala: 218).<\/span><\/li>\n<li><span style=\"font-family: 'book antiqua', palatino, serif;\">Pr\u00e1tica supervisionada na RUE II do Hospital Escola UFPel\/EBSERH: Ter\u00e7a-feira (13h \u00e0s 19h)<strong>.<\/strong><\/span><\/li>\n<li><span style=\"font-family: 'book antiqua', palatino, serif;\">Semin\u00e1rios (teorias de enfermagem, cuidado \u00e0 pessoa com cirrose e c\u00e1lculos na administra\u00e7\u00e3o de medicamentos) &#8211; Campus Anglo: Sextas-feiras (8h \u00e0s 9h40) (Sala: 216).<\/span><\/li>\n<\/ul>\n<p>&nbsp;<\/p>\n<p>&nbsp;<\/p>\n<p>&nbsp;<\/p>\n<p>&nbsp;<\/p>\n<p>&nbsp;<\/p>\n","protected":false},"excerpt":{"rendered":"<p>Desenvolvo atividades te\u00f3ricas e pr\u00e1ticas no componente curricular Unidade do Cuidado de Enfermagem IV &#8211; Adulto e Fam\u00edlia A. Meus hor\u00e1rios em 2025\/II: Caso de papel e S\u00edntese &#8211; Campus Anglo UFPel:\u00a0 Segunda-feira &#8211; 8h \u00e0s 12h (Sala: 218). Pr\u00e1tica supervisionada na RUE II do Hospital Escola UFPel\/EBSERH: Ter\u00e7a-feira (13h \u00e0s 19h). Semin\u00e1rios (teorias de [&hellip;]<\/p>\n","protected":false},"author":738,"featured_media":0,"parent":0,"menu_order":0,"comment_status":"closed","ping_status":"closed","template":"","meta":{"footnotes":""},"class_list":["post-75","page","type-page","status-publish","hentry"],"jetpack_sharing_enabled":true,"_links":{"self":[{"href":"https:\/\/wp.ufpel.edu.br\/francielefrc\/wp-json\/wp\/v2\/pages\/75","targetHints":{"allow":["GET"]}}],"collection":[{"href":"https:\/\/wp.ufpel.edu.br\/francielefrc\/wp-json\/wp\/v2\/pages"}],"about":[{"href":"https:\/\/wp.ufpel.edu.br\/francielefrc\/wp-json\/wp\/v2\/types\/page"}],"author":[{"embeddable":true,"href":"https:\/\/wp.ufpel.edu.br\/francielefrc\/wp-json\/wp\/v2\/users\/738"}],"replies":[{"embeddable":true,"href":"https:\/\/wp.ufpel.edu.br\/francielefrc\/wp-json\/wp\/v2\/comments?post=75"}],"version-history":[{"count":4,"href":"https:\/\/wp.ufpel.edu.br\/francielefrc\/wp-json\/wp\/v2\/pages\/75\/revisions"}],"predecessor-version":[{"id":623,"href":"https:\/\/wp.ufpel.edu.br\/francielefrc\/wp-json\/wp\/v2\/pages\/75\/revisions\/623"}],"wp:attachment":[{"href":"https:\/\/wp.ufpel.edu.br\/francielefrc\/wp-json\/wp\/v2\/media?parent=75"}],"curies":[{"name":"wp","href":"https:\/\/api.w.org\/{rel}","templated":true}]}}