{"id":66,"date":"2017-04-19T10:47:49","date_gmt":"2017-04-19T13:47:49","guid":{"rendered":"https:\/\/wp.ufpel.edu.br\/francielefrc\/?page_id=66"},"modified":"2017-05-04T19:20:55","modified_gmt":"2017-05-04T22:20:55","slug":"entrevista-onfv","status":"publish","type":"page","link":"https:\/\/wp.ufpel.edu.br\/francielefrc\/entrevista-onfv\/","title":{"rendered":"Entrevista ONFV"},"content":{"rendered":"<p>No link abaixo, segue entrevista que concedi ao Observat\u00f3rio Nacional do Final da Vida (ONFV), org\u00e3o do Minist\u00e9rio da Sa\u00fade franc\u00eas, falando sobre os Cuidados Paliativos no Brasil. Atualmente, o ONFV faz parte do Centro Nacional de Cuidados Paliativos e Final da Vida, institui\u00e7\u00e3o respons\u00e1vel por pensar as pol\u00edticas p\u00fablicas para o final da vida e identificar as condi\u00e7\u00f5es em que morre a popula\u00e7\u00e3o francesa.<\/p>\n<p>&nbsp;<\/p>\n<p><a href=\"http:\/\/www.spfv.fr\/actualites\/soins-palliatifs-au-bresil-entretien\">Entrevista ONFV<\/a><\/p>\n","protected":false},"excerpt":{"rendered":"<p>No link abaixo, segue entrevista que concedi ao Observat\u00f3rio Nacional do Final da Vida (ONFV), org\u00e3o do Minist\u00e9rio da Sa\u00fade franc\u00eas, falando sobre os Cuidados Paliativos no Brasil. Atualmente, o ONFV faz parte do Centro Nacional de Cuidados Paliativos e Final da Vida, institui\u00e7\u00e3o respons\u00e1vel por pensar as pol\u00edticas p\u00fablicas para o final da vida [&hellip;]<\/p>\n","protected":false},"author":738,"featured_media":0,"parent":0,"menu_order":0,"comment_status":"closed","ping_status":"closed","template":"","meta":{"footnotes":""},"class_list":["post-66","page","type-page","status-publish","hentry"],"jetpack_sharing_enabled":true,"_links":{"self":[{"href":"https:\/\/wp.ufpel.edu.br\/francielefrc\/wp-json\/wp\/v2\/pages\/66","targetHints":{"allow":["GET"]}}],"collection":[{"href":"https:\/\/wp.ufpel.edu.br\/francielefrc\/wp-json\/wp\/v2\/pages"}],"about":[{"href":"https:\/\/wp.ufpel.edu.br\/francielefrc\/wp-json\/wp\/v2\/types\/page"}],"author":[{"embeddable":true,"href":"https:\/\/wp.ufpel.edu.br\/francielefrc\/wp-json\/wp\/v2\/users\/738"}],"replies":[{"embeddable":true,"href":"https:\/\/wp.ufpel.edu.br\/francielefrc\/wp-json\/wp\/v2\/comments?post=66"}],"version-history":[{"count":3,"href":"https:\/\/wp.ufpel.edu.br\/francielefrc\/wp-json\/wp\/v2\/pages\/66\/revisions"}],"predecessor-version":[{"id":89,"href":"https:\/\/wp.ufpel.edu.br\/francielefrc\/wp-json\/wp\/v2\/pages\/66\/revisions\/89"}],"wp:attachment":[{"href":"https:\/\/wp.ufpel.edu.br\/francielefrc\/wp-json\/wp\/v2\/media?parent=66"}],"curies":[{"name":"wp","href":"https:\/\/api.w.org\/{rel}","templated":true}]}}