{"id":638,"date":"2025-12-03T08:11:45","date_gmt":"2025-12-03T11:11:45","guid":{"rendered":"https:\/\/wp.ufpel.edu.br\/francielefrc\/?page_id=638"},"modified":"2025-12-03T08:17:29","modified_gmt":"2025-12-03T11:17:29","slug":"disciplina-cuidados-paliativos-e-cuidados-em-fim-de-vida-ufpel","status":"publish","type":"page","link":"https:\/\/wp.ufpel.edu.br\/francielefrc\/disciplina-cuidados-paliativos-e-cuidados-em-fim-de-vida-ufpel\/","title":{"rendered":"Disciplina &#8211; Cuidados paliativos e cuidados em fim de vida (UFPel)"},"content":{"rendered":"<p>Ministro esta disciplina uma vez por ano (1\u00ba semestre letivo), de forma integrada, para os cursos de gradua\u00e7\u00e3o, mestrado, doutorado e resid\u00eancia multiprofissional da UFPel.<\/p>\n<p>A primeira edi\u00e7\u00e3o ocorrer\u00e1 em 2026\/1.<\/p>\n<p>Compartilho, <a href=\"https:\/\/wp.ufpel.edu.br\/francielefrc\/files\/2025\/12\/Modelodiretivassemdoenca.pdf\">aqui<\/a>, um modelo de diretiva antecipada de vontade (quando a pessoa n\u00e3o est\u00e1 acometida por doen\u00e7a grave) para uso aberto (com men\u00e7\u00e3o \u00e0 autoria), constru\u00eddo por mim para a disciplina.<\/p>\n<p>Todas as aulas ser\u00e3o postadas nesta p\u00e1gina ao longo do pr\u00f3ximo semestre.<\/p>\n","protected":false},"excerpt":{"rendered":"<p>Ministro esta disciplina uma vez por ano (1\u00ba semestre letivo), de forma integrada, para os cursos de gradua\u00e7\u00e3o, mestrado, doutorado e resid\u00eancia multiprofissional da UFPel. A primeira edi\u00e7\u00e3o ocorrer\u00e1 em 2026\/1. Compartilho, aqui, um modelo de diretiva antecipada de vontade (quando a pessoa n\u00e3o est\u00e1 acometida por doen\u00e7a grave) para uso aberto (com men\u00e7\u00e3o \u00e0 [&hellip;]<\/p>\n","protected":false},"author":738,"featured_media":0,"parent":0,"menu_order":0,"comment_status":"closed","ping_status":"closed","template":"","meta":{"footnotes":""},"class_list":["post-638","page","type-page","status-publish","hentry"],"jetpack_sharing_enabled":true,"_links":{"self":[{"href":"https:\/\/wp.ufpel.edu.br\/francielefrc\/wp-json\/wp\/v2\/pages\/638","targetHints":{"allow":["GET"]}}],"collection":[{"href":"https:\/\/wp.ufpel.edu.br\/francielefrc\/wp-json\/wp\/v2\/pages"}],"about":[{"href":"https:\/\/wp.ufpel.edu.br\/francielefrc\/wp-json\/wp\/v2\/types\/page"}],"author":[{"embeddable":true,"href":"https:\/\/wp.ufpel.edu.br\/francielefrc\/wp-json\/wp\/v2\/users\/738"}],"replies":[{"embeddable":true,"href":"https:\/\/wp.ufpel.edu.br\/francielefrc\/wp-json\/wp\/v2\/comments?post=638"}],"version-history":[{"count":3,"href":"https:\/\/wp.ufpel.edu.br\/francielefrc\/wp-json\/wp\/v2\/pages\/638\/revisions"}],"predecessor-version":[{"id":645,"href":"https:\/\/wp.ufpel.edu.br\/francielefrc\/wp-json\/wp\/v2\/pages\/638\/revisions\/645"}],"wp:attachment":[{"href":"https:\/\/wp.ufpel.edu.br\/francielefrc\/wp-json\/wp\/v2\/media?parent=638"}],"curies":[{"name":"wp","href":"https:\/\/api.w.org\/{rel}","templated":true}]}}