{"id":586,"date":"2024-04-30T09:55:29","date_gmt":"2024-04-30T12:55:29","guid":{"rendered":"https:\/\/wp.ufpel.edu.br\/francielefrc\/?page_id=586"},"modified":"2026-04-01T08:28:37","modified_gmt":"2026-04-01T11:28:37","slug":"quadro-de-provaveis-orientads-tcc","status":"publish","type":"page","link":"https:\/\/wp.ufpel.edu.br\/francielefrc\/quadro-de-provaveis-orientads-tcc\/","title":{"rendered":"Quadro de prov\u00e1veis orientand@s TCC"},"content":{"rendered":"<p><span style=\"font-family: 'book antiqua', palatino, serif;\">Prezados e prezadas,<\/span><\/p>\n<p><span style=\"font-family: 'book antiqua', palatino, serif;\">Compartilho o quadro de prov\u00e1veis orientand@s de TCC, a fim de situar aos discentes da gradua\u00e7\u00e3o quanto \u00e0 disponibilidade ou n\u00e3o para orienta\u00e7\u00e3o.<\/span><\/p>\n<p>&nbsp;<\/p>\n<table style=\"border-collapse: collapse; width: 100%;\" border=\"1\">\n<tbody>\n<tr style=\"height: 24px;\">\n<td style=\"width: 10.8399%; height: 24px; text-align: center;\"><span style=\"font-family: 'book antiqua', palatino, serif;\"><strong>Semestre<\/strong><\/span><\/td>\n<td style=\"width: 51.4596%; height: 24px; text-align: center;\"><span style=\"font-family: 'book antiqua', palatino, serif;\"><strong>Prov\u00e1veis orientad@s<\/strong><\/span><\/td>\n<td style=\"width: 15.317%; height: 24px; text-align: center;\"><span style=\"font-family: 'book antiqua', palatino, serif;\"><strong>Novas vagas<\/strong><\/span><\/td>\n<\/tr>\n<tr style=\"height: 25px;\">\n<td style=\"width: 10.8399%; text-align: center; height: 25px;\"><strong><span style=\"font-family: 'book antiqua', palatino, serif;\">2026\/2<\/span><\/strong><\/td>\n<td style=\"width: 51.4596%; text-align: center; height: 25px;\"><span style=\"font-family: 'book antiqua', palatino, serif;\">Ryan Souza Wennesheimer e Mariana Reis<\/span><\/td>\n<td style=\"width: 15.317%; text-align: center; height: 25px;\"><span style=\"font-family: 'book antiqua', palatino, serif;\"><strong>N\u00e3o<\/strong><\/span><\/td>\n<\/tr>\n<tr style=\"height: 25px;\">\n<td style=\"width: 10.8399%; text-align: center; height: 25px;\"><strong><span style=\"font-family: 'book antiqua', palatino, serif;\">2027\/1<\/span><\/strong><\/td>\n<td style=\"width: 51.4596%; text-align: center; height: 25px;\"><span style=\"font-family: 'book antiqua', palatino, serif;\">Caroline Renon Guedes<\/span><\/td>\n<td style=\"width: 15.317%; text-align: center; height: 25px;\"><span style=\"font-family: 'book antiqua', palatino, serif;\"><strong>Sim<\/strong><\/span><\/td>\n<\/tr>\n<tr style=\"height: 25px;\">\n<td style=\"width: 10.8399%; text-align: center; height: 25px;\"><\/td>\n<td style=\"width: 51.4596%; text-align: center; height: 25px;\"><\/td>\n<td style=\"width: 15.317%; text-align: center; height: 25px;\"><\/td>\n<\/tr>\n<\/tbody>\n<\/table>\n<p>&nbsp;<\/p>\n","protected":false},"excerpt":{"rendered":"<p>Prezados e prezadas, Compartilho o quadro de prov\u00e1veis orientand@s de TCC, a fim de situar aos discentes da gradua\u00e7\u00e3o quanto \u00e0 disponibilidade ou n\u00e3o para orienta\u00e7\u00e3o. &nbsp; Semestre Prov\u00e1veis orientad@s Novas vagas 2026\/2 Ryan Souza Wennesheimer e Mariana Reis N\u00e3o 2027\/1 Caroline Renon Guedes Sim &nbsp;<\/p>\n","protected":false},"author":738,"featured_media":0,"parent":0,"menu_order":0,"comment_status":"closed","ping_status":"closed","template":"","meta":{"footnotes":""},"class_list":["post-586","page","type-page","status-publish","hentry"],"jetpack_sharing_enabled":true,"_links":{"self":[{"href":"https:\/\/wp.ufpel.edu.br\/francielefrc\/wp-json\/wp\/v2\/pages\/586","targetHints":{"allow":["GET"]}}],"collection":[{"href":"https:\/\/wp.ufpel.edu.br\/francielefrc\/wp-json\/wp\/v2\/pages"}],"about":[{"href":"https:\/\/wp.ufpel.edu.br\/francielefrc\/wp-json\/wp\/v2\/types\/page"}],"author":[{"embeddable":true,"href":"https:\/\/wp.ufpel.edu.br\/francielefrc\/wp-json\/wp\/v2\/users\/738"}],"replies":[{"embeddable":true,"href":"https:\/\/wp.ufpel.edu.br\/francielefrc\/wp-json\/wp\/v2\/comments?post=586"}],"version-history":[{"count":3,"href":"https:\/\/wp.ufpel.edu.br\/francielefrc\/wp-json\/wp\/v2\/pages\/586\/revisions"}],"predecessor-version":[{"id":654,"href":"https:\/\/wp.ufpel.edu.br\/francielefrc\/wp-json\/wp\/v2\/pages\/586\/revisions\/654"}],"wp:attachment":[{"href":"https:\/\/wp.ufpel.edu.br\/francielefrc\/wp-json\/wp\/v2\/media?parent=586"}],"curies":[{"name":"wp","href":"https:\/\/api.w.org\/{rel}","templated":true}]}}