{"id":48,"date":"2017-04-19T10:10:07","date_gmt":"2017-04-19T13:10:07","guid":{"rendered":"https:\/\/wp.ufpel.edu.br\/francielefrc\/?page_id=48"},"modified":"2025-10-08T08:14:53","modified_gmt":"2025-10-08T11:14:53","slug":"apresentacao","status":"publish","type":"page","link":"https:\/\/wp.ufpel.edu.br\/francielefrc\/","title":{"rendered":"Apresenta\u00e7\u00e3o"},"content":{"rendered":"<p style=\"padding-left: 30px; text-align: justify;\"><span style=\"font-family: 'book antiqua', palatino, serif;\"><img class=\"wp-image-527 alignleft\" src=\"https:\/\/wp.ufpel.edu.br\/francielefrc\/files\/2022\/05\/1652462625088-225x400.jpg\" alt=\"\" width=\"255\" height=\"453\" srcset=\"https:\/\/wp.ufpel.edu.br\/francielefrc\/files\/2022\/05\/1652462625088-225x400.jpg 225w, https:\/\/wp.ufpel.edu.br\/francielefrc\/files\/2022\/05\/1652462625088-576x1024.jpg 576w, https:\/\/wp.ufpel.edu.br\/francielefrc\/files\/2022\/05\/1652462625088-768x1365.jpg 768w, https:\/\/wp.ufpel.edu.br\/francielefrc\/files\/2022\/05\/1652462625088-864x1536.jpg 864w, https:\/\/wp.ufpel.edu.br\/francielefrc\/files\/2022\/05\/1652462625088-1152x2048.jpg 1152w, https:\/\/wp.ufpel.edu.br\/francielefrc\/files\/2022\/05\/1652462625088-scaled.jpg 1440w\" sizes=\"(max-width: 255px) 100vw, 255px\" \/>Franciele Roberta Cordeiro \u00e9 professora adjunta no Departamento de Enfermagem Hospitalar na Rede de Aten\u00e7\u00e3o em Sa\u00fade (DEHRAS) da Universidade Federal de Pelotas (UFPel). \u00c9 Bacharel em Enfermagem pela Universidade Federal de Santa Maria (2011). Entre 2012 e 2013 realizou Mestrado em Enfermagem na Universidade Federal do Rio Grande do Sul (UFRGS). Entre 2013 e 2017 realizou Doutorado em Enfermagem na UFRGS, com ingresso pela modalidade &#8220;mudan\u00e7a de n\u00edvel&#8221;. Em 2014 atuou em est\u00e1gio de curta dura\u00e7\u00e3o no<em> Centre Hospitalier Universitaire Grenoble-Alpes<\/em> (CHU Grenoble Alpes\/Fran\u00e7a). No CHU Grenoble Alpes realizou est\u00e1gio de doutorado sandu\u00edche por um ano, entre agosto de 2015 e agosto de 2016 &#8211; por meio do programa &#8220;Ci\u00eancia sem Fronteiras&#8221; (CNPq). Al\u00e9m disso, \u00e9 especialista em Cuidados Paliativos pela Universit\u00e9 de Grenoble (Fran\u00e7a) (2015\/2016). Foi Chefe do DEHRAS\/UFPel entre setembro\/2023 e setembro\/2025. Suas \u00e1reas de interesse de trabalho e pesquisa s\u00e3o: sa\u00fade do adulto, enfermagem em oncologia, enfermagem nos cuidados em final de vida e enfermagem em cuidados paliativos. \u00c9 professora permanente do Programa de P\u00f3s-Gradua\u00e7\u00e3o em Enfermagem da UFPel. Integra o N\u00facleo de Condi\u00e7\u00f5es Cr\u00f4nicas e suas Interfaces (<a href=\"https:\/\/wp.ufpel.edu.br\/nuccrin\/\">NUCCRIN- UFPel<\/a>). E-mail para contato: franciele.cordeiro@ufpel.edu.br<\/span><\/p>\n<p><span style=\"font-family: 'book antiqua', palatino, serif;\"><strong>Reconhecimento acad\u00eamico<\/strong>:<\/span><\/p>\n<p><span style=\"font-family: 'book antiqua', palatino, serif;\">&#8211; Professora Homenageada da Turma de Enfermagem 2020\/2 da Universidade Federal de Pelotas (UFPel).<\/span><\/p>\n<p><span style=\"font-family: 'book antiqua', palatino, serif;\">&#8211; Paraninfa da Turma de Enfermagem 2021\/1 da Universidade Federal de Pelotas\u00a0 (UFPel).<\/span><\/p>\n<p><span style=\"font-family: 'book antiqua', palatino, serif;\">&#8211; Patronesse da Turma de Enfermagem 2021\/2 da Universidade Federal de Pelotas\u00a0 (UFPel).<\/span><\/p>\n<p><span style=\"font-family: 'book antiqua', palatino, serif;\">&#8211; Professora Homenageada da Turma de Enfermagem 2022\/2 da Universidade Federal de Pelotas (UFPel).<\/span><\/p>\n<p><span style=\"font-family: 'book antiqua', palatino, serif;\">&#8211; Patronesse da Turma de Enfermagem 2022\/1 &#8211; formatura institucional &#8211; da Universidade Federal de Pelotas (UFPel).<\/span><\/p>\n<p><span style=\"font-family: 'book antiqua', palatino, serif;\">&#8211; Professora Homenageada da Turma de Enfermagem 2023\/1\u00a0 &#8211; formatura institucional da Universidade Federal de Pelotas (UFPel).<\/span><\/p>\n<p><span style=\"font-family: 'book antiqua', palatino, serif;\">\u2013 Professora Homenageada da Turma de Enfermagem 2023\/2\u00a0 da Universidade Federal de Pelotas (UFPel).<\/span><\/p>\n<p><span style=\"font-family: 'book antiqua', palatino, serif;\">&#8211; Professora Homenageada da Turma de Enfermagem 2024\/2\u00a0 da Universidade Federal de Pelotas (UFPel).<\/span><\/p>\n<p><span style=\"font-family: 'book antiqua', palatino, serif;\">&#8211; Patronesse da Turma de Enfermagem 2025\/1 da Universidade Federal de Pelotas\u00a0 (UFPel).<\/span><\/p>\n<p><span style=\"font-family: 'book antiqua', palatino, serif;\">&#8211; Patronesse da Turma de Enfermagem 2025\/2 da Universidade Federal de Pelotas\u00a0 (UFPel).<\/span><\/p>\n<p><span style=\"font-family: 'book antiqua', palatino, serif;\">&#8211; Paraninfa da Turma de Enfermagem 2026\/2 da Universidade Federal de Pelotas\u00a0 (UFPel).<\/span><\/p>\n<p>&nbsp;<\/p>\n<p>&nbsp;<\/p>\n<p>&nbsp;<\/p>\n<p>&nbsp;<\/p>\n<p>&nbsp;<\/p>\n<p>&nbsp;<\/p>\n<p>&nbsp;<\/p>\n","protected":false},"excerpt":{"rendered":"<p>Franciele Roberta Cordeiro \u00e9 professora adjunta no Departamento de Enfermagem Hospitalar na Rede de Aten\u00e7\u00e3o em Sa\u00fade (DEHRAS) da Universidade Federal de Pelotas (UFPel). \u00c9 Bacharel em Enfermagem pela Universidade Federal de Santa Maria (2011). Entre 2012 e 2013 realizou Mestrado em Enfermagem na Universidade Federal do Rio Grande do Sul (UFRGS). Entre 2013 e [&hellip;]<\/p>\n","protected":false},"author":738,"featured_media":53,"parent":0,"menu_order":0,"comment_status":"closed","ping_status":"closed","template":"","meta":{"footnotes":""},"class_list":["post-48","page","type-page","status-publish","has-post-thumbnail","hentry"],"jetpack_sharing_enabled":true,"_links":{"self":[{"href":"https:\/\/wp.ufpel.edu.br\/francielefrc\/wp-json\/wp\/v2\/pages\/48","targetHints":{"allow":["GET"]}}],"collection":[{"href":"https:\/\/wp.ufpel.edu.br\/francielefrc\/wp-json\/wp\/v2\/pages"}],"about":[{"href":"https:\/\/wp.ufpel.edu.br\/francielefrc\/wp-json\/wp\/v2\/types\/page"}],"author":[{"embeddable":true,"href":"https:\/\/wp.ufpel.edu.br\/francielefrc\/wp-json\/wp\/v2\/users\/738"}],"replies":[{"embeddable":true,"href":"https:\/\/wp.ufpel.edu.br\/francielefrc\/wp-json\/wp\/v2\/comments?post=48"}],"version-history":[{"count":4,"href":"https:\/\/wp.ufpel.edu.br\/francielefrc\/wp-json\/wp\/v2\/pages\/48\/revisions"}],"predecessor-version":[{"id":631,"href":"https:\/\/wp.ufpel.edu.br\/francielefrc\/wp-json\/wp\/v2\/pages\/48\/revisions\/631"}],"wp:featuredmedia":[{"embeddable":true,"href":"https:\/\/wp.ufpel.edu.br\/francielefrc\/wp-json\/wp\/v2\/media\/53"}],"wp:attachment":[{"href":"https:\/\/wp.ufpel.edu.br\/francielefrc\/wp-json\/wp\/v2\/media?parent=48"}],"curies":[{"name":"wp","href":"https:\/\/api.w.org\/{rel}","templated":true}]}}