{"id":383,"date":"2020-08-27T09:15:15","date_gmt":"2020-08-27T12:15:15","guid":{"rendered":"https:\/\/wp.ufpel.edu.br\/francielefrc\/?page_id=383"},"modified":"2025-10-03T20:50:35","modified_gmt":"2025-10-03T23:50:35","slug":"palestras","status":"publish","type":"page","link":"https:\/\/wp.ufpel.edu.br\/francielefrc\/palestras\/","title":{"rendered":"Palestras"},"content":{"rendered":"<p><span style=\"font-family: 'book antiqua', palatino, serif;\"><strong><span style=\"font-size: 14pt;\">Nesta p\u00e1gina, compartilho os materiais que utilizei em algumas palestras que ministrei.\u00a0<\/span><\/strong><\/span><\/p>\n<p>&nbsp;<\/p>\n<p><span style=\"font-family: 'book antiqua', palatino, serif;\"><a href=\"https:\/\/wp.ufpel.edu.br\/francielefrc\/files\/2020\/08\/apresentacaosanduiche.pdf\">Doutorado Sandu\u00edche no Exterior<\/a> &#8211; Apresenta\u00e7\u00e3o com os P\u00f3s-Graduandos do PPGEnf UFRGS (2016)<\/span><\/p>\n<p><span style=\"font-family: 'book antiqua', palatino, serif;\"><a href=\"https:\/\/wp.ufpel.edu.br\/francielefrc\/files\/2020\/08\/morreremcasaounohospital.pdf\">Morrer em casa ou no hospital?<\/a> &#8211; Jornada Porto-Alegrense de Cuidados Paliativos &#8220;Morte e Morrer&#8221;. Santa Casa de Porto Alegre (<em>2016)<\/em><\/span><\/p>\n<p><span style=\"font-family: 'book antiqua', palatino, serif;\"><a href=\"https:\/\/wp.ufpel.edu.br\/francielefrc\/files\/2020\/08\/assistenciaoncologiaURI.pdf\">Assist\u00eancia de enfermagem ao paciente oncol\u00f3gico<\/a> &#8211; XVI Semana Acad\u00eamica de Enfermagem- URI Campus Santiago (2016)<\/span><\/p>\n<p><span style=\"font-family: 'book antiqua', palatino, serif;\"><a href=\"https:\/\/wp.ufpel.edu.br\/francielefrc\/files\/2020\/08\/apresentacaosemanaChapeco.pdf\">Boas pr\u00e1ticas de enfermagem na terminalidade da vida: Cuidados paliativos<\/a> &#8211; Semana Brasileira de Enfermagem (Chapec\u00f3) (2017)<\/span><\/p>\n<p><span style=\"font-family: 'book antiqua', palatino, serif;\"><a href=\"https:\/\/wp.ufpel.edu.br\/francielefrc\/files\/2020\/08\/palestraeventiobioeticaSM.pdf\">Bio\u00e9tica e o cuidado com o bem-estar humano: atua\u00e7\u00e3o do enfermeiro em situa\u00e7\u00f5es de final de vida<\/a> &#8211; III Semin\u00e1rio Internacional Tecendo Redes na Enfermagem e na Sa\u00fade (Santa Maria) (2017)<\/span><\/p>\n<p><span style=\"font-family: 'book antiqua', palatino, serif;\"><a href=\"https:\/\/wp.ufpel.edu.br\/francielefrc\/files\/2020\/08\/simposioenvelhecimentounipampa.pdf\">Cuidados paliativos ao idoso<\/a> &#8211; II Simp\u00f3sio de Envelhecimento da Fronteira-Oeste (Uruguaiana) &#8211; 2017<\/span><\/p>\n<p><span style=\"font-family: 'book antiqua', palatino, serif;\"><a href=\"https:\/\/wp.ufpel.edu.br\/francielefrc\/files\/2020\/08\/apresentacaocongressomercosul.pdf\">Cuidados Paliativos: perspectivas no cen\u00e1rio franc\u00eas<\/a> &#8211; Congresso de Cuidados Paliativos do Mercosul (Pelotas) (2017)<\/span><\/p>\n<p><span style=\"font-family: 'book antiqua', palatino, serif;\"><a href=\"https:\/\/wp.ufpel.edu.br\/francielefrc\/files\/2020\/08\/APRESENTACAOgeafidiretivas.pdf\">\u00c9 poss\u00edvel planejar o final da vida<\/a> &#8211; Grupo de estudos sobre adoecimento e final de vida (Pelotas) (2017)<\/span><\/p>\n<p><span style=\"font-family: 'book antiqua', palatino, serif;\"><a href=\"https:\/\/wp.ufpel.edu.br\/francielefrc\/files\/2020\/08\/DiretivasAntecipadaseEnvelhecimento.pdf\">Diretivas antecipadas de vontade: desafios de sua aplicabilidade no contexto do envelhecimento<\/a> &#8211; 1\u00b0 Jornada Multidisciplinar de Cuidados Paliativos em Gerontologia e Geriatria (Pelotas) (2017)<\/span><\/p>\n<p><span style=\"font-family: 'book antiqua', palatino, serif;\"><a href=\"https:\/\/wp.ufpel.edu.br\/francielefrc\/files\/2020\/08\/boas-praticas-na-terminalidade-da-vida-SETREM.pdf\">Boas pr\u00e1ticas na terminalidade da vida<\/a> &#8211; Sociedade Educacional Tr\u00eas de Maio &#8211; SETREM (2018)<\/span><\/p>\n<p><span style=\"font-family: 'book antiqua', palatino, serif;\"><a href=\"https:\/\/wp.ufpel.edu.br\/francielefrc\/files\/2020\/08\/apresentacaosemanalesaoporpressao.pdf\">Cuidados com a pele no final de vida<\/a> &#8211; Semana de preven\u00e7\u00e3o de les\u00e3o por press\u00e3o (Pelotas) (2018)<\/span><\/p>\n<p><span style=\"font-family: 'book antiqua', palatino, serif;\"><a href=\"https:\/\/wp.ufpel.edu.br\/francielefrc\/files\/2020\/08\/SemanaAnhangueraRIoGrande.pdf\">Bio\u00e9tica e cuidados paliativos<\/a> &#8211; Semana de Enfermagem da Faculdade Anhanguera (Rio Grande) &#8211; 2018<\/span><\/p>\n<p><span style=\"font-family: 'book antiqua', palatino, serif;\"><a href=\"https:\/\/wp.ufpel.edu.br\/francielefrc\/files\/2020\/08\/atuacatecnicoemcuidadspaliativos.pdf\">Atua\u00e7\u00e3o do t\u00e9cnico de enfermagem em cuidados paliativos<\/a> &#8211; Semana de enfermagem da Escola Estilo (Pelotas) (2019)<\/span><\/p>\n<p><span style=\"font-family: 'book antiqua', palatino, serif;\"><a href=\"https:\/\/wp.ufpel.edu.br\/francielefrc\/files\/2020\/08\/QualityofDeath.pdf\">The 2015 Quality of Death Index Ranking palliative care across the world<\/a> &#8211; Grupo de Estudos sobre Pr\u00e1ticas de cuidado de si e dos outros (Pelotas) (2019)<\/span><\/p>\n<p><span style=\"font-family: 'book antiqua', palatino, serif;\"><a href=\"https:\/\/wp.ufpel.edu.br\/francielefrc\/files\/2020\/08\/JORNADAMEDICOCIRURGICA.pdf\">Oncologia e Cuidados Paliativos<\/a> &#8211; 1\u00b0 Jornada Cl\u00ednico-cir\u00fargica (Pelotas ) (2019)<\/span><\/p>\n<p><span style=\"font-family: 'book antiqua', palatino, serif;\"><a href=\"https:\/\/wp.ufpel.edu.br\/francielefrc\/files\/2020\/08\/formacao-do-enfermeiro-cuidados-paliativos.pdf\">Forma\u00e7\u00e3o do enfermeiro e cuidados paliativos<\/a> &#8211; Universidade Luterana do Brasil &#8211; Campus Cachoeira do Sul (2020)<\/span><\/p>\n<p><span style=\"font-family: 'book antiqua', palatino, serif;\"><a href=\"https:\/\/wp.ufpel.edu.br\/francielefrc\/files\/2022\/05\/Atuacao-da-equipe-de-enfermagem-em-cuidados-paliativos-e-cuidados-em-fim-de-vida.pdf\">Atua\u00e7\u00e3o da equipe de enfermagem em cuidados paliativos e no final da vida<\/a> &#8211; Semana Acad\u00eamica de Enfermagem da UFPel (2022)<\/span><\/p>\n<p><span style=\"font-family: 'book antiqua', palatino, serif;\"><a href=\"https:\/\/wp.ufpel.edu.br\/francielefrc\/files\/2022\/10\/minicursopraticasavancadasenfermagemcp.pdf\">Pr\u00e1ticas avan\u00e7adas de enfermagem em cuidados paliativos e no final da vida<\/a> &#8211; V Congresso de Cuidados Paliativos do Mercosul (2022)<\/span><\/p>\n<p><span style=\"font-family: 'book antiqua', palatino, serif;\"><a href=\"https:\/\/wp.ufpel.edu.br\/francielefrc\/files\/2024\/10\/Dor-totalabordagempraticaclinica-1.pdf\">Dor total: elementos para a abordagem na pr\u00e1tica cl\u00ednica<\/a> &#8211; VI Congresso de Cuidados Paliativos do Mercosul (2024)<\/span><\/p>\n<p><span style=\"font-family: 'book antiqua', palatino, serif;\"><a href=\"https:\/\/wp.ufpel.edu.br\/francielefrc\/files\/2024\/10\/Cuidados-de-enfermagem-na-finitude-da-vida.pdf\">Cuidados de enfermagem na finitude da vida<\/a> &#8211; VI Congresso de Cuidados Paliativos do Mercosul (2024)<\/span><\/p>\n<p><a href=\"https:\/\/www.canva.com\/design\/DAGmrPsTbeU\/X8sojS4hkRodA-N_s9weXw\/view?utm_content=DAGmrPsTbeU&amp;utm_campaign=designshare&amp;utm_medium=link2&amp;utm_source=uniquelinks&amp;utlId=h3b3ada7a44\"><span style=\"font-family: 'book antiqua', palatino, serif;\">Final de vida e o luto do(a) enfermeiro(a)<\/span><\/a> <span style=\"font-family: 'book antiqua', palatino, serif;\">&#8211;\u00a0 XXI Semana de Enfermagem da Faculdade de Enfermagem da UFPel (2025)<\/span><\/p>\n<p><span style=\"font-family: 'book antiqua', palatino, serif;\"><a href=\"https:\/\/wp.ufpel.edu.br\/francielefrc\/files\/2025\/10\/Diretivas-Antecipadas-de-Vontade.pdf\">Diretivas Antecipadas de Vontade<\/a> &#8211; II Jornada de Cuidados Paliativos (LACPAT) (2025)<\/span><\/p>\n<p>&nbsp;<\/p>\n<p>&nbsp;<\/p>\n<p>&nbsp;<\/p>\n<p>&nbsp;<\/p>\n","protected":false},"excerpt":{"rendered":"<p>Nesta p\u00e1gina, compartilho os materiais que utilizei em algumas palestras que ministrei.\u00a0 &nbsp; Doutorado Sandu\u00edche no Exterior &#8211; Apresenta\u00e7\u00e3o com os P\u00f3s-Graduandos do PPGEnf UFRGS (2016) Morrer em casa ou no hospital? &#8211; Jornada Porto-Alegrense de Cuidados Paliativos &#8220;Morte e Morrer&#8221;. Santa Casa de Porto Alegre (2016) Assist\u00eancia de enfermagem ao paciente oncol\u00f3gico &#8211; XVI [&hellip;]<\/p>\n","protected":false},"author":738,"featured_media":0,"parent":0,"menu_order":0,"comment_status":"closed","ping_status":"closed","template":"","meta":{"footnotes":""},"class_list":["post-383","page","type-page","status-publish","hentry"],"jetpack_sharing_enabled":true,"_links":{"self":[{"href":"https:\/\/wp.ufpel.edu.br\/francielefrc\/wp-json\/wp\/v2\/pages\/383","targetHints":{"allow":["GET"]}}],"collection":[{"href":"https:\/\/wp.ufpel.edu.br\/francielefrc\/wp-json\/wp\/v2\/pages"}],"about":[{"href":"https:\/\/wp.ufpel.edu.br\/francielefrc\/wp-json\/wp\/v2\/types\/page"}],"author":[{"embeddable":true,"href":"https:\/\/wp.ufpel.edu.br\/francielefrc\/wp-json\/wp\/v2\/users\/738"}],"replies":[{"embeddable":true,"href":"https:\/\/wp.ufpel.edu.br\/francielefrc\/wp-json\/wp\/v2\/comments?post=383"}],"version-history":[{"count":3,"href":"https:\/\/wp.ufpel.edu.br\/francielefrc\/wp-json\/wp\/v2\/pages\/383\/revisions"}],"predecessor-version":[{"id":630,"href":"https:\/\/wp.ufpel.edu.br\/francielefrc\/wp-json\/wp\/v2\/pages\/383\/revisions\/630"}],"wp:attachment":[{"href":"https:\/\/wp.ufpel.edu.br\/francielefrc\/wp-json\/wp\/v2\/media?parent=383"}],"curies":[{"name":"wp","href":"https:\/\/api.w.org\/{rel}","templated":true}]}}