{"id":232,"date":"2020-04-02T10:54:31","date_gmt":"2020-04-02T13:54:31","guid":{"rendered":"https:\/\/wp.ufpel.edu.br\/francielefrc\/?page_id=232"},"modified":"2024-04-18T15:01:16","modified_gmt":"2024-04-18T18:01:16","slug":"acoes-cuidados-paliativos-e-covid-19","status":"publish","type":"page","link":"https:\/\/wp.ufpel.edu.br\/francielefrc\/acoes-cuidados-paliativos-e-covid-19\/","title":{"rendered":"A\u00e7\u00f5es Cuidados Paliativos e COVID-19"},"content":{"rendered":"<p><span style=\"font-family: 'book antiqua', palatino, serif;\">Nesta p\u00e1gina ser\u00e3o postados os documentos (folhetos educativos) sobre recomenda\u00e7\u00f5es direcionadas \u00e0s situa\u00e7\u00f5es de cuidados paliativos e COVID-19. A proposta que norteia as a\u00e7\u00f5es pode ser consultada clicando <a href=\"https:\/\/wp.ufpel.edu.br\/francielefrc\/files\/2020\/04\/PROPOSTADETRABALHO.pdf\">aqui<\/a>.<\/span><\/p>\n<p><span style=\"font-family: 'book antiqua', palatino, serif;\"><strong>Equipe<\/strong>: Prof<sup>a<\/sup> . Dr<sup>a<\/sup> . Franciele Roberta Cordeiro (coordena\u00e7\u00e3o), Enf. Jeferson Moreira Silveira, Enfa . Carina Rabelo Moscoso, Ac. Enf. Juliana Zeppini Giudice, Ac. Enf. Nataniele Kmentt da Silva, Ac. Enf. Rayssa dos Santos Marques, Ac. Enf. Monike Cruz Martins, Ac. Enf. Kaliana Oliveira da Silva, Enfa . Ana Cristina Fraga da Fonseca\u00a0 e Md. Vanessa Pellegrini Fernandes<\/span><\/p>\n<p><span style=\"font-family: 'book antiqua', palatino, serif;\"><strong>Folhetos Educativos<\/strong><\/span><\/p>\n<p><span style=\"font-family: 'book antiqua', palatino, serif;\"><a href=\"https:\/\/wp.ufpel.edu.br\/francielefrc\/files\/2020\/04\/abordagem-ao-luto.pdf\">Cuidados paliativos e COVID-19: abordagem ao luto<\/a><\/span><\/p>\n<p><span style=\"font-family: 'book antiqua', palatino, serif;\"><a href=\"https:\/\/wp.ufpel.edu.br\/francielefrc\/files\/2020\/04\/visita-domiciliar-1.pdf\">Cuidados paliativos e COVID-19: atendimento domiciliar<\/a><\/span><\/p>\n<p><span style=\"font-family: 'book antiqua', palatino, serif;\"><a href=\"https:\/\/wp.ufpel.edu.br\/francielefrc\/files\/2020\/04\/comunicacao-de-mas-noticias.pdf\">Cuidados paliativos e COVID-19: comunica\u00e7\u00e3o com o paciente<\/a><\/span><\/p>\n<p><span style=\"font-family: 'book antiqua', palatino, serif;\"><a href=\"https:\/\/wp.ufpel.edu.br\/francielefrc\/files\/2020\/04\/C\u00f3pia-de-cuidados-com-o-corpo-apos-o-obito.pdf\">Cuidados paliativos e COVID-19: cuidados com o corpo ap\u00f3s o \u00f3bito<\/a><\/span><\/p>\n<p><span style=\"font-family: 'book antiqua', palatino, serif;\"><a href=\"https:\/\/wp.ufpel.edu.br\/francielefrc\/files\/2020\/04\/Orienta\u00e7\u00f5es-sobre-vel\u00f3rios.pdf\">Cuidados paliativos e COVID-19: orienta\u00e7\u00f5es sobre vel\u00f3rio e funerais<\/a><\/span><\/p>\n<p><span style=\"font-family: 'book antiqua', palatino, serif;\"><a href=\"https:\/\/wp.ufpel.edu.br\/francielefrc\/files\/2020\/04\/C\u00f3pia-de-Atendimento-Hospitalar-em-Cuidados-Paliativos.pdf\">Cuidados paliativos e COVID-19: atendimento hospitalar<\/a><\/span><\/p>\n<p><span style=\"font-family: 'book antiqua', palatino, serif;\"><a href=\"https:\/\/wp.ufpel.edu.br\/francielefrc\/files\/2020\/04\/Quest\u00f5es-\u00e9ticas.pdf\">Cuidados paliativos e COVID-19: quest\u00f5es \u00e9ticas<\/a><\/span><\/p>\n<p><span style=\"font-family: 'book antiqua', palatino, serif;\"><a href=\"https:\/\/wp.ufpel.edu.br\/francielefrc\/files\/2020\/04\/comunica\u00e7\u00e3o-familiares.pdf\">Cuidados paliativos e COVID-19: comunica\u00e7\u00e3o com familiares<\/a><\/span><\/p>\n<p><span style=\"font-family: 'book antiqua', palatino, serif;\"><a href=\"https:\/\/wp.ufpel.edu.br\/francielefrc\/files\/2020\/04\/ressucitacao-cardiopulmonar-1.pdf\">Cuidados paliativos e COVID-19: reanima\u00e7\u00e3o cardiopulmonar<\/a><\/span><\/p>\n<p><span style=\"font-family: 'book antiqua', palatino, serif;\"><a href=\"https:\/\/wp.ufpel.edu.br\/francielefrc\/files\/2020\/04\/Manejo-de-sintomas-1.pdf\">Cuidados paliativos e COVID-19: controle de sintomas 1<\/a><\/span><\/p>\n<p><span style=\"font-family: 'book antiqua', palatino, serif;\"><a href=\"https:\/\/wp.ufpel.edu.br\/francielefrc\/files\/2020\/04\/Controle-dispneia-e-falta-de-ar.pdf\">Cuidados paliativos e COVID-19: controle da dispneia e da falta de ar<\/a><\/span><\/p>\n<p><span style=\"font-family: 'book antiqua', palatino, serif;\"><a href=\"https:\/\/wp.ufpel.edu.br\/francielefrc\/files\/2020\/04\/CONTROLE-DA-DOR-.pdf\">Cuidados paliativos e COVID-19: controle da dor cr\u00f4nica<\/a><\/span><\/p>\n<p><span style=\"font-family: 'book antiqua', palatino, serif;\"><a href=\"https:\/\/wp.ufpel.edu.br\/francielefrc\/files\/2020\/04\/Interven\u00e7\u00f5es-psicossociais-e-espiritualidade.pdf\">Cuidados paliativos e COVID-19: interven\u00e7\u00f5es psicossociais e espiritualidade<\/a><\/span><\/p>\n<p><span style=\"font-family: 'book antiqua', palatino, serif;\"><a href=\"https:\/\/wp.ufpel.edu.br\/francielefrc\/files\/2020\/04\/hipoderm\u00f3clise.pdf\">Cuidados paliativos e COVID-19: hipoderm\u00f3clise<\/a><\/span><\/p>\n<p><span style=\"font-family: 'book antiqua', palatino, serif;\">Ferramentas para facilitar comunica\u00e7\u00e3o com os pacientes hospitalizados (vers\u00e3o em pdf para impress\u00e3o: clique <a href=\"https:\/\/wp.ufpel.edu.br\/francielefrc\/files\/2020\/04\/Sintomas4.pdf\">aqui<\/a>)<\/span><\/p>\n<p><span style=\"font-family: 'book antiqua', palatino, serif;\"><strong>Ferramenta 1<\/strong><\/span><\/p>\n<p><span style=\"font-family: 'book antiqua', palatino, serif;\"><img class=\"alignnone size-medium wp-image-259\" src=\"https:\/\/wp.ufpel.edu.br\/francielefrc\/files\/2020\/04\/comunica2-283x400.jpg\" alt=\"ferramenta 1\" width=\"283\" height=\"400\" srcset=\"https:\/\/wp.ufpel.edu.br\/francielefrc\/files\/2020\/04\/comunica2-283x400.jpg 283w, https:\/\/wp.ufpel.edu.br\/francielefrc\/files\/2020\/04\/comunica2-724x1024.jpg 724w, https:\/\/wp.ufpel.edu.br\/francielefrc\/files\/2020\/04\/comunica2-768x1086.jpg 768w, https:\/\/wp.ufpel.edu.br\/francielefrc\/files\/2020\/04\/comunica2-1086x1536.jpg 1086w, https:\/\/wp.ufpel.edu.br\/francielefrc\/files\/2020\/04\/comunica2.jpg 1241w\" sizes=\"(max-width: 283px) 100vw, 283px\" \/><\/span><\/p>\n<p><span style=\"font-family: 'book antiqua', palatino, serif;\"><strong>Ferramenta 2<\/strong><\/span><\/p>\n<p><span style=\"font-family: 'book antiqua', palatino, serif;\"><img class=\"alignnone size-medium wp-image-260\" src=\"https:\/\/wp.ufpel.edu.br\/francielefrc\/files\/2020\/04\/comunica1-283x400.jpg\" alt=\"ferramenta 2\" width=\"283\" height=\"400\" srcset=\"https:\/\/wp.ufpel.edu.br\/francielefrc\/files\/2020\/04\/comunica1-283x400.jpg 283w, https:\/\/wp.ufpel.edu.br\/francielefrc\/files\/2020\/04\/comunica1-724x1024.jpg 724w, https:\/\/wp.ufpel.edu.br\/francielefrc\/files\/2020\/04\/comunica1-768x1086.jpg 768w, https:\/\/wp.ufpel.edu.br\/francielefrc\/files\/2020\/04\/comunica1-1086x1536.jpg 1086w, https:\/\/wp.ufpel.edu.br\/francielefrc\/files\/2020\/04\/comunica1.jpg 1241w\" sizes=\"(max-width: 283px) 100vw, 283px\" \/><\/span><\/p>\n<p>&nbsp;<\/p>\n<p><span style=\"font-family: 'book antiqua', palatino, serif;\"><strong>Ferramenta 3<\/strong><\/span><\/p>\n<p><span style=\"font-family: 'book antiqua', palatino, serif;\"><img class=\"alignnone size-medium wp-image-261\" src=\"https:\/\/wp.ufpel.edu.br\/francielefrc\/files\/2020\/04\/comunica3-283x400.jpg\" alt=\"ferramenta 3\" width=\"283\" height=\"400\" srcset=\"https:\/\/wp.ufpel.edu.br\/francielefrc\/files\/2020\/04\/comunica3-283x400.jpg 283w, https:\/\/wp.ufpel.edu.br\/francielefrc\/files\/2020\/04\/comunica3-724x1024.jpg 724w, https:\/\/wp.ufpel.edu.br\/francielefrc\/files\/2020\/04\/comunica3-768x1086.jpg 768w, https:\/\/wp.ufpel.edu.br\/francielefrc\/files\/2020\/04\/comunica3-1086x1536.jpg 1086w, https:\/\/wp.ufpel.edu.br\/francielefrc\/files\/2020\/04\/comunica3.jpg 1241w\" sizes=\"(max-width: 283px) 100vw, 283px\" \/><\/span><\/p>\n<p><span style=\"font-family: 'book antiqua', palatino, serif;\"><strong>Sites e documentos oficiais para acesso<\/strong><\/span><\/p>\n<p class=\"mt-5\"><span style=\"font-family: 'book antiqua', palatino, serif;\">Resources relevant to Palliative Care and COVID-19 (Site da<em> International Association for Hospice and Palliative Care &#8211; IAHPC<\/em>): http:\/\/globalpalliativecare.org\/covid-19\/<\/span><\/p>\n<p><span style=\"font-family: 'book antiqua', palatino, serif;\">Site da Sociedade Italiana de Cuidados Paliativos: https:\/\/www.sicp.it\/aggiornamento\/linee-guida-bp-procedures\/<\/span><\/p>\n<p><span style=\"font-family: 'book antiqua', palatino, serif;\">Site da Sociedade Francesa de Cuidados Paliativos (disp\u00f5e ferramentas para auxiliar os profissionais de sa\u00fade):\u00a0 http:\/\/www.sfap.org\/actualite\/outils-et-ressources-soins-palliatifs-et-covid-19<\/span><\/p>\n<p><span style=\"font-family: 'book antiqua', palatino, serif;\"><a href=\"https:\/\/wp.ufpel.edu.br\/francielefrc\/files\/2020\/04\/Orientac\u0327a\u0303o-sobre-atendimentos-em-Cuidados-Paliativos-22032020.pdf\">Posicionamento da Academia Nacional de Cuidados Paliativos para atua\u00e7\u00e3o em situa\u00e7\u00e3o de COVID-19<\/a><\/span><\/p>\n<p>&nbsp;<\/p>\n<p><span style=\"font-family: 'book antiqua', palatino, serif;\"><strong>Documentos sobre controle de sintomas no final de vida junto a pacientes com COVID-19<\/strong><\/span><\/p>\n<ul>\n<li><span style=\"font-family: 'book antiqua', palatino, serif;\">Manejando a <strong>falta de ar<\/strong> em COVID-19 (<em>Cicely Saunders Institute, King\u2019s College London<\/em>): CLIQUE <a href=\"https:\/\/wp.ufpel.edu.br\/francielefrc\/files\/2020\/04\/Managing_breathlessness_in_coronavirus2_Cicely_Saunders_Institute_guidance.pdf\">AQUI<\/a><\/span><\/li>\n<\/ul>\n<p>&nbsp;<\/p>\n<ul>\n<li><span style=\"font-family: 'book antiqua', palatino, serif;\"><strong>Cuidados no final da vida<\/strong> no servi\u00e7o de emerg\u00eancia ao paciente em morte iminente por infec\u00e7\u00e3o respirat\u00f3ria aguda altamente transmiss\u00edvel (Comit\u00ea de Cuidados Paliativos da Associa\u00e7\u00e3o Canadense de M\u00e9dicos de Emerg\u00eancia): https:\/\/caep.ca\/wp-content\/uploads\/2020\/03\/EOL-in-COVID19-v5.pdf<\/span><\/li>\n<\/ul>\n<p>&nbsp;<\/p>\n<ul>\n<li><span style=\"font-family: 'book antiqua', palatino, serif;\">Recomenda\u00e7\u00f5es para<strong> o tratamento de pacientes com COVID-19 em cuidados paliativos<\/strong> (Sociedade Alem\u00e3 de Medicina Paliativa): https:\/\/www.dgpalliativmedizin.de\/images\/DGP_Handlungsempfehlung_palliative_Therapie_bei_COVID18_V2.0_English_version.pdf<\/span><\/li>\n<\/ul>\n<p>&nbsp;<\/p>\n<ul>\n<li><span style=\"font-family: 'book antiqua', palatino, serif;\">Recomenda\u00e7\u00f5es para a aten\u00e7\u00e3o aos <strong>pacientes graves nos \u00faltimos dias de vida na crise de COVID-19<\/strong> (Instituto Pallium &#8211; Argentina):\u00a0 clique <a href=\"https:\/\/wp.ufpel.edu.br\/francielefrc\/files\/2020\/04\/Pallium_-Lanari_Udaondo-RECOMENDACIONES-PARA-PACIENTES-GRAVES-o-\u00daLTIMOS-D\u00cdAS-DE-VIDA-COVID-19-26-03-2020-R.pdf\">aqui<\/a>.<\/span><\/li>\n<\/ul>\n<p>&nbsp;<\/p>\n<ul>\n<li><span style=\"font-family: 'book antiqua', palatino, serif;\">E-book Palliative Care Guidelines for COVID-19 (Pallium \u00cdndia): clique <a href=\"https:\/\/wp.ufpel.edu.br\/francielefrc\/files\/2020\/04\/e-book-Palliative-Care-Guidelines-for-COVID19-ver1.pdf\">aqui<\/a>.<\/span><\/li>\n<\/ul>\n<p>&nbsp;<\/p>\n<ul>\n<li><span style=\"font-family: 'book antiqua', palatino, serif;\">Orienta\u00e7\u00f5es da Sociedade Brasileira de Geriatria e Gerontologia sobre <strong>hipoderm\u00f3clise<\/strong>: https:\/\/sbgg.org.br\/wp-content\/uploads\/2014\/11\/SBGG_guia-subcutanea_2aedicao.pdf<\/span><\/li>\n<\/ul>\n<p>&nbsp;<\/p>\n<ul>\n<li><span style=\"font-family: 'book antiqua', palatino, serif;\">Uso da via subcut\u00e2nea em pediatria. Documento elaborado pela ANCP: https:\/\/paliativo.org.br\/wp-content\/uploads\/2019\/11\/Manual-de-Hipoderm%C3%B3clise-em-Pediatria_FINAL.pdf<\/span><\/li>\n<\/ul>\n","protected":false},"excerpt":{"rendered":"<p>Nesta p\u00e1gina ser\u00e3o postados os documentos (folhetos educativos) sobre recomenda\u00e7\u00f5es direcionadas \u00e0s situa\u00e7\u00f5es de cuidados paliativos e COVID-19. A proposta que norteia as a\u00e7\u00f5es pode ser consultada clicando aqui. Equipe: Profa . Dra . Franciele Roberta Cordeiro (coordena\u00e7\u00e3o), Enf. Jeferson Moreira Silveira, Enfa . Carina Rabelo Moscoso, Ac. Enf. Juliana Zeppini Giudice, Ac. Enf. Nataniele [&hellip;]<\/p>\n","protected":false},"author":738,"featured_media":0,"parent":0,"menu_order":0,"comment_status":"closed","ping_status":"closed","template":"","meta":{"footnotes":""},"class_list":["post-232","page","type-page","status-publish","hentry"],"jetpack_sharing_enabled":true,"_links":{"self":[{"href":"https:\/\/wp.ufpel.edu.br\/francielefrc\/wp-json\/wp\/v2\/pages\/232","targetHints":{"allow":["GET"]}}],"collection":[{"href":"https:\/\/wp.ufpel.edu.br\/francielefrc\/wp-json\/wp\/v2\/pages"}],"about":[{"href":"https:\/\/wp.ufpel.edu.br\/francielefrc\/wp-json\/wp\/v2\/types\/page"}],"author":[{"embeddable":true,"href":"https:\/\/wp.ufpel.edu.br\/francielefrc\/wp-json\/wp\/v2\/users\/738"}],"replies":[{"embeddable":true,"href":"https:\/\/wp.ufpel.edu.br\/francielefrc\/wp-json\/wp\/v2\/comments?post=232"}],"version-history":[{"count":29,"href":"https:\/\/wp.ufpel.edu.br\/francielefrc\/wp-json\/wp\/v2\/pages\/232\/revisions"}],"predecessor-version":[{"id":573,"href":"https:\/\/wp.ufpel.edu.br\/francielefrc\/wp-json\/wp\/v2\/pages\/232\/revisions\/573"}],"wp:attachment":[{"href":"https:\/\/wp.ufpel.edu.br\/francielefrc\/wp-json\/wp\/v2\/media?parent=232"}],"curies":[{"name":"wp","href":"https:\/\/api.w.org\/{rel}","templated":true}]}}